{"id":657,"date":"2025-12-11T12:15:20","date_gmt":"2025-12-11T12:15:20","guid":{"rendered":"https:\/\/yllbox.ch\/geschenkboxen\/"},"modified":"2026-03-10T14:12:41","modified_gmt":"2026-03-10T14:12:41","slug":"geschenkboxen","status":"publish","type":"page","link":"http:\/\/yllbox.ch\/de\/geschenkboxen\/","title":{"rendered":"Geschenkboxen"},"content":{"rendered":"\n\t<div id=\"gap-896922884\" class=\"gap-element clearfix\" style=\"display:block; height:auto;\">\n\t\t\n<style>\n#gap-896922884 {\n  padding-top: 60px;\n}\n<\/style>\n\t<\/div>\n\t\n\n<div class=\"row\"  id=\"row-1451525573\">\n\n\n\t<div id=\"col-852815421\" class=\"col small-12 large-12\"  >\n\t\t\t\t<div class=\"col-inner\"  >\n\t\t\t\n\t\t\t\n\n\t<div id=\"text-439028634\" class=\"text\">\n\t\t\n\n<h1>Alle unsere personalisierten Geschenkboxen<\/h1>\n<h4>Entdecken Sie die Welt von YllBox mit unseren personalisierten Geschenkboxen.<br>Sorgf\u00e4ltig konzipierte Boxen, die eine einzigartige Aufmerksamkeit bieten, heute zur Geburt und bald f\u00fcr alle Anl\u00e4sse des Lebens.<\/h4>\n\t\t\n<style>\n#text-439028634 {\n  color: rgb(0,0,0);\n}\n#text-439028634 > * {\n  color: rgb(0,0,0);\n}\n<\/style>\n\t<\/div>\n\t\n\n\t<section class=\"section dark\" id=\"section_1699859810\">\n\t\t<div class=\"section-bg fill\" >\n\t\t\t<img loading=\"lazy\" decoding=\"async\" width=\"1536\" height=\"1024\" src=\"http:\/\/yllbox.ch\/wp-content\/uploads\/2025\/12\/coffrets_naissance.png\" class=\"bg attachment- size-\" alt=\"\" \/>\t\t\t\t\t\t<div class=\"section-bg-overlay absolute fill\"><\/div>\n\t\t\t\n\n\t\t<\/div>\n\n\t\t\n\n\t\t<div class=\"section-content relative\">\n\t\t\t\n\n\t<div id=\"gap-300718714\" class=\"gap-element clearfix\" style=\"display:block; height:auto;\">\n\t\t\n<style>\n#gap-300718714 {\n  padding-top: 40px;\n}\n<\/style>\n\t<\/div>\n\t\n\n<div class=\"row align-center\"  id=\"row-966371610\">\n\n\n\t<div id=\"col-1842996440\" class=\"col medium-9 small-12 large-7\"  >\n\t\t\t\t<div class=\"col-inner text-center\"  >\n\t\t\t\n\t\t\t\n\n\t<div id=\"text-3089866037\" class=\"text\">\n\t\t\n\n<h3>Baby  Geburt<\/h3>\n\t\t\n<style>\n#text-3089866037 {\n  font-size: 2rem;\n  line-height: 1;\n}\n<\/style>\n\t<\/div>\n\t\n<a href=\"https:\/\/yllbox.ch\/de\/geburtsgeschenkboxen\/\" class=\"button white is-outline\" >\n\t\t<span>Ansehen<\/span>\n\t<\/a>\n\n\n\n\t\t<\/div>\n\t\t\t\t\t<\/div>\n\n\t\n\n<\/div>\n\n\t\t<\/div>\n\n\t\t\n<style>\n#section_1699859810 {\n  padding-top: 0px;\n  padding-bottom: 0px;\n  min-height: 200px;\n}\n#section_1699859810 .section-bg-overlay {\n  background-color: rgba(0, 0, 0, 0.2);\n}\n#section_1699859810 .section-bg img {\n  object-position: 65% 68%;\n}\n@media (min-width:550px) {\n  #section_1699859810 {\n    min-height: 300px;\n  }\n}\n<\/style>\n\t<\/section>\n\t\n<h2> <\/h2>\n<h3><em>YllBox entwickelt schrittweise neue personalisierte Geschenkboxen f\u00fcr alle Anl\u00e4sse.<\/em><\/h3>\n\t<div id=\"gap-1296698608\" class=\"gap-element clearfix\" style=\"display:block; height:auto;\">\n\t\t\n<style>\n#gap-1296698608 {\n  padding-top: 10px;\n}\n<\/style>\n\t<\/div>\n\t\n\n\n\t<section class=\"section dark\" id=\"section_370926665\">\n\t\t<div class=\"section-bg fill\" >\n\t\t\t<img loading=\"lazy\" decoding=\"async\" width=\"1536\" height=\"1024\" src=\"http:\/\/yllbox.ch\/wp-content\/uploads\/2026\/01\/coffret_femme-2-1.png\" class=\"bg attachment- size-\" alt=\"\" \/>\t\t\t\t\t\t\n\t\t\t\n\n\t\t<\/div>\n\n\t\t\n\n\t\t<div class=\"section-content relative\">\n\t\t\t\n\n\t<div id=\"gap-481427785\" class=\"gap-element clearfix\" style=\"display:block; height:auto;\">\n\t\t\n<style>\n#gap-481427785 {\n  padding-top: 40px;\n}\n<\/style>\n\t<\/div>\n\t\n\n<div class=\"row align-center\"  id=\"row-1217864884\">\n\n\n\t<div id=\"col-1006649174\" class=\"col medium-9 small-12 large-7\"  >\n\t\t\t\t<div class=\"col-inner text-center\"  >\n\t\t\t\n\t\t\t\n\n\t<div id=\"text-3287516657\" class=\"text\">\n\t\t\n\n<h3>F\u00fcr Sie<\/h3>\n\t\t\n<style>\n#text-3287516657 {\n  font-size: 2rem;\n  line-height: 1;\n}\n<\/style>\n\t<\/div>\n\t\n<a class=\"button white is-outline\" >\n\t\t<span>Demn\u00e4chst<\/span>\n\t<\/a>\n\n\n\n\t\t<\/div>\n\t\t\t\t\t<\/div>\n\n\t\n\n<\/div>\n\n\t\t<\/div>\n\n\t\t\n<style>\n#section_370926665 {\n  padding-top: 0px;\n  padding-bottom: 0px;\n  min-height: 200px;\n}\n#section_370926665 .section-bg img {\n  object-position: 59% 87%;\n}\n@media (min-width:550px) {\n  #section_370926665 {\n    min-height: 300px;\n  }\n}\n<\/style>\n\t<\/section>\n\t\n\t<div id=\"gap-1904592227\" class=\"gap-element clearfix\" style=\"display:block; height:auto;\">\n\t\t\n<style>\n#gap-1904592227 {\n  padding-top: 10px;\n}\n<\/style>\n\t<\/div>\n\t\n\n\n\t<section class=\"section dark\" id=\"section_325133576\">\n\t\t<div class=\"section-bg fill\" >\n\t\t\t<img loading=\"lazy\" decoding=\"async\" width=\"1536\" height=\"1024\" src=\"http:\/\/yllbox.ch\/wp-content\/uploads\/2026\/01\/Coffret_homme_grise.png\" class=\"bg attachment- size-\" alt=\"\" \/>\t\t\t\t\t\t\n\t\t\t\n\n\t\t<\/div>\n\n\t\t\n\n\t\t<div class=\"section-content relative\">\n\t\t\t\n\n\t<div id=\"gap-2085361098\" class=\"gap-element clearfix\" style=\"display:block; height:auto;\">\n\t\t\n<style>\n#gap-2085361098 {\n  padding-top: 40px;\n}\n<\/style>\n\t<\/div>\n\t\n\n<div class=\"row align-center\"  id=\"row-1387611692\">\n\n\n\t<div id=\"col-1386914296\" class=\"col medium-9 small-12 large-7\"  >\n\t\t\t\t<div class=\"col-inner text-center\"  >\n\t\t\t\n\t\t\t\n\n\t<div id=\"text-3387042978\" class=\"text\">\n\t\t\n\n<h3>F\u00fcr Ihn<\/h3>\n\t\t\n<style>\n#text-3387042978 {\n  font-size: 2rem;\n  line-height: 1;\n}\n<\/style>\n\t<\/div>\n\t\n<a class=\"button white is-outline\" >\n\t\t<span>Demn\u00e4chst<\/span>\n\t<\/a>\n\n\n\n\t\t<\/div>\n\t\t\t\t\t<\/div>\n\n\t\n\n<\/div>\n\n\t\t<\/div>\n\n\t\t\n<style>\n#section_325133576 {\n  padding-top: 0px;\n  padding-bottom: 0px;\n  min-height: 200px;\n}\n#section_325133576 .section-bg img {\n  object-position: 55% 70%;\n}\n@media (min-width:550px) {\n  #section_325133576 {\n    min-height: 300px;\n  }\n}\n<\/style>\n\t<\/section>\n\t\n\t<div id=\"gap-424188740\" class=\"gap-element clearfix\" style=\"display:block; height:auto;\">\n\t\t\n<style>\n#gap-424188740 {\n  padding-top: 10px;\n}\n<\/style>\n\t<\/div>\n\t\n\n\n\t<section class=\"section dark\" id=\"section_1520747132\">\n\t\t<div class=\"section-bg fill\" >\n\t\t\t<img loading=\"lazy\" decoding=\"async\" width=\"1536\" height=\"1024\" src=\"http:\/\/yllbox.ch\/wp-content\/uploads\/2026\/01\/Ellelui_grise.png\" class=\"bg attachment- size-\" alt=\"\" \/>\t\t\t\t\t\t\n\t\t\t\n\n\t\t<\/div>\n\n\t\t\n\n\t\t<div class=\"section-content relative\">\n\t\t\t\n\n\t<div id=\"gap-1976246024\" class=\"gap-element clearfix\" style=\"display:block; height:auto;\">\n\t\t\n<style>\n#gap-1976246024 {\n  padding-top: 40px;\n}\n<\/style>\n\t<\/div>\n\t\n\n<div class=\"row align-center\"  id=\"row-1078356594\">\n\n\n\t<div id=\"col-1550537017\" class=\"col medium-9 small-12 large-7\"  >\n\t\t\t\t<div class=\"col-inner text-center\"  >\n\t\t\t\n\t\t\t\n\n\t<div id=\"text-1518654793\" class=\"text\">\n\t\t\n\n<h3>F\u00fcr Sie  Ihn<\/h3>\n\t\t\n<style>\n#text-1518654793 {\n  font-size: 2rem;\n  line-height: 1;\n}\n<\/style>\n\t<\/div>\n\t\n<a class=\"button white is-outline\" >\n\t\t<span>Demn\u00e4chst<\/span>\n\t<\/a>\n\n\n\n\t\t<\/div>\n\t\t\t\t\t<\/div>\n\n\t\n\n<\/div>\n\n\t\t<\/div>\n\n\t\t\n<style>\n#section_1520747132 {\n  padding-top: 0px;\n  padding-bottom: 0px;\n  min-height: 200px;\n}\n#section_1520747132 .section-bg img {\n  object-position: 55% 50%;\n}\n@media (min-width:550px) {\n  #section_1520747132 {\n    min-height: 300px;\n  }\n}\n<\/style>\n\t<\/section>\n\t\n\t<div id=\"gap-1365715106\" class=\"gap-element clearfix\" style=\"display:block; height:auto;\">\n\t\t\n<style>\n#gap-1365715106 {\n  padding-top: 30px;\n}\n<\/style>\n\t<\/div>\n\t\n\n<h4><em>YllBox entwickelt eine Auswahl an personalisierten Geschenksets, die auf die verschiedenen Phasen des Lebens und die Momente, die z\u00e4hlen, abgestimmt sind.<\/em><br data-start=\"416\" data-end=\"419\"><em>Die Marke ist derzeit auf Baby- und Geburtssets spezialisiert und wird ihr Angebot nach und nach um Geschenksets f\u00fcr Frauen, M\u00e4nner und Paare sowie f\u00fcr besondere Anl\u00e4sse wie den Valentinstag, Ostern oder Weihnachten erweitern.<\/em><br data-start=\"674\" data-end=\"677\"><em>Jedes Set wird mit Sorgfalt entworfen, um ein elegantes, pers\u00f6nliches und emotionales Geschenk zu machen.<\/em><\/h4>\n\n\t\t<\/div>\n\t\t\t\t\t<\/div>\n\n\t\n\n<\/div>\n\n","protected":false},"excerpt":{"rendered":"","protected":false},"author":1,"featured_media":0,"parent":0,"menu_order":0,"comment_status":"closed","ping_status":"closed","template":"","meta":{"footnotes":""},"class_list":["post-657","page","type-page","status-publish","hentry"],"jetpack_sharing_enabled":true,"_links":{"self":[{"href":"http:\/\/yllbox.ch\/de\/wp-json\/wp\/v2\/pages\/657","targetHints":{"allow":["GET"]}}],"collection":[{"href":"http:\/\/yllbox.ch\/de\/wp-json\/wp\/v2\/pages"}],"about":[{"href":"http:\/\/yllbox.ch\/de\/wp-json\/wp\/v2\/types\/page"}],"author":[{"embeddable":true,"href":"http:\/\/yllbox.ch\/de\/wp-json\/wp\/v2\/users\/1"}],"replies":[{"embeddable":true,"href":"http:\/\/yllbox.ch\/de\/wp-json\/wp\/v2\/comments?post=657"}],"version-history":[{"count":7,"href":"http:\/\/yllbox.ch\/de\/wp-json\/wp\/v2\/pages\/657\/revisions"}],"predecessor-version":[{"id":2000,"href":"http:\/\/yllbox.ch\/de\/wp-json\/wp\/v2\/pages\/657\/revisions\/2000"}],"wp:attachment":[{"href":"http:\/\/yllbox.ch\/de\/wp-json\/wp\/v2\/media?parent=657"}],"curies":[{"name":"wp","href":"https:\/\/api.w.org\/{rel}","templated":true}]}}