{"id":683,"date":"2026-01-09T10:49:38","date_gmt":"2026-01-09T10:49:38","guid":{"rendered":"https:\/\/yllbox.ch\/lieferung-und-lieferzeiten\/"},"modified":"2026-01-10T13:08:31","modified_gmt":"2026-01-10T13:08:31","slug":"lieferung-und-lieferzeiten","status":"publish","type":"page","link":"http:\/\/yllbox.ch\/de\/lieferung-und-lieferzeiten\/","title":{"rendered":"Lieferung und Lieferzeiten"},"content":{"rendered":"\n<p><\/p>\n\n\t<div id=\"gap-834933913\" class=\"gap-element clearfix\" style=\"display:block; height:auto;\">\n\t\t\n<style>\n#gap-834933913 {\n  padding-top: 30px;\n}\n<\/style>\n\t<\/div>\n\t\n\n<div class=\"container section-title-container\" ><h1 class=\"section-title section-title-center\"><b aria-hidden=\"true\"><\/b><span class=\"section-title-main\" style=\"color:rgb(159, 142, 27);\">Lieferung und Lieferzeiten<\/span><b aria-hidden=\"true\"><\/b><\/h1><\/div>\n\n\n\t<section class=\"section dark\" id=\"section_1726107415\">\n\t\t<div class=\"section-bg fill\" >\n\t\t\t\t\t\t\t\t\t\n\t\t\t\n\n\t\t<\/div>\n\n\t\t\n\n\t\t<div class=\"section-content relative\">\n\t\t\t\n\n<div class=\"row\" style=\"max-width:1000px\" id=\"row-1646123662\">\n\n\n\t<div id=\"col-133600561\" class=\"col small-12 large-12\"  >\n\t\t\t\t<div class=\"col-inner\"  >\n\t\t\t\n\t\t\t\n\n<p data-start=\"189\" data-end=\"524\">Bei <strong data-start=\"194\" data-end=\"204\">YllBox<\/strong> wird jede Geschenkbox sorgf\u00e4ltig vorbereitet, um eine schnelle und zuverl\u00e4ssige Lieferung zu gew\u00e4hrleisten. Standard-Geschenkboxen werden innerhalb von <strong data-start=\"334\" data-end=\"353\">einem Werktag<\/strong> vorbereitet, w\u00e4hrend personalisierte Geschenkboxen eine Vorbereitungszeit von <strong data-start=\"432\" data-end=\"457\">1 bis 2 Werktagen<\/strong> ben\u00f6tigen. Diese Fristen k\u00f6nnen in Zeiten hoher Nachfrage leicht variieren.<\/p>\n<p data-start=\"526\" data-end=\"1127\">Sobald die Bestellung versandt wurde, erfolgt die Lieferung in der Schweiz innerhalb von <strong data-start=\"596\" data-end=\"621\">1 bis 2 Werktagen<\/strong>. Die gesch\u00e4tzte Gesamtlieferzeit, einschlie\u00dflich Vorbereitung und Versand, liegt in der Regel zwischen <strong data-start=\"720\" data-end=\"746\">2 und 4 Werktagen<\/strong>. Die Lieferungen werden von der <strong data-start=\"781\" data-end=\"800\">Schweizerischen Post<\/strong> durchgef\u00fchrt und die Versandkosten werden <strong data-start=\"832\" data-end=\"880\">automatisch bei der Bestellung berechnet<\/strong>, abh\u00e4ngig von Gr\u00f6\u00dfe und Gewicht des Pakets, gem\u00e4\u00df den geltenden Tarifen. <strong data-start=\"965\" data-end=\"1015\">Die Lieferung ist ab einem Einkaufswert von CHF 100.\u2013 kostenlos<\/strong>, unabh\u00e4ngig von der bestellten Box, und die genauen Kosten werden immer vor der Zahlungsbest\u00e4tigung angezeigt.<\/p>\n<p data-start=\"1129\" data-end=\"1468\">Nach dem Versand wird eine Best\u00e4tigungs-E-Mail mit einem Tracking-Link versendet, um den Sendungsverlauf des Pakets zu verfolgen. Es ist auch m\u00f6glich, die Geschenkbox direkt an die Adresse einer Person Ihrer Wahl liefern zu lassen. Es werden keine Preise im Paket angezeigt und eine pers\u00f6nliche Nachricht kann hinzugef\u00fcgt werden, um Ihr Geschenk zu begleiten.<\/p>\n<p data-start=\"1470\" data-end=\"1603\">Bei Fragen zur Lieferung oder zu den Lieferzeiten steht Ihnen unser Kundenservice per E-Mail oder Telefon zur Verf\u00fcgung.<\/p>\n\n\t\t<\/div>\n\t\t\t\t\t<\/div>\n\n\t\n\n<\/div>\n\n\t\t<\/div>\n\n\t\t\n<style>\n#section_1726107415 {\n  padding-top: 30px;\n  padding-bottom: 30px;\n  margin-bottom: 100px;\n}\n<\/style>\n\t<\/section>\n\t\n\n","protected":false},"excerpt":{"rendered":"","protected":false},"author":1,"featured_media":0,"parent":0,"menu_order":0,"comment_status":"closed","ping_status":"closed","template":"","meta":{"footnotes":""},"class_list":["post-683","page","type-page","status-publish","hentry"],"jetpack_sharing_enabled":true,"_links":{"self":[{"href":"http:\/\/yllbox.ch\/de\/wp-json\/wp\/v2\/pages\/683","targetHints":{"allow":["GET"]}}],"collection":[{"href":"http:\/\/yllbox.ch\/de\/wp-json\/wp\/v2\/pages"}],"about":[{"href":"http:\/\/yllbox.ch\/de\/wp-json\/wp\/v2\/types\/page"}],"author":[{"embeddable":true,"href":"http:\/\/yllbox.ch\/de\/wp-json\/wp\/v2\/users\/1"}],"replies":[{"embeddable":true,"href":"http:\/\/yllbox.ch\/de\/wp-json\/wp\/v2\/comments?post=683"}],"version-history":[{"count":2,"href":"http:\/\/yllbox.ch\/de\/wp-json\/wp\/v2\/pages\/683\/revisions"}],"predecessor-version":[{"id":785,"href":"http:\/\/yllbox.ch\/de\/wp-json\/wp\/v2\/pages\/683\/revisions\/785"}],"wp:attachment":[{"href":"http:\/\/yllbox.ch\/de\/wp-json\/wp\/v2\/media?parent=683"}],"curies":[{"name":"wp","href":"https:\/\/api.w.org\/{rel}","templated":true}]}}