{"id":687,"date":"2026-01-09T11:58:00","date_gmt":"2026-01-09T11:58:00","guid":{"rendered":"https:\/\/yllbox.ch\/zahlung-sicherheit\/"},"modified":"2026-01-10T13:09:42","modified_gmt":"2026-01-10T13:09:42","slug":"zahlung-sicherheit","status":"publish","type":"page","link":"http:\/\/yllbox.ch\/de\/zahlung-sicherheit\/","title":{"rendered":"Zahlung &amp; Sicherheit"},"content":{"rendered":"\n<p><\/p>\n\n\t<div id=\"gap-1321341314\" class=\"gap-element clearfix\" style=\"display:block; height:auto;\">\n\t\t\n<style>\n#gap-1321341314 {\n  padding-top: 30px;\n}\n<\/style>\n\t<\/div>\n\t\n\n<div class=\"container section-title-container\" ><h1 class=\"section-title section-title-center\"><b aria-hidden=\"true\"><\/b><span class=\"section-title-main\" style=\"color:rgb(159, 142, 27);\">Zahlung &amp; Sicherheit<\/span><b aria-hidden=\"true\"><\/b><\/h1><\/div>\n\n\n\t<section class=\"section dark\" id=\"section_1220911198\">\n\t\t<div class=\"section-bg fill\" >\n\t\t\t\t\t\t\t\t\t\n\t\t\t\n\n\t\t<\/div>\n\n\t\t\n\n\t\t<div class=\"section-content relative\">\n\t\t\t\n\n<div class=\"row\" style=\"max-width:1000px\" id=\"row-792728430\">\n\n\n\t<div id=\"col-1276079696\" class=\"col small-12 large-12\"  >\n\t\t\t\t<div class=\"col-inner\"  >\n\t\t\t\n\t\t\t\n\n<p data-start=\"151\" data-end=\"413\">Bei <strong data-start=\"156\" data-end=\"166\">YllBox<\/strong> ist die Online-Zahlung vollst\u00e4ndig gesichert und erfolgt \u00fcber anerkannte und zuverl\u00e4ssige L\u00f6sungen. Alle Transaktionen sind durch ein SSL-Verschl\u00fcsselungssystem gesch\u00fctzt, das die Vertraulichkeit Ihrer pers\u00f6nlichen und Bankdaten gew\u00e4hrleistet. <\/p>\n<p data-start=\"415\" data-end=\"738\">Wir akzeptieren verschiedene Zahlungsmethoden, um Ihnen maximale Flexibilit\u00e4t zu bieten, darunter g\u00e4ngige Kreditkarten sowie in der Schweiz verwendete Online-Zahlungsl\u00f6sungen. Die verf\u00fcgbaren Zahlungsmethoden werden beim Bezahlvorgang klar angezeigt, bevor Sie Ihre Bestellung best\u00e4tigen. <\/p>\n<p data-start=\"740\" data-end=\"939\">Auf unserer Website werden keine Bankdaten gespeichert. Die Zahlungsdaten werden direkt von unseren sicheren Zahlungsdienstleistern gem\u00e4\u00df den geltenden Sicherheitsstandards verarbeitet. <\/p>\n<p data-start=\"941\" data-end=\"1181\">Im Falle von Zahlungsproblemen oder wenn eine Transaktion fehlschl\u00e4gt, wird kein Betrag ohne Best\u00e4tigung abgebucht. Unser Kundenservice steht Ihnen zur Verf\u00fcgung, um Sie zu unterst\u00fctzen und Ihnen zu helfen, Ihre Bestellung in aller Ruhe abzuschlie\u00dfen. <\/p>\n\n\t\t<\/div>\n\t\t\t\t\t<\/div>\n\n\t\n\n<\/div>\n\n\t\t<\/div>\n\n\t\t\n<style>\n#section_1220911198 {\n  padding-top: 30px;\n  padding-bottom: 30px;\n  margin-bottom: 100px;\n}\n<\/style>\n\t<\/section>\n\t\n\n","protected":false},"excerpt":{"rendered":"","protected":false},"author":1,"featured_media":0,"parent":0,"menu_order":0,"comment_status":"closed","ping_status":"closed","template":"","meta":{"footnotes":""},"class_list":["post-687","page","type-page","status-publish","hentry"],"jetpack_sharing_enabled":true,"_links":{"self":[{"href":"http:\/\/yllbox.ch\/de\/wp-json\/wp\/v2\/pages\/687","targetHints":{"allow":["GET"]}}],"collection":[{"href":"http:\/\/yllbox.ch\/de\/wp-json\/wp\/v2\/pages"}],"about":[{"href":"http:\/\/yllbox.ch\/de\/wp-json\/wp\/v2\/types\/page"}],"author":[{"embeddable":true,"href":"http:\/\/yllbox.ch\/de\/wp-json\/wp\/v2\/users\/1"}],"replies":[{"embeddable":true,"href":"http:\/\/yllbox.ch\/de\/wp-json\/wp\/v2\/comments?post=687"}],"version-history":[{"count":2,"href":"http:\/\/yllbox.ch\/de\/wp-json\/wp\/v2\/pages\/687\/revisions"}],"predecessor-version":[{"id":832,"href":"http:\/\/yllbox.ch\/de\/wp-json\/wp\/v2\/pages\/687\/revisions\/832"}],"wp:attachment":[{"href":"http:\/\/yllbox.ch\/de\/wp-json\/wp\/v2\/media?parent=687"}],"curies":[{"name":"wp","href":"https:\/\/api.w.org\/{rel}","templated":true}]}}