{"id":691,"date":"2026-01-09T11:31:26","date_gmt":"2026-01-09T11:31:26","guid":{"rendered":"https:\/\/yllbox.ch\/ruecksendungen-rueckerstattungen\/"},"modified":"2026-02-26T12:00:14","modified_gmt":"2026-02-26T12:00:14","slug":"ruecksendungen-rueckerstattungen","status":"publish","type":"page","link":"http:\/\/yllbox.ch\/de\/ruecksendungen-rueckerstattungen\/","title":{"rendered":"R\u00fccksendungen &amp; R\u00fcckerstattungen"},"content":{"rendered":"\n<p><\/p>\n\n\t<div id=\"gap-1367253276\" class=\"gap-element clearfix\" style=\"display:block; height:auto;\">\n\t\t\n<style>\n#gap-1367253276 {\n  padding-top: 30px;\n}\n<\/style>\n\t<\/div>\n\t\n\n<div class=\"container section-title-container\" ><h1 class=\"section-title section-title-center\"><b aria-hidden=\"true\"><\/b><span class=\"section-title-main\" style=\"color:rgb(159, 142, 27);\">R\u00fccksendungen &amp; R\u00fcckerstattungen<\/span><b aria-hidden=\"true\"><\/b><\/h1><\/div>\n\n\n\t<section class=\"section dark\" id=\"section_1445952550\">\n\t\t<div class=\"section-bg fill\" >\n\t\t\t\t\t\t\t\t\t\n\t\t\t\n\n\t\t<\/div>\n\n\t\t\n\n\t\t<div class=\"section-content relative\">\n\t\t\t\n\n<div class=\"row\" style=\"max-width:1000px\" id=\"row-168385566\">\n\n\n\t<div id=\"col-1934679861\" class=\"col small-12 large-12\"  >\n\t\t\t\t<div class=\"col-inner\"  >\n\t\t\t\n\t\t\t\n\n<p data-start=\"168\" data-end=\"533\">Ihre Zufriedenheit ist uns bei <strong data-start=\"173\" data-end=\"183\">YllBox<\/strong> sehr wichtig. Sollte Ihnen ein Produkt dennoch nicht zusagen, k\u00f6nnen Sie uns innerhalb von <strong data-start=\"296\" data-end=\"308\">14 Tagen<\/strong> nach Erhalt Ihrer Bestellung kontaktieren, um eine R\u00fccksendung gem\u00e4\u00df der geltenden Gesetzgebung zu beantragen. Die Artikel m\u00fcssen im Originalzustand, unbenutzt und in ihrer unversehrten Verpackung zur\u00fcckgesendet werden.  <\/p>\n<p data-start=\"535\" data-end=\"838\">Da personalisierte Geschenkboxen ma\u00dfgefertigt werden, k\u00f6nnen sie grunds\u00e4tzlich weder zur\u00fcckgegeben noch erstattet werden, au\u00dfer bei M\u00e4ngeln oder Fehlern unsererseits. In diesem Fall bitten wir Sie, uns umgehend zu kontaktieren, damit wir eine schnelle und passende L\u00f6sung finden k\u00f6nnen. <\/p>\n<p data-start=\"840\" data-end=\"1137\">Sobald die R\u00fccksendung akzeptiert und das Produkt empfangen und gepr\u00fcft wurde, erfolgt die R\u00fcckerstattung \u00fcber die bei der Bestellung verwendete Zahlungsmethode innerhalb von <strong data-start=\"1000\" data-end=\"1026\">5 bis 10 Werktagen<\/strong>. Die Kosten f\u00fcr die R\u00fccksendung tr\u00e4gt der Kunde, au\u00dfer bei defekten Produkten oder Fehlern bei der Vorbereitung. <\/p>\n<p data-start=\"1139\" data-end=\"1311\">F\u00fcr alle Anfragen bez\u00fcglich R\u00fccksendungen oder R\u00fcckerstattungen steht Ihnen unser Kundenservice per E-Mail oder Telefon zur Verf\u00fcgung und begleitet Sie durch jeden Schritt des Verfahrens.<\/p>\n\n\t\t<\/div>\n\t\t\t\t\t<\/div>\n\n\t\n\n<\/div>\n\n\t\t<\/div>\n\n\t\t\n<style>\n#section_1445952550 {\n  padding-top: 30px;\n  padding-bottom: 30px;\n  margin-bottom: 100px;\n}\n<\/style>\n\t<\/section>\n\t\n\n<p><\/p>\n","protected":false},"excerpt":{"rendered":"","protected":false},"author":1,"featured_media":0,"parent":0,"menu_order":0,"comment_status":"closed","ping_status":"closed","template":"","meta":{"footnotes":""},"class_list":["post-691","page","type-page","status-publish","hentry"],"jetpack_sharing_enabled":true,"_links":{"self":[{"href":"http:\/\/yllbox.ch\/de\/wp-json\/wp\/v2\/pages\/691","targetHints":{"allow":["GET"]}}],"collection":[{"href":"http:\/\/yllbox.ch\/de\/wp-json\/wp\/v2\/pages"}],"about":[{"href":"http:\/\/yllbox.ch\/de\/wp-json\/wp\/v2\/types\/page"}],"author":[{"embeddable":true,"href":"http:\/\/yllbox.ch\/de\/wp-json\/wp\/v2\/users\/1"}],"replies":[{"embeddable":true,"href":"http:\/\/yllbox.ch\/de\/wp-json\/wp\/v2\/comments?post=691"}],"version-history":[{"count":4,"href":"http:\/\/yllbox.ch\/de\/wp-json\/wp\/v2\/pages\/691\/revisions"}],"predecessor-version":[{"id":1955,"href":"http:\/\/yllbox.ch\/de\/wp-json\/wp\/v2\/pages\/691\/revisions\/1955"}],"wp:attachment":[{"href":"http:\/\/yllbox.ch\/de\/wp-json\/wp\/v2\/media?parent=691"}],"curies":[{"name":"wp","href":"https:\/\/api.w.org\/{rel}","templated":true}]}}