{"id":694,"date":"2026-01-09T12:03:20","date_gmt":"2026-01-09T12:03:20","guid":{"rendered":"https:\/\/yllbox.ch\/kundenkonto\/"},"modified":"2026-01-10T13:09:42","modified_gmt":"2026-01-10T13:09:42","slug":"kundenkonto","status":"publish","type":"page","link":"http:\/\/yllbox.ch\/de\/kundenkonto\/","title":{"rendered":"Kundenkonto"},"content":{"rendered":"\n<p><\/p>\n\n\t<div id=\"gap-222513734\" class=\"gap-element clearfix\" style=\"display:block; height:auto;\">\n\t\t\n<style>\n#gap-222513734 {\n  padding-top: 30px;\n}\n<\/style>\n\t<\/div>\n\t\n\n<div class=\"container section-title-container\" ><h1 class=\"section-title section-title-center\"><b aria-hidden=\"true\"><\/b><span class=\"section-title-main\" style=\"color:rgb(159, 142, 27);\">Kundenkonto<\/span><b aria-hidden=\"true\"><\/b><\/h1><\/div>\n\n\n\t<section class=\"section dark\" id=\"section_51813479\">\n\t\t<div class=\"section-bg fill\" >\n\t\t\t\t\t\t\t\t\t\n\t\t\t\n\n\t\t<\/div>\n\n\t\t\n\n\t\t<div class=\"section-content relative\">\n\t\t\t\n\n<div class=\"row\" style=\"max-width:1000px\" id=\"row-2083308392\">\n\n\n\t<div id=\"col-648684841\" class=\"col small-12 large-12\"  >\n\t\t\t\t<div class=\"col-inner\"  >\n\t\t\t\n\t\t\t\n\n<p data-start=\"143\" data-end=\"385\">Das <strong data-start=\"160\" data-end=\"170\">YllBox<\/strong>-Kundenkonto erm\u00f6glicht es Ihnen, Ihre Bestellungen und pers\u00f6nlichen Informationen einfach zu verwalten. Die Erstellung eines Kontos ist f\u00fcr eine Bestellung nicht zwingend erforderlich, wird aber empfohlen, um eine vereinfachte Nachverfolgung zu gew\u00e4hrleisten.<\/p>\n<p data-start=\"387\" data-end=\"660\">In Ihrem pers\u00f6nlichen Bereich k\u00f6nnen Sie den Verlauf Ihrer Bestellungen einsehen, den Status Ihrer Lieferungen verfolgen und auf Ihre Rechnungen zugreifen. Ihre Kontaktinformationen und Lieferadressen k\u00f6nnen jederzeit ge\u00e4ndert werden, um Ihre n\u00e4chsten Bestellungen zu erleichtern.<\/p>\n<p data-start=\"662\" data-end=\"900\">Bei der Erstellung Ihres Kontos werden Ihre Daten gem\u00e4\u00df unserer Datenschutzrichtlinie gesch\u00fctzt und vertraulich behandelt. Sie k\u00f6nnen Ihr Passwort auch jederzeit zur\u00fccksetzen, falls Sie es vergessen haben.<\/p>\n<p data-start=\"902\" data-end=\"1064\">Bei Fragen zu Ihrem Kundenkonto oder wenn Sie Schwierigkeiten beim Zugriff haben, steht Ihnen unser Kundenservice jederzeit zur Verf\u00fcgung.<\/p>\n\n\t\t<\/div>\n\t\t\t\t\t<\/div>\n\n\t\n\n<\/div>\n\n\t\t<\/div>\n\n\t\t\n<style>\n#section_51813479 {\n  padding-top: 30px;\n  padding-bottom: 30px;\n  margin-bottom: 100px;\n}\n<\/style>\n\t<\/section>\n\t\n\n","protected":false},"excerpt":{"rendered":"","protected":false},"author":1,"featured_media":0,"parent":0,"menu_order":0,"comment_status":"closed","ping_status":"closed","template":"","meta":{"footnotes":""},"class_list":["post-694","page","type-page","status-publish","hentry"],"jetpack_sharing_enabled":true,"_links":{"self":[{"href":"http:\/\/yllbox.ch\/de\/wp-json\/wp\/v2\/pages\/694","targetHints":{"allow":["GET"]}}],"collection":[{"href":"http:\/\/yllbox.ch\/de\/wp-json\/wp\/v2\/pages"}],"about":[{"href":"http:\/\/yllbox.ch\/de\/wp-json\/wp\/v2\/types\/page"}],"author":[{"embeddable":true,"href":"http:\/\/yllbox.ch\/de\/wp-json\/wp\/v2\/users\/1"}],"replies":[{"embeddable":true,"href":"http:\/\/yllbox.ch\/de\/wp-json\/wp\/v2\/comments?post=694"}],"version-history":[{"count":1,"href":"http:\/\/yllbox.ch\/de\/wp-json\/wp\/v2\/pages\/694\/revisions"}],"predecessor-version":[{"id":695,"href":"http:\/\/yllbox.ch\/de\/wp-json\/wp\/v2\/pages\/694\/revisions\/695"}],"wp:attachment":[{"href":"http:\/\/yllbox.ch\/de\/wp-json\/wp\/v2\/media?parent=694"}],"curies":[{"name":"wp","href":"https:\/\/api.w.org\/{rel}","templated":true}]}}