{"id":701,"date":"2026-01-09T12:05:23","date_gmt":"2026-01-09T12:05:23","guid":{"rendered":"https:\/\/yllbox.ch\/geschenkkarten\/"},"modified":"2026-01-10T13:09:19","modified_gmt":"2026-01-10T13:09:19","slug":"geschenkkarten","status":"publish","type":"page","link":"http:\/\/yllbox.ch\/de\/geschenkkarten\/","title":{"rendered":"Geschenkkarten"},"content":{"rendered":"\n<p><\/p>\n\n\t<div id=\"gap-647228206\" class=\"gap-element clearfix\" style=\"display:block; height:auto;\">\n\t\t\n<style>\n#gap-647228206 {\n  padding-top: 30px;\n}\n<\/style>\n\t<\/div>\n\t\n\n<div class=\"container section-title-container\" ><h1 class=\"section-title section-title-center\"><b aria-hidden=\"true\"><\/b><span class=\"section-title-main\" style=\"color:rgb(159, 142, 27);\">Geschenkkarten<\/span><b aria-hidden=\"true\"><\/b><\/h1><\/div>\n\n\n\t<section class=\"section dark\" id=\"section_1218458356\">\n\t\t<div class=\"section-bg fill\" >\n\t\t\t\t\t\t\t\t\t\n\t\t\t\n\n\t\t<\/div>\n\n\t\t\n\n\t\t<div class=\"section-content relative\">\n\t\t\t\n\n<div class=\"row\" style=\"max-width:1000px\" id=\"row-74182471\">\n\n\n\t<div id=\"col-1254277996\" class=\"col small-12 large-12\"  >\n\t\t\t\t<div class=\"col-inner\"  >\n\t\t\t\n\t\t\t\n\n<p data-start=\"144\" data-end=\"387\">Die <strong data-start=\"160\" data-end=\"170\">YllBox<\/strong> Geschenkkarte ist die ideale L\u00f6sung, um ein Geschenk zu machen und gleichzeitig die Wahl zu lassen. Sie erm\u00f6glicht dem Beschenkten, frei das passende Geschenkset auszuw\u00e4hlen und, falls gew\u00fcnscht, eine pers\u00f6nliche Note hinzuzuf\u00fcgen.<\/p>\n<p data-start=\"389\" data-end=\"677\">Die Geschenkkarten sind in verschiedenen Betr\u00e4gen erh\u00e4ltlich und k\u00f6nnen auf der gesamten Website eingel\u00f6st werden. Nach dem Kauf wird die Geschenkkarte per E-Mail mit einem einzigartigen Code versendet, der bei der Bestellung verwendet werden kann. Sie kann auch direkt an die Person Ihrer Wahl verschenkt werden.<\/p>\n<p data-start=\"679\" data-end=\"917\">Die YllBox Geschenkkarte ist f\u00fcr die beim Kauf angegebene Dauer g\u00fcltig und kann einmalig oder mehrmals im Rahmen ihres Betrags eingel\u00f6st werden. Im Falle eines Restguthabens bleibt dieses bis zum Ablauf der Karte verf\u00fcgbar.<\/p>\n<p data-start=\"919\" data-end=\"1115\">Geschenkkarten k\u00f6nnen weder umgetauscht noch erstattet werden. Bei Fragen zur Nutzung oder G\u00fcltigkeit steht Ihnen unser Kundenservice gerne zur Verf\u00fcgung, um Sie zu unterst\u00fctzen.<\/p>\n\n\t\t<\/div>\n\t\t\t\t\t<\/div>\n\n\t\n\n<\/div>\n\n\t\t<\/div>\n\n\t\t\n<style>\n#section_1218458356 {\n  padding-top: 30px;\n  padding-bottom: 30px;\n  margin-bottom: 100px;\n}\n<\/style>\n\t<\/section>\n\t\n\n","protected":false},"excerpt":{"rendered":"","protected":false},"author":1,"featured_media":0,"parent":0,"menu_order":0,"comment_status":"closed","ping_status":"closed","template":"","meta":{"footnotes":""},"class_list":["post-701","page","type-page","status-publish","hentry"],"jetpack_sharing_enabled":true,"_links":{"self":[{"href":"http:\/\/yllbox.ch\/de\/wp-json\/wp\/v2\/pages\/701","targetHints":{"allow":["GET"]}}],"collection":[{"href":"http:\/\/yllbox.ch\/de\/wp-json\/wp\/v2\/pages"}],"about":[{"href":"http:\/\/yllbox.ch\/de\/wp-json\/wp\/v2\/types\/page"}],"author":[{"embeddable":true,"href":"http:\/\/yllbox.ch\/de\/wp-json\/wp\/v2\/users\/1"}],"replies":[{"embeddable":true,"href":"http:\/\/yllbox.ch\/de\/wp-json\/wp\/v2\/comments?post=701"}],"version-history":[{"count":1,"href":"http:\/\/yllbox.ch\/de\/wp-json\/wp\/v2\/pages\/701\/revisions"}],"predecessor-version":[{"id":702,"href":"http:\/\/yllbox.ch\/de\/wp-json\/wp\/v2\/pages\/701\/revisions\/702"}],"wp:attachment":[{"href":"http:\/\/yllbox.ch\/de\/wp-json\/wp\/v2\/media?parent=701"}],"curies":[{"name":"wp","href":"https:\/\/api.w.org\/{rel}","templated":true}]}}