{"id":703,"date":"2026-01-09T12:24:57","date_gmt":"2026-01-09T12:24:57","guid":{"rendered":"https:\/\/yllbox.ch\/personalisierung\/"},"modified":"2026-01-10T13:09:06","modified_gmt":"2026-01-10T13:09:06","slug":"personalisierung","status":"publish","type":"page","link":"http:\/\/yllbox.ch\/de\/personalisierung\/","title":{"rendered":"Personalisierung"},"content":{"rendered":"\n<p><\/p>\n\n\t<div id=\"gap-2113599686\" class=\"gap-element clearfix\" style=\"display:block; height:auto;\">\n\t\t\n<style>\n#gap-2113599686 {\n  padding-top: 30px;\n}\n<\/style>\n\t<\/div>\n\t\n\n<div class=\"container section-title-container\" ><h1 class=\"section-title section-title-center\"><b aria-hidden=\"true\"><\/b><span class=\"section-title-main\" style=\"color:rgb(159, 142, 27);\">Personalisierung<\/span><b aria-hidden=\"true\"><\/b><\/h1><\/div>\n\n\n\t<section class=\"section dark\" id=\"section_1197450556\">\n\t\t<div class=\"section-bg fill\" >\n\t\t\t\t\t\t\t\t\t\n\t\t\t\n\n\t\t<\/div>\n\n\t\t\n\n\t\t<div class=\"section-content relative\">\n\t\t\t\n\n<div class=\"row\" style=\"max-width:1000px\" id=\"row-1697359439\">\n\n\n\t<div id=\"col-343311387\" class=\"col small-12 large-12\"  >\n\t\t\t\t<div class=\"col-inner\"  >\n\t\t\t\n\t\t\t\n\n<p data-start=\"159\" data-end=\"340\">Die Personalisierung ist das Herzst\u00fcck des <strong data-start=\"207\" data-end=\"217\">YllBox<\/strong>-Erlebnisses. Sie erm\u00f6glicht es, eine Geschenkbox in eine einzigartige Aufmerksamkeit zu verwandeln, die speziell f\u00fcr den Empf\u00e4nger gedacht ist.<\/p>\n<p data-start=\"342\" data-end=\"668\">Bei der Bestellung werden bestimmte Personalisierungsoptionen direkt auf der Produktseite der Box angeboten. Dies kann ein Vorname, eine Nachricht oder ein spezifisches Detail sein, je nach gew\u00e4hlter Box. Die Personalisierungsm\u00f6glichkeiten sind stets klar angegeben, um ein Ergebnis zu gew\u00e4hrleisten, das Ihren Erwartungen entspricht.<\/p>\n<p data-start=\"670\" data-end=\"899\">Jede Personalisierung wird bei der Vorbereitung der Box sorgf\u00e4ltig ausgef\u00fchrt. Wir achten darauf, dass jedes Detail, sowohl im Inhalt als auch in der Pr\u00e4sentation, ber\u00fccksichtigt wird, um ein harmonisches und hochwertiges Ergebnis zu erzielen.<\/p>\n<p data-start=\"901\" data-end=\"1216\">Personalisierte Boxen erfordern eine etwas l\u00e4ngere Vorbereitungszeit als Standardboxen, in der Regel zwischen 1 und 2 Werktagen. Aufgrund ihres ma\u00dfgeschneiderten Charakters k\u00f6nnen personalisierte Boxen weder zur\u00fcckgegeben noch erstattet werden, es sei denn, es liegt ein Fehler oder Mangel unsererseits vor.<\/p>\n<p data-start=\"1218\" data-end=\"1359\">Unser Team steht Ihnen f\u00fcr alle Fragen zur Personalisierung zur Verf\u00fcgung, um Sie vor oder nach Ihrer Bestellung zu unterst\u00fctzen.<\/p>\n\n\t\t<\/div>\n\t\t\t\t\t<\/div>\n\n\t\n\n<\/div>\n\n\t\t<\/div>\n\n\t\t\n<style>\n#section_1197450556 {\n  padding-top: 30px;\n  padding-bottom: 30px;\n  margin-bottom: 100px;\n}\n<\/style>\n\t<\/section>\n\t\n\n","protected":false},"excerpt":{"rendered":"","protected":false},"author":1,"featured_media":0,"parent":0,"menu_order":0,"comment_status":"closed","ping_status":"closed","template":"","meta":{"footnotes":""},"class_list":["post-703","page","type-page","status-publish","hentry"],"jetpack_sharing_enabled":true,"_links":{"self":[{"href":"http:\/\/yllbox.ch\/de\/wp-json\/wp\/v2\/pages\/703","targetHints":{"allow":["GET"]}}],"collection":[{"href":"http:\/\/yllbox.ch\/de\/wp-json\/wp\/v2\/pages"}],"about":[{"href":"http:\/\/yllbox.ch\/de\/wp-json\/wp\/v2\/types\/page"}],"author":[{"embeddable":true,"href":"http:\/\/yllbox.ch\/de\/wp-json\/wp\/v2\/users\/1"}],"replies":[{"embeddable":true,"href":"http:\/\/yllbox.ch\/de\/wp-json\/wp\/v2\/comments?post=703"}],"version-history":[{"count":1,"href":"http:\/\/yllbox.ch\/de\/wp-json\/wp\/v2\/pages\/703\/revisions"}],"predecessor-version":[{"id":704,"href":"http:\/\/yllbox.ch\/de\/wp-json\/wp\/v2\/pages\/703\/revisions\/704"}],"wp:attachment":[{"href":"http:\/\/yllbox.ch\/de\/wp-json\/wp\/v2\/media?parent=703"}],"curies":[{"name":"wp","href":"https:\/\/api.w.org\/{rel}","templated":true}]}}