{"id":717,"date":"2026-01-09T12:29:07","date_gmt":"2026-01-09T12:29:07","guid":{"rendered":"https:\/\/yllbox.ch\/unser-konzept\/"},"modified":"2026-01-10T13:08:31","modified_gmt":"2026-01-10T13:08:31","slug":"unser-konzept","status":"publish","type":"page","link":"http:\/\/yllbox.ch\/de\/unser-konzept\/","title":{"rendered":"Unser Konzept"},"content":{"rendered":"\n<p><\/p>\n\n\t<div id=\"gap-1951599648\" class=\"gap-element clearfix\" style=\"display:block; height:auto;\">\n\t\t\n<style>\n#gap-1951599648 {\n  padding-top: 30px;\n}\n<\/style>\n\t<\/div>\n\t\n\n<div class=\"container section-title-container\" ><h1 class=\"section-title section-title-center\"><b aria-hidden=\"true\"><\/b><span class=\"section-title-main\" style=\"color:rgb(159, 142, 27);\">Unser Konzept<\/span><b aria-hidden=\"true\"><\/b><\/h1><\/div>\n\n\n\t<section class=\"section dark\" id=\"section_1552715290\">\n\t\t<div class=\"section-bg fill\" >\n\t\t\t\t\t\t\t\t\t\n\t\t\t\n\n\t\t<\/div>\n\n\t\t\n\n\t\t<div class=\"section-content relative\">\n\t\t\t\n\n<div class=\"row\" style=\"max-width:1000px\" id=\"row-2027852379\">\n\n\n\t<div id=\"col-1231460597\" class=\"col small-12 large-12\"  >\n\t\t\t\t<div class=\"col-inner\"  >\n\t\t\t\n\t\t\t\n\n<p data-start=\"160\" data-end=\"429\">Das Konzept <strong data-start=\"171\" data-end=\"181\">YllBox<\/strong> basiert auf einer einfachen Idee: Geschenkboxen in ein echtes Erlebnis zu verwandeln. Schenken sollte weder kompliziert noch unpers\u00f6nlich sein. Wir haben fertige Geschenkboxen konzipiert, die darauf ausgelegt sind, Emotionen zu vermitteln und besondere Momente zu schaffen.<\/p>\n<p data-start=\"431\" data-end=\"687\">Jede YllBox ist um ein klares Thema herum konzipiert und mit besonderem Augenmerk auf das Gleichgewicht zwischen Nutzen, \u00c4sthetik und Bedeutung. Die Produkte werden sorgf\u00e4ltig ausgew\u00e4hlt, um Harmonie und Koh\u00e4renz in jeder Box zu schaffen.<\/p>\n<p data-start=\"689\" data-end=\"967\">Die Personalisierung nimmt in unserem Konzept eine zentrale Rolle ein. Sie erm\u00f6glicht es, jedes Geschenk einzigartig und an die Person angepasst zu machen, die es erh\u00e4lt. Ob es sich um eine Nachricht, einen Vornamen oder eine besondere Aufmerksamkeit handelt, jedes Detail tr\u00e4gt dazu bei, die Emotion des Geschenks zu verst\u00e4rken.<\/p>\n<p data-start=\"969\" data-end=\"1203\">YllBox richtet sich an all jene, die ein durchdachtes Geschenk machen m\u00f6chten, ohne Zeit bei der Auswahl zu verlieren. Wir vereinfachen den Prozess und garantieren dabei konstante Qualit\u00e4t, sorgf\u00e4ltige Vorbereitung und zuverl\u00e4ssige Lieferung.<\/p>\n<p data-start=\"1205\" data-end=\"1387\">Unser Konzept ist Teil eines menschlichen und verantwortungsvollen Ansatzes, bei dem jede Box mit der gleichen Sorgfalt vorbereitet wird, von der ersten bis zur letzten, um bedeutungsvolle Momente zu schaffen.<\/p>\n\n\t\t<\/div>\n\t\t\t\t\t<\/div>\n\n\t\n\n<\/div>\n\n\t\t<\/div>\n\n\t\t\n<style>\n#section_1552715290 {\n  padding-top: 30px;\n  padding-bottom: 30px;\n  margin-bottom: 100px;\n}\n<\/style>\n\t<\/section>\n\t\n\n","protected":false},"excerpt":{"rendered":"","protected":false},"author":1,"featured_media":0,"parent":0,"menu_order":0,"comment_status":"closed","ping_status":"closed","template":"","meta":{"footnotes":""},"class_list":["post-717","page","type-page","status-publish","hentry"],"jetpack_sharing_enabled":true,"_links":{"self":[{"href":"http:\/\/yllbox.ch\/de\/wp-json\/wp\/v2\/pages\/717","targetHints":{"allow":["GET"]}}],"collection":[{"href":"http:\/\/yllbox.ch\/de\/wp-json\/wp\/v2\/pages"}],"about":[{"href":"http:\/\/yllbox.ch\/de\/wp-json\/wp\/v2\/types\/page"}],"author":[{"embeddable":true,"href":"http:\/\/yllbox.ch\/de\/wp-json\/wp\/v2\/users\/1"}],"replies":[{"embeddable":true,"href":"http:\/\/yllbox.ch\/de\/wp-json\/wp\/v2\/comments?post=717"}],"version-history":[{"count":1,"href":"http:\/\/yllbox.ch\/de\/wp-json\/wp\/v2\/pages\/717\/revisions"}],"predecessor-version":[{"id":718,"href":"http:\/\/yllbox.ch\/de\/wp-json\/wp\/v2\/pages\/717\/revisions\/718"}],"wp:attachment":[{"href":"http:\/\/yllbox.ch\/de\/wp-json\/wp\/v2\/media?parent=717"}],"curies":[{"name":"wp","href":"https:\/\/api.w.org\/{rel}","templated":true}]}}