{"id":721,"date":"2026-01-09T12:27:06","date_gmt":"2026-01-09T12:27:06","guid":{"rendered":"https:\/\/yllbox.ch\/unsere-werte\/"},"modified":"2026-01-10T13:09:17","modified_gmt":"2026-01-10T13:09:17","slug":"unsere-werte","status":"publish","type":"page","link":"http:\/\/yllbox.ch\/de\/unsere-werte\/","title":{"rendered":"Unsere Werte"},"content":{"rendered":"\n<p><\/p>\n\n\t<div id=\"gap-554521337\" class=\"gap-element clearfix\" style=\"display:block; height:auto;\">\n\t\t\n<style>\n#gap-554521337 {\n  padding-top: 30px;\n}\n<\/style>\n\t<\/div>\n\t\n\n<div class=\"container section-title-container\" ><h1 class=\"section-title section-title-center\"><b aria-hidden=\"true\"><\/b><span class=\"section-title-main\" style=\"color:rgb(159, 142, 27);\">Unsere Werte<\/span><b aria-hidden=\"true\"><\/b><\/h1><\/div>\n\n\n\t<section class=\"section dark\" id=\"section_199409744\">\n\t\t<div class=\"section-bg fill\" >\n\t\t\t\t\t\t\t\t\t\n\t\t\t\n\n\t\t<\/div>\n\n\t\t\n\n\t\t<div class=\"section-content relative\">\n\t\t\t\n\n<div class=\"row\" style=\"max-width:1000px\" id=\"row-2006836238\">\n\n\n\t<div id=\"col-1241631293\" class=\"col small-12 large-12\"  >\n\t\t\t\t<div class=\"col-inner\"  >\n\t\t\t\n\t\t\t\n\n<p data-start=\"165\" data-end=\"362\">Bei <strong data-start=\"170\" data-end=\"180\">YllBox<\/strong> leiten unsere Werte jede unserer Entscheidungen, von der Produktauswahl bis zur Zusammenstellung jeder Box. Sie spiegeln unsere Vision des Schenkens wider: einfach, aufrichtig und bedeutungsvoll. <\/p>\n<p data-start=\"364\" data-end=\"525\">Wir glauben an <strong data-start=\"382\" data-end=\"398\">Authentizit\u00e4t<\/strong>. Jede Box wird mit dem Wunsch gestaltet, ein echtes, schn\u00f6rkelloses Geschenk anzubieten, das eine aufrichtige und bleibende Emotion vermittelt. <\/p>\n<p data-start=\"527\" data-end=\"714\"><strong data-start=\"530\" data-end=\"541\">Qualit\u00e4t<\/strong> ist essenziell. Die Produkte werden sorgf\u00e4ltig ausgew\u00e4hlt und jede Box wird mit Aufmerksamkeit vorbereitet, um ein Erlebnis zu gew\u00e4hrleisten, das der Schenkabsicht gerecht wird. <\/p>\n<p data-start=\"716\" data-end=\"911\">Wir legen gro\u00dfen Wert auf die <strong data-start=\"757\" data-end=\"782\">Liebe zum Detail<\/strong>. Die Pr\u00e4sentation, die Personalisierung und die Verarbeitung jeder Box sind wichtig, denn diese Details machen den Unterschied. <\/p>\n<p data-start=\"913\" data-end=\"1100\"><strong data-start=\"916\" data-end=\"929\">Kundenn\u00e4he<\/strong> steht im Mittelpunkt unseres Handelns. Als Familienunternehmen pflegen wir eine menschliche und zug\u00e4ngliche Beziehung zu unseren Kunden, die auf Zuh\u00f6ren und Vertrauen basiert. <\/p>\n<p data-start=\"1102\" data-end=\"1278\">Schlie\u00dflich verpflichten wir uns, ein <strong data-start=\"1153\" data-end=\"1179\">zuverl\u00e4ssiges und transparentes<\/strong> Erlebnis zu bieten, mit klaren Informationen, eingehaltenen Fristen und einem aufmerksamen Kundenservice in jeder Phase.<\/p>\n\n\t\t<\/div>\n\t\t\t\t\t<\/div>\n\n\t\n\n<\/div>\n\n\t\t<\/div>\n\n\t\t\n<style>\n#section_199409744 {\n  padding-top: 30px;\n  padding-bottom: 30px;\n  margin-bottom: 100px;\n}\n<\/style>\n\t<\/section>\n\t\n\n","protected":false},"excerpt":{"rendered":"","protected":false},"author":1,"featured_media":0,"parent":0,"menu_order":0,"comment_status":"closed","ping_status":"closed","template":"","meta":{"footnotes":""},"class_list":["post-721","page","type-page","status-publish","hentry"],"jetpack_sharing_enabled":true,"_links":{"self":[{"href":"http:\/\/yllbox.ch\/de\/wp-json\/wp\/v2\/pages\/721","targetHints":{"allow":["GET"]}}],"collection":[{"href":"http:\/\/yllbox.ch\/de\/wp-json\/wp\/v2\/pages"}],"about":[{"href":"http:\/\/yllbox.ch\/de\/wp-json\/wp\/v2\/types\/page"}],"author":[{"embeddable":true,"href":"http:\/\/yllbox.ch\/de\/wp-json\/wp\/v2\/users\/1"}],"replies":[{"embeddable":true,"href":"http:\/\/yllbox.ch\/de\/wp-json\/wp\/v2\/comments?post=721"}],"version-history":[{"count":2,"href":"http:\/\/yllbox.ch\/de\/wp-json\/wp\/v2\/pages\/721\/revisions"}],"predecessor-version":[{"id":828,"href":"http:\/\/yllbox.ch\/de\/wp-json\/wp\/v2\/pages\/721\/revisions\/828"}],"wp:attachment":[{"href":"http:\/\/yllbox.ch\/de\/wp-json\/wp\/v2\/media?parent=721"}],"curies":[{"name":"wp","href":"https:\/\/api.w.org\/{rel}","templated":true}]}}