{"id":1513,"date":"2026-02-15T16:24:38","date_gmt":"2026-02-15T16:24:38","guid":{"rendered":"https:\/\/yllbox.ch\/produit\/prestige-box-nael-collection\/"},"modified":"2026-04-18T19:35:06","modified_gmt":"2026-04-18T19:35:06","slug":"prestige-box-nael-collection","status":"publish","type":"product","link":"http:\/\/yllbox.ch\/de\/produit\/prestige-box-nael-collection\/","title":{"rendered":"Prestige-Set, Kollektion Nael"},"content":{"rendered":"<p data-start=\"78\" data-end=\"391\">Dieses <strong data-start=\"116\" data-end=\"128\">6-teilige<\/strong> Geburtsset wurde entwickelt, um Ihr Baby von Anfang an sanft und beruhigend zu begleiten. Es enth\u00e4lt eine harmonische Auswahl an Artikeln, die dem Wohlbefinden, der Entwicklung der Sinne und den ruhigen Momenten gewidmet sind und die sorgf\u00e4ltig aufgrund ihrer Qualit\u00e4t und Zartheit ausgew\u00e4hlt wurden.<\/p>\n<div>Die Box enth\u00e4lt :<\/div>\n<ul>\n<li><strong>Eine <\/strong>silberfarbene, gestrickte <strong>Babydecke <\/strong>aus Bambusviskose und Baumwolle, die unglaublich weich und bequem ist und ein elegantes Strickmuster hat. Sie ist ideal, um Ihr Baby jeden Tag einzuwickeln und vereint W\u00e4rme, Atmungsaktivit\u00e4t und zeitlosen Stil.<\/li>\n<li><strong>Eine<\/strong> weiche und tr\u00f6stliche <strong>Cable Knit Bear Sicherheitsdecke aus 100% Baumwolle<\/strong> mit einem niedlichen, gedrehten Strickb\u00e4ren in der Mitte. Format 33 \u00d7 33 cm, maschinenwaschbar, ideal f\u00fcr die t\u00e4gliche Begleitung des Babys.<\/li>\n<li><strong>Ein<\/strong> leichter und flexibler <strong>Motorikball<\/strong> aus Silikon in B\u00e4renform, der entwickelt wurde, um das Greifen und die sensorische Entwicklung des Babys zu stimulieren. Sicher, BPA-frei und leicht zu greifen, begleitet er Ihr Baby von den ersten Monaten an, auch w\u00e4hrend des Zahnens.<\/li>\n<li><strong>Ein<\/strong> handgefertigter <strong>Bei\u00dfring<\/strong> aus babyfreundlichen Silikonperlen und einem Stern aus Buchenholz, der entwickelt wurde, um die Schmerzen beim Zahnen zu lindern. Er ist sicher, nat\u00fcrlich und angenehm zu kauen und begleitet Ihr Baby auf sanfte Weise.<\/li>\n<li><strong>Eine Geschenkbox aus Holz<\/strong> mit den Ma\u00dfen 27 x 18.5 x 13 cm<\/li>\n<li><strong>Eine YllBox-Gru\u00dfkarte<\/strong>, die automatisch in der Sprache der Website, die Sie bei der Bestellung verwendet haben, verfasst wird.<\/li>\n<\/ul>\n<p>Ein sch\u00f6nes, n\u00fctzliches und zutiefst wohlwollendes Geschenk, um Ihr Baby von Anfang an sanft zu empfangen.<\/p>\n","protected":false},"excerpt":{"rendered":"<p data-start=\"78\" data-end=\"391\">Dieses <strong data-start=\"116\" data-end=\"128\">6-teilige<\/strong> Geburtsset wurde entwickelt, um Ihr Baby von Anfang an sanft und beruhigend zu begleiten. Es enth\u00e4lt eine harmonische Auswahl an Artikeln, die dem Wohlbefinden, der Entwicklung der Sinne und den ruhigen Momenten gewidmet sind und die sorgf\u00e4ltig aufgrund ihrer Qualit\u00e4t und Zartheit ausgew\u00e4hlt wurden.<\/p>\n","protected":false},"featured_media":1516,"comment_status":"closed","ping_status":"closed","template":"","meta":[],"product_brand":[],"product_cat":[64,69,70],"product_tag":[],"class_list":{"0":"post-1513","1":"product","2":"type-product","3":"status-publish","4":"has-post-thumbnail","6":"product_cat-baby-geburtsset","7":"product_cat-junge","8":"product_cat-madchen","9":"product_shipping_class-standardpaket","11":"first","12":"instock","13":"shipping-taxable","14":"purchasable","15":"product-type-simple"},"jetpack_sharing_enabled":true,"_links":{"self":[{"href":"http:\/\/yllbox.ch\/de\/wp-json\/wp\/v2\/product\/1513","targetHints":{"allow":["GET"]}}],"collection":[{"href":"http:\/\/yllbox.ch\/de\/wp-json\/wp\/v2\/product"}],"about":[{"href":"http:\/\/yllbox.ch\/de\/wp-json\/wp\/v2\/types\/product"}],"replies":[{"embeddable":true,"href":"http:\/\/yllbox.ch\/de\/wp-json\/wp\/v2\/comments?post=1513"}],"wp:featuredmedia":[{"embeddable":true,"href":"http:\/\/yllbox.ch\/de\/wp-json\/wp\/v2\/media\/1516"}],"wp:attachment":[{"href":"http:\/\/yllbox.ch\/de\/wp-json\/wp\/v2\/media?parent=1513"}],"wp:term":[{"taxonomy":"product_brand","embeddable":true,"href":"http:\/\/yllbox.ch\/de\/wp-json\/wp\/v2\/product_brand?post=1513"},{"taxonomy":"product_cat","embeddable":true,"href":"http:\/\/yllbox.ch\/de\/wp-json\/wp\/v2\/product_cat?post=1513"},{"taxonomy":"product_tag","embeddable":true,"href":"http:\/\/yllbox.ch\/de\/wp-json\/wp\/v2\/product_tag?post=1513"}],"curies":[{"name":"wp","href":"https:\/\/api.w.org\/{rel}","templated":true}]}}