{"id":1553,"date":"2026-02-10T15:40:37","date_gmt":"2026-02-10T15:40:37","guid":{"rendered":"https:\/\/yllbox.ch\/produit\/elegance-box-aaron-collection\/"},"modified":"2026-04-19T19:35:21","modified_gmt":"2026-04-19T19:35:21","slug":"elegance-box-aaron-collection","status":"publish","type":"product","link":"http:\/\/yllbox.ch\/de\/produit\/elegance-box-aaron-collection\/","title":{"rendered":"Eleganz-Set, Kollektion Aaron"},"content":{"rendered":"<p>Dieses Geburtsset besteht aus <strong>6 Teilen<\/strong> und wurde entworfen, um Neugeborenen im Alter von 0 bis 3 Monaten einen Moment der absoluten Z\u00e4rtlichkeit zu schenken. Jedes Teil wurde sorgf\u00e4ltig nach Qualit\u00e4t und zartem Design ausgew\u00e4hlt und von Hand in einer wundersch\u00f6nen Geschenkbox verpackt, die dieses Geschenk zu einem unvergesslichen Erlebnis macht.<\/p>\n<p>Die Box enth\u00e4lt :<\/p>\n<ul>\n<li><strong>Ein<\/strong> <strong>Teddyb\u00e4r<\/strong> aus weichem Strickmaterial, das aus ethischen Gr\u00fcnden beschafft wurde. Er f\u00f6rdert die sensorische Entwicklung und begleitet Ihr Baby in seinen ruhigen und kuscheligen Momenten.<\/li>\n<li><strong>Ein<\/strong> weicher, strukturierter <strong>Silikon-Bei\u00dfring<\/strong> in Hasenform, der entwickelt wurde, um das Zahnfleisch zu massieren und die mit dem Zahnen verbundenen Schmerzen zu lindern. Er ist einfach zu halten, zu reinigen und zu sterilisieren und bietet Ihrem Baby t\u00e4glich Komfort und Beruhigung.<\/li>\n<li><strong>Ein <\/strong>lilafarbener <strong>Baby-Mantel <\/strong>, der so entworfen wurde, dass er eine bequeme und sichere Passform bietet und gleichzeitig die Bewegungsfreiheit des Babys unterst\u00fctzt. Er ist praktisch, pflegeleicht und angenehm zu tragen und besteht aus Acryl.<\/li>\n<li><strong>Ein Musselin-Quadrat aus<\/strong> 100 % Baumwolle, weich, funktionell und in eleganten Farben, perfekt f\u00fcr den t\u00e4glichen Gebrauch mit Ihrem Baby. Sie haben eine Universalgr\u00f6\u00dfe (65 \u00d7 65 cm) und werden in Polen hergestellt, um Qualit\u00e4t und Zweckm\u00e4\u00dfigkeit zu kombinieren.<\/li>\n<li><strong>Eine Schachtel aus<\/strong> blauem <strong>Wellkarton<\/strong> mit den Ma\u00dfen 30 x 21.5 x 5 cm<\/li>\n<li><strong>Eine YllBox-Gru\u00dfkarte<\/strong>, die automatisch in der Sprache der Website, die Sie bei der Bestellung verwendet haben, verfasst wird, begleitet Ihr Geschenk.<\/li>\n<\/ul>\n<p>Ein schlichtes und warmes Geschenkset, das perfekt ist, um eine Geburt mit Aufmerksamkeit und Authentizit\u00e4t zu feiern.<\/p>\n","protected":false},"excerpt":{"rendered":"<p>Dieses Geburtsset besteht aus 6 Teilen und wurde entworfen, um Neugeborenen im Alter von 0 bis 3 Monaten einen Moment der absoluten Z\u00e4rtlichkeit zu schenken. Jedes Teil wurde sorgf\u00e4ltig nach Qualit\u00e4t und zartem Design ausgew\u00e4hlt und von Hand in einer wundersch\u00f6nen Geschenkbox verpackt, die dieses Geschenk zu einem unvergesslichen Erlebnis macht.<\/p>\n","protected":false},"featured_media":1559,"comment_status":"closed","ping_status":"closed","template":"","meta":[],"product_brand":[],"product_cat":[64,69],"product_tag":[],"class_list":{"0":"post-1553","1":"product","2":"type-product","3":"status-publish","4":"has-post-thumbnail","6":"product_cat-baby-geburtsset","7":"product_cat-junge","8":"product_shipping_class-standardpaket","10":"first","11":"instock","12":"shipping-taxable","13":"purchasable","14":"product-type-simple"},"jetpack_sharing_enabled":true,"_links":{"self":[{"href":"http:\/\/yllbox.ch\/de\/wp-json\/wp\/v2\/product\/1553","targetHints":{"allow":["GET"]}}],"collection":[{"href":"http:\/\/yllbox.ch\/de\/wp-json\/wp\/v2\/product"}],"about":[{"href":"http:\/\/yllbox.ch\/de\/wp-json\/wp\/v2\/types\/product"}],"replies":[{"embeddable":true,"href":"http:\/\/yllbox.ch\/de\/wp-json\/wp\/v2\/comments?post=1553"}],"wp:featuredmedia":[{"embeddable":true,"href":"http:\/\/yllbox.ch\/de\/wp-json\/wp\/v2\/media\/1559"}],"wp:attachment":[{"href":"http:\/\/yllbox.ch\/de\/wp-json\/wp\/v2\/media?parent=1553"}],"wp:term":[{"taxonomy":"product_brand","embeddable":true,"href":"http:\/\/yllbox.ch\/de\/wp-json\/wp\/v2\/product_brand?post=1553"},{"taxonomy":"product_cat","embeddable":true,"href":"http:\/\/yllbox.ch\/de\/wp-json\/wp\/v2\/product_cat?post=1553"},{"taxonomy":"product_tag","embeddable":true,"href":"http:\/\/yllbox.ch\/de\/wp-json\/wp\/v2\/product_tag?post=1553"}],"curies":[{"name":"wp","href":"https:\/\/api.w.org\/{rel}","templated":true}]}}