{"id":1608,"date":"2026-02-14T13:03:28","date_gmt":"2026-02-14T13:03:28","guid":{"rendered":"https:\/\/yllbox.ch\/produit\/essential-box-aiza-kollektion\/"},"modified":"2026-04-18T19:35:07","modified_gmt":"2026-04-18T19:35:07","slug":"essential-box-aiza-kollektion","status":"publish","type":"product","link":"http:\/\/yllbox.ch\/de\/produit\/essential-box-aiza-kollektion\/","title":{"rendered":"Essentials-Set, Kollektion Aiza"},"content":{"rendered":"<p>Dieses <strong data-start=\"154\" data-end=\"166\">6-teilige<\/strong> Geburtsset wurde entworfen, um Neugeborenen von 0 bis 3 Monaten einen Moment der absoluten Z\u00e4rtlichkeit zu schenken. Es enth\u00e4lt eine Auswahl an Artikeln aus <strong data-start=\"318\" data-end=\"347\">100% nat\u00fcrlichen Materialien<\/strong>, die sorgf\u00e4ltig nach Qualit\u00e4t und Design ausgew\u00e4hlt und von Hand in einer wundersch\u00f6nen Geschenkbox verpackt wurden, um dieses Geschenk zu einer unvergesslichen Erinnerung zu machen.<\/p>\n<div>Die Box enth\u00e4lt :<\/div>\n<ul>\n<li><strong>Ein Paar Socken, hergestellt aus biologischer Baumwolle.<\/strong><\/li>\n<li><strong>Ein lang\u00e4rmeliger Body aus biologischer Baumwolle.<\/strong><\/li>\n<li><strong>Honigfarbenes sensorisches Babyspielzeug Schmetterling aus biologischer Baumwolle<\/strong> mit weichen Fl\u00fcgeln und raffinierten Details, die die Sinne stimulieren und zum Kuscheln einladen. Es ist leicht, beruhigend und umweltfreundlich und eignet sich perfekt f\u00fcr die ersten Monate.<\/li>\n<li><strong>Schnullerhalter aus Musselin<\/strong> mit Holzclip, weich, atmungsaktiv und sicher f\u00fcr die empfindliche Haut des Babys. Praktisch und raffiniert, h\u00e4lt den Schnuller oder Bei\u00dfring den ganzen Tag lang in Reichweite.<\/li>\n<li><strong>Ein Karton aus Wellpappe<\/strong> mit den Ma\u00dfen 30 x 21,5 x 5 cm<\/li>\n<li><strong>Eine YllBox-Gru\u00dfkarte<\/strong>, die automatisch in der Sprache der Website, die Sie bei der Bestellung verwendet haben, verfasst wird.<\/li>\n<\/ul>\n<p>Ein au\u00dfergew\u00f6hnliches Geschenkset, das entworfen wurde, um eine Geburt mit Eleganz, Z\u00e4rtlichkeit und Vornehmheit zu ehren.<\/p>\n","protected":false},"excerpt":{"rendered":"<p>Dieses <strong data-start=\"154\" data-end=\"166\">6-teilige<\/strong> Geburtsset wurde entworfen, um <strong data-start=\"226\" data-end=\"255\">Neugeborenen von 0 bis 3 Monaten<\/strong> einen Moment der absoluten Z\u00e4rtlichkeit zu schenken. Es enth\u00e4lt eine Auswahl an Artikeln aus <strong data-start=\"318\" data-end=\"347\">100% nat\u00fcrlichen Materialien<\/strong>, die sorgf\u00e4ltig nach Qualit\u00e4t und Design ausgew\u00e4hlt und von Hand in einer wundersch\u00f6nen Geschenkbox verpackt wurden, um dieses Geschenk zu einer unvergesslichen Erinnerung zu machen.<\/p>\n","protected":false},"featured_media":1616,"comment_status":"closed","ping_status":"closed","template":"","meta":[],"product_brand":[],"product_cat":[64,70],"product_tag":[],"class_list":{"0":"post-1608","1":"product","2":"type-product","3":"status-publish","4":"has-post-thumbnail","6":"product_cat-baby-geburtsset","7":"product_cat-madchen","8":"product_shipping_class-standardpaket","10":"first","11":"instock","12":"shipping-taxable","13":"purchasable","14":"product-type-simple"},"jetpack_sharing_enabled":true,"_links":{"self":[{"href":"http:\/\/yllbox.ch\/de\/wp-json\/wp\/v2\/product\/1608","targetHints":{"allow":["GET"]}}],"collection":[{"href":"http:\/\/yllbox.ch\/de\/wp-json\/wp\/v2\/product"}],"about":[{"href":"http:\/\/yllbox.ch\/de\/wp-json\/wp\/v2\/types\/product"}],"replies":[{"embeddable":true,"href":"http:\/\/yllbox.ch\/de\/wp-json\/wp\/v2\/comments?post=1608"}],"wp:featuredmedia":[{"embeddable":true,"href":"http:\/\/yllbox.ch\/de\/wp-json\/wp\/v2\/media\/1616"}],"wp:attachment":[{"href":"http:\/\/yllbox.ch\/de\/wp-json\/wp\/v2\/media?parent=1608"}],"wp:term":[{"taxonomy":"product_brand","embeddable":true,"href":"http:\/\/yllbox.ch\/de\/wp-json\/wp\/v2\/product_brand?post=1608"},{"taxonomy":"product_cat","embeddable":true,"href":"http:\/\/yllbox.ch\/de\/wp-json\/wp\/v2\/product_cat?post=1608"},{"taxonomy":"product_tag","embeddable":true,"href":"http:\/\/yllbox.ch\/de\/wp-json\/wp\/v2\/product_tag?post=1608"}],"curies":[{"name":"wp","href":"https:\/\/api.w.org\/{rel}","templated":true}]}}