{"id":1673,"date":"2026-02-15T14:29:59","date_gmt":"2026-02-15T14:29:59","guid":{"rendered":"https:\/\/yllbox.ch\/produit\/signature-box-livia-kollektion\/"},"modified":"2026-04-18T19:35:06","modified_gmt":"2026-04-18T19:35:06","slug":"signature-box-livia-kollektion","status":"publish","type":"product","link":"http:\/\/yllbox.ch\/de\/produit\/signature-box-livia-kollektion\/","title":{"rendered":"Signature-Set, Kollektion &#8211; Livia"},"content":{"rendered":"<p data-start=\"78\" data-end=\"391\">Dieses <strong data-start=\"118\" data-end=\"130\">8-teilige<\/strong> Babyset wurde als eine Einladung zu Sanftheit und Wohlbefinden ab den ersten Monaten entworfen. Es enth\u00e4lt eine raffinierte Auswahl an Trost-, Pflege- und Sinneserfahrungsartikeln, die sorgf\u00e4ltig ausgew\u00e4hlt wurden, um das Baby in seinen Momenten der Entspannung, des Spiels und der Z\u00e4rtlichkeit zu begleiten. In einer hochwertigen Geschenkbox verpackt, ist es ein wertvolles Geschenk, das W\u00e4rme, Gelassenheit und Emotionen schenkt.<\/p>\n<div>Die Box enth\u00e4lt :<\/div>\n<ul>\n<li><strong>Eine <\/strong>silberfarbene, gestrickte <strong>Babydecke <\/strong>aus Bambusviskose und Baumwolle, die unglaublich weich und bequem ist und ein elegantes Strickmuster hat. Sie ist ideal, um Ihr Baby jeden Tag einzuwickeln und vereint W\u00e4rme, Atmungsaktivit\u00e4t und zeitlosen Stil.<\/li>\n<li><strong>Ein Bade- und Massage\u00f6l f\u00fcr Babys<\/strong>, das ideal f\u00fcr entspannende Momente ist und die zarte Haut von Geburt an beruhigt und n\u00e4hrt. Seine Mischung aus Lavendel, Kamille und Avocado bietet ein entspannendes Erlebnis, perfekt f\u00fcr ein Bad oder eine Massage.Inhaltsstoffe: Prunus Amygdalus Dulcis \u00d6l (S\u00fc\u00dfmandel), Simmondsia Chinensis Samen\u00f6l (Jojoba), Lavandula Angustifolia \u00d6l (Lavendel), Linalool, Limonene.<\/li>\n<li><strong>Ein 100% nat\u00fcrlicher Babybalsam<\/strong>, der auf der Basis von Sheabutter und Kokosnuss\u00f6l entwickelt wurde, um empfindliche Haut von Geburt an mit Feuchtigkeit zu versorgen, zu n\u00e4hren und zu beruhigen. Er ist frei von Chemikalien, Duft- und Farbstoffen und ideal f\u00fcr trockene Stellen, kleine Reizungen und allt\u00e4gliche Beschwerden.<br \/>\nInhaltsstoffe: Butyrospermum Parkii Butter (Shea Butter), Prunus Amygdalus Dulcis \u00d6l (S\u00fc\u00dfmandel), Simmondsia Chinensis Samen\u00f6l (Jojoba)<\/li>\n<li><strong>Ein<\/strong> leichter und flexibler <strong>Motorikball<\/strong> aus Silikon in B\u00e4renform, der entwickelt wurde, um das Greifen und die sensorische Entwicklung des Babys zu stimulieren. Sicher, BPA-frei und leicht zu greifen, begleitet er Ihr Baby von den ersten Monaten an, auch w\u00e4hrend des Zahnens.<\/li>\n<li>Handgefertigte <strong>Schnullerkette aus beigem<\/strong> Cord mit einem Clip aus Naturholz, mit dem der Schnuller leicht an der Kleidung oder dem L\u00e4tzchen befestigt werden kann. Praktisch, elegant und weich, verhindert Verluste und verleiht dem Alltag Ihres Babys eine raffinierte Note.<\/li>\n<li><strong>Ein<\/strong> <strong>Teddyb\u00e4r<\/strong> aus weichem Strickmaterial, das aus ethischen Gr\u00fcnden beschafft wurde. Er f\u00f6rdert die sensorische Entwicklung und begleitet Ihr Baby in seinen ruhigen und kuscheligen Momenten.<\/li>\n<li><strong>Ein hochwertiger Geschenkkarton<\/strong> mit Magnetverschluss und elegantem Satinband in den Ma\u00dfen 31,5 \u00d7 26,5 \u00d7 9 cm<\/li>\n<li><strong>Eine YllBox-Gru\u00dfkarte<\/strong>, die automatisch in der Sprache der Website, die Sie bei der Bestellung verwendet haben, verfasst wird.<\/li>\n<\/ul>\n<p>Ein sch\u00f6nes, n\u00fctzliches und zutiefst wohlwollendes Geschenk, um Ihr Baby von Anfang an sanft zu empfangen.<\/p>\n","protected":false},"excerpt":{"rendered":"<p data-start=\"78\" data-end=\"391\">Dieses <strong data-start=\"118\" data-end=\"130\">8-teilige<\/strong> Babyset wurde als eine Einladung zu Sanftheit und Wohlbefinden ab den ersten Monaten entworfen. Es enth\u00e4lt eine raffinierte Auswahl an Trost-, Pflege- und Sinneserfahrungsartikeln, die sorgf\u00e4ltig ausgew\u00e4hlt wurden, um das Baby in seinen Momenten der Entspannung, des Spiels und der Z\u00e4rtlichkeit zu begleiten. In einer hochwertigen Geschenkbox verpackt, ist es ein wertvolles Geschenk, das W\u00e4rme, Gelassenheit und Emotionen schenkt.<\/p>\n","protected":false},"featured_media":1680,"comment_status":"closed","ping_status":"closed","template":"","meta":[],"product_brand":[],"product_cat":[64,70],"product_tag":[],"class_list":{"0":"post-1673","1":"product","2":"type-product","3":"status-publish","4":"has-post-thumbnail","6":"product_cat-baby-geburtsset","7":"product_cat-madchen","8":"product_shipping_class-standardpaket","10":"first","11":"instock","12":"shipping-taxable","13":"purchasable","14":"product-type-simple"},"jetpack_sharing_enabled":true,"_links":{"self":[{"href":"http:\/\/yllbox.ch\/de\/wp-json\/wp\/v2\/product\/1673","targetHints":{"allow":["GET"]}}],"collection":[{"href":"http:\/\/yllbox.ch\/de\/wp-json\/wp\/v2\/product"}],"about":[{"href":"http:\/\/yllbox.ch\/de\/wp-json\/wp\/v2\/types\/product"}],"replies":[{"embeddable":true,"href":"http:\/\/yllbox.ch\/de\/wp-json\/wp\/v2\/comments?post=1673"}],"wp:featuredmedia":[{"embeddable":true,"href":"http:\/\/yllbox.ch\/de\/wp-json\/wp\/v2\/media\/1680"}],"wp:attachment":[{"href":"http:\/\/yllbox.ch\/de\/wp-json\/wp\/v2\/media?parent=1673"}],"wp:term":[{"taxonomy":"product_brand","embeddable":true,"href":"http:\/\/yllbox.ch\/de\/wp-json\/wp\/v2\/product_brand?post=1673"},{"taxonomy":"product_cat","embeddable":true,"href":"http:\/\/yllbox.ch\/de\/wp-json\/wp\/v2\/product_cat?post=1673"},{"taxonomy":"product_tag","embeddable":true,"href":"http:\/\/yllbox.ch\/de\/wp-json\/wp\/v2\/product_tag?post=1673"}],"curies":[{"name":"wp","href":"https:\/\/api.w.org\/{rel}","templated":true}]}}