{"id":1683,"date":"2026-02-15T13:39:07","date_gmt":"2026-02-15T13:39:07","guid":{"rendered":"https:\/\/yllbox.ch\/produit\/signature-box-neyla-collection\/"},"modified":"2026-04-19T19:35:19","modified_gmt":"2026-04-19T19:35:19","slug":"signature-box-neyla-collection","status":"publish","type":"product","link":"http:\/\/yllbox.ch\/de\/produit\/signature-box-neyla-collection\/","title":{"rendered":"Signature-Set, Kollektion Neyla"},"content":{"rendered":"<p data-start=\"78\" data-end=\"391\">Dieses <strong data-start=\"128\" data-end=\"140\">6-teilige<\/strong> Geburtsset wurde entworfen, um Ihr Baby von Anfang an in eine weiche H\u00fclle zu h\u00fcllen. Es enth\u00e4lt eine erlesene Auswahl an Kleidung aus biologischer Baumwolle, zarten Accessoires und beruhigenden Elementen, die sorgf\u00e4ltig ausgew\u00e4hlt wurden, um das Wohlbefinden und die Entwicklung des Neugeborenen zu f\u00f6rdern. In einer hochwertigen Geschenkbox verpackt, ist es ein wertvolles, z\u00e4rtliches und unvergessliches Geschenk.<\/p>\n<div>Die Box enth\u00e4lt :<\/div>\n<ul>\n<li><strong>ein Babyspielzeug aus 100% Naturkautschuk &#8211; Sophie die Giraffe<\/strong>, das entwickelt wurde, um die Sinne zu stimulieren und das Zahnfleisch zu beruhigen, wenn die ersten Z\u00e4hne kommen. Mit ihren langen Beinen und dem Hals ist sie leicht und einfach zu greifen und eignet sich perfekt f\u00fcr kleine H\u00e4nde ab der Geburt. Er wurde mit Lebensmittelfarbe bemalt und ist f\u00fcr das Baby absolut sicher. Gr\u00f6\u00dfe: 18cm.<\/li>\n<li><strong>Eine <\/strong>rosafarbene <strong>Decke <\/strong>, die so entworfen wurde, dass sie W\u00e4rme, Komfort und Bewegungsfreiheit bietet. Sie ist pflegeleicht, f\u00fchlt sich gut an und ist aus Acryl gefertigt.<\/li>\n<li>Hellvioletter sensorischer <strong>Bei\u00dfring<\/strong> aus biologischer Baumwolle mit einem Ring aus Buchenholz, um das Zahnfleisch des Babys zu beruhigen. Er ist leicht und verspielt, stimuliert die Sinne und ist eine sch\u00f6ne Geschenkidee ab der Geburt.<\/li>\n<li><strong>Ein Body aus biologischer Baumwolle.<\/strong><\/li>\n<li><strong>Ein hochwertiger Geschenkkarton<\/strong> mit Magnetverschluss und elegantem Satinband in den Ma\u00dfen 31,5 \u00d7 26,5 \u00d7 9 cm<\/li>\n<li><strong>Eine YllBox-Gru\u00dfkarte<\/strong>, die automatisch in der Sprache der Website, die Sie bei der Bestellung verwendet haben, verfasst wird.<\/li>\n<\/ul>\n<p>Ein sch\u00f6nes, n\u00fctzliches und zutiefst wohlwollendes Geschenk, um Ihr Baby von Anfang an sanft zu empfangen.<\/p>\n","protected":false},"excerpt":{"rendered":"<p data-start=\"78\" data-end=\"391\">Dieses <strong data-start=\"128\" data-end=\"140\">6-teilige<\/strong> Geburtsset wurde entworfen, um Ihr Baby von Anfang an in eine weiche H\u00fclle zu h\u00fcllen. Es enth\u00e4lt eine erlesene Auswahl an Kleidung aus biologischer Baumwolle, zarten Accessoires und beruhigenden Elementen, die sorgf\u00e4ltig ausgew\u00e4hlt wurden, um das Wohlbefinden und die Entwicklung des Neugeborenen zu f\u00f6rdern. In einer hochwertigen Geschenkbox verpackt, ist es ein wertvolles, z\u00e4rtliches und unvergessliches Geschenk.<\/p>\n","protected":false},"featured_media":1686,"comment_status":"closed","ping_status":"closed","template":"","meta":[],"product_brand":[],"product_cat":[64,70],"product_tag":[],"class_list":{"0":"post-1683","1":"product","2":"type-product","3":"status-publish","4":"has-post-thumbnail","6":"product_cat-baby-geburtsset","7":"product_cat-madchen","8":"product_shipping_class-standardpaket","10":"first","11":"instock","12":"shipping-taxable","13":"purchasable","14":"product-type-simple"},"jetpack_sharing_enabled":true,"_links":{"self":[{"href":"http:\/\/yllbox.ch\/de\/wp-json\/wp\/v2\/product\/1683","targetHints":{"allow":["GET"]}}],"collection":[{"href":"http:\/\/yllbox.ch\/de\/wp-json\/wp\/v2\/product"}],"about":[{"href":"http:\/\/yllbox.ch\/de\/wp-json\/wp\/v2\/types\/product"}],"replies":[{"embeddable":true,"href":"http:\/\/yllbox.ch\/de\/wp-json\/wp\/v2\/comments?post=1683"}],"wp:featuredmedia":[{"embeddable":true,"href":"http:\/\/yllbox.ch\/de\/wp-json\/wp\/v2\/media\/1686"}],"wp:attachment":[{"href":"http:\/\/yllbox.ch\/de\/wp-json\/wp\/v2\/media?parent=1683"}],"wp:term":[{"taxonomy":"product_brand","embeddable":true,"href":"http:\/\/yllbox.ch\/de\/wp-json\/wp\/v2\/product_brand?post=1683"},{"taxonomy":"product_cat","embeddable":true,"href":"http:\/\/yllbox.ch\/de\/wp-json\/wp\/v2\/product_cat?post=1683"},{"taxonomy":"product_tag","embeddable":true,"href":"http:\/\/yllbox.ch\/de\/wp-json\/wp\/v2\/product_tag?post=1683"}],"curies":[{"name":"wp","href":"https:\/\/api.w.org\/{rel}","templated":true}]}}