{"id":1708,"date":"2026-02-15T13:10:32","date_gmt":"2026-02-15T13:10:32","guid":{"rendered":"https:\/\/yllbox.ch\/produit\/signature-box-lea-collection\/"},"modified":"2026-04-18T19:35:07","modified_gmt":"2026-04-18T19:35:07","slug":"signature-box-lea-collection","status":"publish","type":"product","link":"http:\/\/yllbox.ch\/de\/produit\/signature-box-lea-collection\/","title":{"rendered":"Signature-Set, Kollektion"},"content":{"rendered":"<p data-start=\"78\" data-end=\"391\">Dieses <strong data-start=\"103\" data-end=\"115\">8-teilige<\/strong> Babyset wurde entworfen, um Ihr Baby von Anfang an weich und bequem zu umh\u00fcllen. Es enth\u00e4lt Kleidung aus biologischer Baumwolle, eine zart gestrickte Decke und ein tr\u00f6stendes Kuscheltier, die sorgf\u00e4ltig ausgew\u00e4hlt wurden, um Wohlbefinden, Qualit\u00e4t und Z\u00e4rtlichkeit im Alltag zu vereinen. In einer hochwertigen Geschenkbox verpackt, ist es ein raffiniertes und emotionales Geschenk.<\/p>\n<div>Die Box enth\u00e4lt :<\/div>\n<ul>\n<li><strong>Ein<\/strong> superweiches und tr\u00f6stliches <strong>Kaninchen-Pl\u00fcschtier aus biologischer Baumwolle<\/strong>, das entwickelt wurde, um die Sinne des Babys von Geburt an zu stimulieren. Es wird verantwortungsvoll aus nachhaltigen Materialien hergestellt und f\u00f6rdert die Sinneswahrnehmung und die emotionale Bindung im Alltag.<\/li>\n<li><strong>Eine rosafarbene, gestrickte Babydecke<\/strong> aus Bambusviskose und Baumwolle, unglaublich weich und bequem, mit einem eleganten Strickmuster. Sie ist ideal, um Ihr Baby t\u00e4glich einzuwickeln und vereint W\u00e4rme, Atmungsaktivit\u00e4t und zeitlosen Stil.<\/li>\n<li><strong>Zwei Body Langarm aus biologischer Baumwolle.<\/strong><\/li>\n<li><strong>Ein Paar Socken aus biologischer Baumwolle.<\/strong><\/li>\n<li><strong>Ein L\u00e4tzchen aus biologischer Baumwolle.<\/strong><\/li>\n<li><strong>Ein hochwertiger Geschenkkarton<\/strong> mit Magnetverschluss und elegantem Satinband in den Ma\u00dfen 31,5 \u00d7 26,5 \u00d7 9 cm<\/li>\n<li><strong>Eine YllBox-Gru\u00dfkarte<\/strong>, die automatisch in der Sprache der Website, die Sie bei der Bestellung verwendet haben, verfasst wird.<\/li>\n<\/ul>\n<p>Ein sch\u00f6nes, n\u00fctzliches und zutiefst wohlwollendes Geschenk, um Ihr Baby von Anfang an sanft zu empfangen.<\/p>\n","protected":false},"excerpt":{"rendered":"<p data-start=\"78\" data-end=\"391\">Dieses <strong data-start=\"103\" data-end=\"115\">8-teilige<\/strong> Babyset wurde entworfen, um Ihr Baby von Anfang an weich und bequem zu umh\u00fcllen. Es enth\u00e4lt Kleidung aus biologischer Baumwolle, eine zart gestrickte Decke und ein tr\u00f6stendes Kuscheltier, die sorgf\u00e4ltig ausgew\u00e4hlt wurden, um Wohlbefinden, Qualit\u00e4t und Z\u00e4rtlichkeit im Alltag zu vereinen. In einer hochwertigen Geschenkbox verpackt, ist es ein raffiniertes und emotionales Geschenk.<\/p>\n","protected":false},"featured_media":1714,"comment_status":"closed","ping_status":"closed","template":"","meta":[],"product_brand":[],"product_cat":[64,70],"product_tag":[],"class_list":{"0":"post-1708","1":"product","2":"type-product","3":"status-publish","4":"has-post-thumbnail","6":"product_cat-baby-geburtsset","7":"product_cat-madchen","8":"product_shipping_class-standardpaket","10":"first","11":"instock","12":"shipping-taxable","13":"purchasable","14":"product-type-simple"},"jetpack_sharing_enabled":true,"_links":{"self":[{"href":"http:\/\/yllbox.ch\/de\/wp-json\/wp\/v2\/product\/1708","targetHints":{"allow":["GET"]}}],"collection":[{"href":"http:\/\/yllbox.ch\/de\/wp-json\/wp\/v2\/product"}],"about":[{"href":"http:\/\/yllbox.ch\/de\/wp-json\/wp\/v2\/types\/product"}],"replies":[{"embeddable":true,"href":"http:\/\/yllbox.ch\/de\/wp-json\/wp\/v2\/comments?post=1708"}],"wp:featuredmedia":[{"embeddable":true,"href":"http:\/\/yllbox.ch\/de\/wp-json\/wp\/v2\/media\/1714"}],"wp:attachment":[{"href":"http:\/\/yllbox.ch\/de\/wp-json\/wp\/v2\/media?parent=1708"}],"wp:term":[{"taxonomy":"product_brand","embeddable":true,"href":"http:\/\/yllbox.ch\/de\/wp-json\/wp\/v2\/product_brand?post=1708"},{"taxonomy":"product_cat","embeddable":true,"href":"http:\/\/yllbox.ch\/de\/wp-json\/wp\/v2\/product_cat?post=1708"},{"taxonomy":"product_tag","embeddable":true,"href":"http:\/\/yllbox.ch\/de\/wp-json\/wp\/v2\/product_tag?post=1708"}],"curies":[{"name":"wp","href":"https:\/\/api.w.org\/{rel}","templated":true}]}}