{"id":1723,"date":"2026-02-15T17:12:18","date_gmt":"2026-02-15T17:12:18","guid":{"rendered":"https:\/\/yllbox.ch\/produit\/prestige-box-lena-collection\/"},"modified":"2026-04-18T19:35:06","modified_gmt":"2026-04-18T19:35:06","slug":"prestige-box-lena-collection","status":"publish","type":"product","link":"http:\/\/yllbox.ch\/de\/produit\/prestige-box-lena-collection\/","title":{"rendered":"Prestige-Set, Kollektion Lena"},"content":{"rendered":"<p data-start=\"78\" data-end=\"391\">Dieses<strong data-start=\"49\" data-end=\"96\"> 10-teilige <\/strong> Babyset wurde entworfen, um die ersten Monate Ihres Lebens mit Sanftheit, Stil und Raffinesse zu begleiten. Es enth\u00e4lt eine harmonische Auswahl an Kleidung aus biologischer Baumwolle, zartem Zubeh\u00f6r f\u00fcr die Entwicklung und sorgf\u00e4ltig ausgew\u00e4hlten Trostspendern. In einer personalisierten Holzschachtel verpackt, ist es ein einzigartiges und wertvolles Geschenk, das jeden Schritt mit Emotionen begleiten soll.<\/p>\n<div>Die Box enth\u00e4lt :<\/div>\n<ul>\n<li><strong>Ein zweiteiliges Set aus Bio-Baumwolle (6-9 Monate)<\/strong>, bestehend aus zwei Essentials mit zeitlosem skandinavischem Design, das Weichheit, Komfort und Qualit\u00e4t verbindet. Ein elegantes und nachhaltiges Geschenk, das f\u00fcr Jungen und M\u00e4dchen gleicherma\u00dfen geeignet ist und mit Sorgfalt f\u00fcr das Wohlbefinden des Babys und des Planeten entworfen wurde.<\/li>\n<li><strong>Ein<\/strong> passender <strong>h\u00f6lzerner Kleiderb\u00fcgel<\/strong> ist im Lieferumfang enthalten, damit Sie das Set aufh\u00e4ngen und ordentlich und praktisch aufbewahren k\u00f6nnen.<\/li>\n<li><strong>Ein taupefarbenes Kaninchenpl\u00fcschtier aus<\/strong> GOTS-zertifizierter <strong>Bio-Baumwolle<\/strong>, das unglaublich weich und sicher f\u00fcr die zarte Haut Ihres Babys von Geburt an ist. Mit einer H\u00f6he von 35 cm wird es verantwortungsvoll aus nachhaltigen Materialien hergestellt und begleitet die Momente des Kuschelns, des Schlafes und des Trostes.<\/li>\n<li>Handgeh\u00e4kelte <strong>Hasenrassel <\/strong>&#8211; braun, mit einem Ring aus Buchenholz und einem Gl\u00f6ckchen im Inneren, das zart klingelt. Sie ist leicht zu greifen, stimuliert die Sinne des Babys und ist ein s\u00fc\u00dfes Geschenk zur Geburt.<\/li>\n<li><strong>Ein gestricktes Baby-L\u00e4tzchen aus biologischer Baumwolle<\/strong>, ultraweich und saugf\u00e4hig, mit einer verstellbaren Gr\u00f6\u00dfe f\u00fcr optimalen Komfort beim Zahnen. Es wurde sorgf\u00e4ltig aus GOTS-zertifizierter Baumwolle hergestellt und vereint Praktikabilit\u00e4t, Stil und \u00f6kologische Verantwortung.<\/li>\n<li><strong>Ein Schnullerhalter aus Musselin<\/strong> mit Holzclip, weich, atmungsaktiv und sicher f\u00fcr die empfindliche Haut Ihres Babys. Praktisch und raffiniert, h\u00e4lt er den Schnuller oder Bei\u00dfring den ganzen Tag lang in Reichweite.<\/li>\n<li><strong>Eine Geschenkschachtel aus Naturholz<\/strong> mit den Ma\u00dfen 30,5 x 23 x 8,5 cm<\/li>\n<li><strong>Ein personalisiertes h\u00f6lzernes Medaillon. <\/strong>Dieses kreisf\u00f6rmige Medaillon ist auf Naturholz graviert und zeigt den Namen des Kindes mit einer s\u00fc\u00dfen und inspirierenden Botschaft.<\/li>\n<li><strong>Eine YllBox-Gru\u00dfkarte<\/strong>, die automatisch in der Sprache der Website, die Sie bei der Bestellung verwendet haben, verfasst wird.<\/li>\n<\/ul>\n<p>Ein sch\u00f6nes, n\u00fctzliches und liebevolles Geschenk, mit dem Sie Ihr Baby sanft und liebevoll durch die Monate begleiten k\u00f6nnen.<\/p>\n","protected":false},"excerpt":{"rendered":"<p data-start=\"78\" data-end=\"391\">Dieses<strong data-start=\"49\" data-end=\"96\"> 10-teilige <\/strong> Babyset wurde entworfen, um die ersten Monate Ihres Lebens mit Sanftheit, Stil und Raffinesse zu begleiten. Es enth\u00e4lt eine harmonische Auswahl an Kleidung aus biologischer Baumwolle, zartem Zubeh\u00f6r f\u00fcr die Entwicklung und sorgf\u00e4ltig ausgew\u00e4hlten Trostspendern. In einer personalisierten Holzschachtel verpackt, ist es ein einzigartiges und wertvolles Geschenk, das jeden Schritt mit Emotionen begleiten soll.<\/p>\n","protected":false},"featured_media":1729,"comment_status":"closed","ping_status":"closed","template":"","meta":[],"product_brand":[],"product_cat":[64,69,70],"product_tag":[],"class_list":{"0":"post-1723","1":"product","2":"type-product","3":"status-publish","4":"has-post-thumbnail","6":"product_cat-baby-geburtsset","7":"product_cat-junge","8":"product_cat-madchen","9":"product_shipping_class-standardpaket","11":"first","12":"instock","13":"shipping-taxable","14":"purchasable","15":"product-type-simple"},"jetpack_sharing_enabled":true,"_links":{"self":[{"href":"http:\/\/yllbox.ch\/de\/wp-json\/wp\/v2\/product\/1723","targetHints":{"allow":["GET"]}}],"collection":[{"href":"http:\/\/yllbox.ch\/de\/wp-json\/wp\/v2\/product"}],"about":[{"href":"http:\/\/yllbox.ch\/de\/wp-json\/wp\/v2\/types\/product"}],"replies":[{"embeddable":true,"href":"http:\/\/yllbox.ch\/de\/wp-json\/wp\/v2\/comments?post=1723"}],"wp:featuredmedia":[{"embeddable":true,"href":"http:\/\/yllbox.ch\/de\/wp-json\/wp\/v2\/media\/1729"}],"wp:attachment":[{"href":"http:\/\/yllbox.ch\/de\/wp-json\/wp\/v2\/media?parent=1723"}],"wp:term":[{"taxonomy":"product_brand","embeddable":true,"href":"http:\/\/yllbox.ch\/de\/wp-json\/wp\/v2\/product_brand?post=1723"},{"taxonomy":"product_cat","embeddable":true,"href":"http:\/\/yllbox.ch\/de\/wp-json\/wp\/v2\/product_cat?post=1723"},{"taxonomy":"product_tag","embeddable":true,"href":"http:\/\/yllbox.ch\/de\/wp-json\/wp\/v2\/product_tag?post=1723"}],"curies":[{"name":"wp","href":"https:\/\/api.w.org\/{rel}","templated":true}]}}