{"id":1735,"date":"2026-02-01T11:40:39","date_gmt":"2026-02-01T11:40:39","guid":{"rendered":"https:\/\/yllbox.ch\/produit\/geschenkset-mailily-s-rosa\/"},"modified":"2026-04-18T19:35:08","modified_gmt":"2026-04-18T19:35:08","slug":"geschenkset-mailily-s-rosa","status":"publish","type":"product","link":"http:\/\/yllbox.ch\/de\/produit\/geschenkset-mailily-s-rosa\/","title":{"rendered":"Geschenkset Mailily S &#8211; Rosa"},"content":{"rendered":"<p data-start=\"120\" data-end=\"443\">Dieses <strong data-start=\"144\" data-end=\"157\">100 % biologische<\/strong> Geburtsset wurde entworfen, um Neugeborenen von 0 bis 3 Monaten einen Moment der absoluten Z\u00e4rtlichkeit zu schenken. Jedes Element wurde sorgf\u00e4ltig nach seiner Qualit\u00e4t, seinem nat\u00fcrlichen Ursprung und seinem zarten Design ausgew\u00e4hlt und von Hand in einer wundersch\u00f6nen Geschenkbox verpackt, die ideal f\u00fcr ein unvergessliches Geschenk ist. <\/p>\n<p data-start=\"445\" data-end=\"595\">Dieses Set wurde entworfen, um die ersten Momente des Babys mit Z\u00e4rtlichkeit und Gelassenheit zu begleiten. Es verbindet Handwerkskunst, edle Materialien und sensorisches Wohlbefinden.<\/p>\n<p data-start=\"597\" data-end=\"890\">Die Box enth\u00e4lt :<\/p>\n<ul>\n<li><strong>Ein Paar<\/strong> handgestrickte <strong>Babyschuhe<\/strong> aus <strong>rosafarbener<\/strong> Bio-Baumwolle, weich und bequem, mit h\u00fcbschen Zierkn\u00f6pfen aus Eschenholz. Sie sind mit einem zarten Gummizug versehen und bieten optimalen Halt, w\u00e4hrend sie gleichzeitig einen schicken, handgefertigten Touch ab den ersten Monaten verleihen. <\/li>\n<li><strong>Eine<\/strong> \u00f6kologische <strong>Bei\u00dfrassel<\/strong> Hase MAYLILY in <strong>rosa<\/strong>, handgearbeitet aus biologischer Baumwolle und mit einem Ring aus zertifiziertem Ahornholz, der sanft klappert. Elegant und sensorisch, beruhigt sie das Zahnen und regt gleichzeitig die Sinne des Babys an. <\/li>\n<li><strong>Eine Holzkiste<\/strong> 16x16x6,5 cm<\/li>\n<li><strong>Ein Bade- und Massage\u00f6l<\/strong> f\u00fcr Babys, das ideal f\u00fcr entspannende Momente ist und so formuliert wurde, dass es die zarte Haut von Geburt an beruhigt und n\u00e4hrt. Seine Mischung aus Lavendel, Kamille und Avocado bietet ein entspannendes Erlebnis, perfekt f\u00fcr ein Bad oder eine Massage.<br \/>\nInhaltsstoffe: Prunus Amygdalus Dulcis \u00d6l (S\u00fc\u00dfmandel), Simmondsia Chinensis Samen\u00f6l (Jojoba), Lavandula Angustifolia \u00d6l (Lavendel), Linalool, Limonene. <\/li>\n<li><strong>Eine YllBox-Gru\u00dfkarte<\/strong>, die automatisch in der Sprache der Website, die Sie bei der Bestellung verwendet haben, verfasst wird, begleitet Ihr Geschenk.<\/li>\n<\/ul>\n<p>Eine nat\u00fcrliche und poetische Premium-Box, das perfekte Geschenk, um eine Geburt mit Eleganz und Emotion zu feiern.<\/p>\n","protected":false},"excerpt":{"rendered":"<p>Ein Baby-Geschenkset aus <strong data-start=\"81\" data-end=\"94\">100 % biologischem<\/strong> Anbau, sorgf\u00e4ltig ausgew\u00e4hlt und von Hand in einer eleganten Geschenkbox verpackt. Entworfen f\u00fcr Neugeborene von 0 bis 3 Monaten, zelebriert es die Sanftheit der ersten Momente mit nat\u00fcrlichen Materialien, handwerklicher Herstellung und beruhigenden D\u00fcften. <\/p>\n","protected":false},"featured_media":1739,"comment_status":"closed","ping_status":"closed","template":"","meta":[],"product_brand":[],"product_cat":[64,70],"product_tag":[],"class_list":{"0":"post-1735","1":"product","2":"type-product","3":"status-publish","4":"has-post-thumbnail","6":"product_cat-baby-geburtsset","7":"product_cat-madchen","8":"product_shipping_class-standardpaket","10":"first","11":"instock","12":"shipping-taxable","13":"purchasable","14":"product-type-simple"},"jetpack_sharing_enabled":true,"_links":{"self":[{"href":"http:\/\/yllbox.ch\/de\/wp-json\/wp\/v2\/product\/1735","targetHints":{"allow":["GET"]}}],"collection":[{"href":"http:\/\/yllbox.ch\/de\/wp-json\/wp\/v2\/product"}],"about":[{"href":"http:\/\/yllbox.ch\/de\/wp-json\/wp\/v2\/types\/product"}],"replies":[{"embeddable":true,"href":"http:\/\/yllbox.ch\/de\/wp-json\/wp\/v2\/comments?post=1735"}],"wp:featuredmedia":[{"embeddable":true,"href":"http:\/\/yllbox.ch\/de\/wp-json\/wp\/v2\/media\/1739"}],"wp:attachment":[{"href":"http:\/\/yllbox.ch\/de\/wp-json\/wp\/v2\/media?parent=1735"}],"wp:term":[{"taxonomy":"product_brand","embeddable":true,"href":"http:\/\/yllbox.ch\/de\/wp-json\/wp\/v2\/product_brand?post=1735"},{"taxonomy":"product_cat","embeddable":true,"href":"http:\/\/yllbox.ch\/de\/wp-json\/wp\/v2\/product_cat?post=1735"},{"taxonomy":"product_tag","embeddable":true,"href":"http:\/\/yllbox.ch\/de\/wp-json\/wp\/v2\/product_tag?post=1735"}],"curies":[{"name":"wp","href":"https:\/\/api.w.org\/{rel}","templated":true}]}}