{"id":1751,"date":"2026-02-01T12:05:07","date_gmt":"2026-02-01T12:05:07","guid":{"rendered":"https:\/\/yllbox.ch\/produit\/mailily-m-box-grau\/"},"modified":"2026-04-19T19:35:21","modified_gmt":"2026-04-19T19:35:21","slug":"mailily-m-box-grau","status":"publish","type":"product","link":"http:\/\/yllbox.ch\/de\/produit\/mailily-m-box-grau\/","title":{"rendered":"Mailily M Box &#8211; Grau"},"content":{"rendered":"<p data-start=\"120\" data-end=\"443\">Dieses Geburtsset wurde entworfen, um Neugeborenen von 0 bis 3 Monaten einen Moment der absoluten Z\u00e4rtlichkeit zu schenken. Jedes Element wurde sorgf\u00e4ltig nach seiner Qualit\u00e4t, seinen nat\u00fcrlichen Materialien und seinem zarten Design ausgew\u00e4hlt und von Hand in einer wundersch\u00f6nen Geschenkbox verpackt, ideal f\u00fcr ein unvergessliches Geschenk. <\/p>\n<p data-start=\"445\" data-end=\"595\">Dieses Set wurde entworfen, um die ersten Momente des Babys mit Z\u00e4rtlichkeit und Gelassenheit zu begleiten. Es verbindet Handwerkskunst, edle Materialien und sensorisches Wohlbefinden.<\/p>\n<p data-start=\"597\" data-end=\"890\">Die Box enth\u00e4lt :<\/p>\n<ul>\n<li><strong>Ein Paar<\/strong> handgestrickte <strong>Babyschuhe<\/strong> aus<strong> grauer<\/strong> Bio-Baumwolle, weich und bequem, mit h\u00fcbschen Zierkn\u00f6pfen aus Eschenholz. Sie sind mit einem zarten Gummizug versehen und bieten optimalen Halt, w\u00e4hrend sie gleichzeitig einen schicken, handgefertigten Touch ab den ersten Monaten verleihen. <\/li>\n<li><strong>Eine<\/strong> \u00f6kologische <strong>Bei\u00dfrassel<\/strong> Hase MAYLILY <strong>grau<\/strong>, handgestrickt aus biologischer Baumwolle und mit einem Ring aus zertifiziertem Ahornholz mit sanftem <strong>Rasseln<\/strong> kombiniert. Elegant und sensorisch, beruhigt sie das Zahnen und regt gleichzeitig die Sinne des Babys an, mit einem unverwechselbaren Design, hergestellt in Polen. <\/li>\n<li><strong>Baby-M\u00fctze aus<\/strong> ultraweichem und atmungsaktivem <strong>Bambusgewebe<\/strong>, das f\u00fcr optimalen Komfort ohne \u00dcberhitzung entwickelt wurde. Mit den s\u00fc\u00dfen kleinen Ohren und dem nat\u00fcrlich antibakteriellen Material ist sie perfekt f\u00fcr Neugeborene von 1 bis 6 Monaten. <\/li>\n<li><strong>Eine Holzkiste<\/strong> 20x20x8 cm<\/li>\n<li><strong>Ein Bade- und Massage\u00f6l<\/strong> f\u00fcr Babys, das ideal f\u00fcr entspannende Momente ist und so formuliert wurde, dass es die zarte Haut von Geburt an beruhigt und n\u00e4hrt. Seine Mischung aus Lavendel, Kamille und Avocado bietet ein entspannendes Erlebnis, perfekt f\u00fcr ein Bad oder eine Massage.<br \/>\nInhaltsstoffe: Prunus Amygdalus Dulcis \u00d6l (S\u00fc\u00dfmandel), Simmondsia Chinensis Samen\u00f6l (Jojoba), Lavandula Angustifolia \u00d6l (Lavendel), Linalool, Limonene. <\/li>\n<li><strong>Beigefarbenes Hirsch-Schmusetuch<\/strong>, handgearbeitet und mit einem zarten Wickeltuch aus Bambusviskose, das Ihrem Baby Weichheit und Trost bietet. Mit einer L\u00e4nge von ca. 40 cm ist es ideal als Sicherheitstuch, um die Kleinen durch den Alltag zu begleiten. <\/li>\n<li><strong>Eine YllBox-Gru\u00dfkarte<\/strong>, die automatisch in der Sprache der Website, die Sie bei der Bestellung verwendet haben, verfasst wird, begleitet Ihr Geschenk.<\/li>\n<\/ul>\n<p>Eine nat\u00fcrliche und poetische Premium-Box, das perfekte Geschenk, um eine Geburt mit Eleganz und Emotion zu feiern.<\/p>\n","protected":false},"excerpt":{"rendered":"<p>Sorgf\u00e4ltig ausgew\u00e4hltes Geschenkset f\u00fcr Babys, handverpackt in einem eleganten Geschenkkarton. F\u00fcr Neugeborene von 0 bis 3 Monaten entworfen, zelebriert es die Sanftheit der ersten Momente mit nat\u00fcrlichen Materialien, handwerklicher Herstellung und beruhigenden D\u00fcften. <\/p>\n","protected":false},"featured_media":1756,"comment_status":"closed","ping_status":"closed","template":"","meta":[],"product_brand":[],"product_cat":[64,69,70],"product_tag":[],"class_list":{"0":"post-1751","1":"product","2":"type-product","3":"status-publish","4":"has-post-thumbnail","6":"product_cat-baby-geburtsset","7":"product_cat-junge","8":"product_cat-madchen","9":"product_shipping_class-standardpaket","11":"first","12":"instock","13":"shipping-taxable","14":"purchasable","15":"product-type-simple"},"jetpack_sharing_enabled":true,"_links":{"self":[{"href":"http:\/\/yllbox.ch\/de\/wp-json\/wp\/v2\/product\/1751","targetHints":{"allow":["GET"]}}],"collection":[{"href":"http:\/\/yllbox.ch\/de\/wp-json\/wp\/v2\/product"}],"about":[{"href":"http:\/\/yllbox.ch\/de\/wp-json\/wp\/v2\/types\/product"}],"replies":[{"embeddable":true,"href":"http:\/\/yllbox.ch\/de\/wp-json\/wp\/v2\/comments?post=1751"}],"wp:featuredmedia":[{"embeddable":true,"href":"http:\/\/yllbox.ch\/de\/wp-json\/wp\/v2\/media\/1756"}],"wp:attachment":[{"href":"http:\/\/yllbox.ch\/de\/wp-json\/wp\/v2\/media?parent=1751"}],"wp:term":[{"taxonomy":"product_brand","embeddable":true,"href":"http:\/\/yllbox.ch\/de\/wp-json\/wp\/v2\/product_brand?post=1751"},{"taxonomy":"product_cat","embeddable":true,"href":"http:\/\/yllbox.ch\/de\/wp-json\/wp\/v2\/product_cat?post=1751"},{"taxonomy":"product_tag","embeddable":true,"href":"http:\/\/yllbox.ch\/de\/wp-json\/wp\/v2\/product_tag?post=1751"}],"curies":[{"name":"wp","href":"https:\/\/api.w.org\/{rel}","templated":true}]}}