{"id":1810,"date":"2026-02-18T20:45:16","date_gmt":"2026-02-18T20:45:16","guid":{"rendered":"https:\/\/yllbox.ch\/produit\/prestige-box-sammlung-eliza\/"},"modified":"2026-04-18T19:35:09","modified_gmt":"2026-04-18T19:35:09","slug":"prestige-box-sammlung-eliza","status":"publish","type":"product","link":"http:\/\/yllbox.ch\/de\/produit\/prestige-box-sammlung-eliza\/","title":{"rendered":"Prestige-Set, Kollektion Eliza"},"content":{"rendered":"<p>Dieses <strong>5-teilige<\/strong> Babyset wurde entworfen, um Weichheit, Eleganz und Raffinesse im Alltag zu vereinen. Es besteht aus einem zeitlos sch\u00f6nen Baumwollanzug und einem handgestrickten Schmusetuch, die sorgf\u00e4ltig ausgew\u00e4hlt wurden, um Komfort und Geborgenheit zu bieten. In einer Schachtel aus Naturholz verpackt, ist es ein zartes und liebevolles Geschenk.<\/p>\n<p>Die Box enth\u00e4lt :<\/p>\n<ul>\n<li><strong>Ein Set aus 100 % Baumwolle<\/strong> <strong>&#8211; elegante Jacke und raffiniertes H\u00f6schen<\/strong>, entworfen f\u00fcr optimalen Komfort, nat\u00fcrliche Bewegungsfreiheit und zeitlosen Stil, ideal f\u00fcr die t\u00e4gliche Begleitung Ihres Babys<\/li>\n<li><strong>Ein beigefarbenes<\/strong>, handgestricktes <strong>Hirsch-Schmusetuch<\/strong> mit einem zarten Wickeltuch aus Bambusviskose, das Ihrem Baby Weichheit und Trost bietet. Mit einer L\u00e4nge von ca. 40 cm ist es ideal als Sicherheitstuch, um die Kleinen durch den Alltag zu begleiten.<\/li>\n<li><strong>Eine Geschenkbox aus Naturholz<\/strong> mit den Ma\u00dfen 23,5 x 15 x 10 cm<\/li>\n<li><strong>Eine YllBox-Gru\u00dfkarte<\/strong>, die automatisch in der Sprache der Website, die Sie bei der Bestellung verwendet haben, verfasst wird.<\/li>\n<\/ul>\n<p>Ein sch\u00f6nes, n\u00fctzliches und liebevolles Geschenk, mit dem Sie Ihr Baby sanft und liebevoll durch die Monate begleiten k\u00f6nnen.<\/p>\n","protected":false},"excerpt":{"rendered":"<p data-start=\"78\" data-end=\"391\">Dieses <strong data-start=\"80\" data-end=\"92\">5-teilige<\/strong> Babyset wurde entworfen, um Weichheit, Eleganz und Raffinesse im Alltag zu vereinen. Es besteht aus einem zeitlos sch\u00f6nen Baumwollanzug und einem handgestrickten Schmusetuch, die sorgf\u00e4ltig ausgew\u00e4hlt wurden, um Komfort und Trost zu bieten. In einer Schachtel aus Naturholz verpackt, ist es ein zartes und liebevolles Geschenk.<\/p>\n","protected":false},"featured_media":1816,"comment_status":"closed","ping_status":"closed","template":"","meta":[],"product_brand":[],"product_cat":[64,69,70],"product_tag":[],"class_list":{"0":"post-1810","1":"product","2":"type-product","3":"status-publish","4":"has-post-thumbnail","6":"product_cat-baby-geburtsset","7":"product_cat-junge","8":"product_cat-madchen","9":"product_shipping_class-standardpaket","11":"first","12":"instock","13":"shipping-taxable","14":"purchasable","15":"product-type-simple"},"jetpack_sharing_enabled":true,"_links":{"self":[{"href":"http:\/\/yllbox.ch\/de\/wp-json\/wp\/v2\/product\/1810","targetHints":{"allow":["GET"]}}],"collection":[{"href":"http:\/\/yllbox.ch\/de\/wp-json\/wp\/v2\/product"}],"about":[{"href":"http:\/\/yllbox.ch\/de\/wp-json\/wp\/v2\/types\/product"}],"replies":[{"embeddable":true,"href":"http:\/\/yllbox.ch\/de\/wp-json\/wp\/v2\/comments?post=1810"}],"wp:featuredmedia":[{"embeddable":true,"href":"http:\/\/yllbox.ch\/de\/wp-json\/wp\/v2\/media\/1816"}],"wp:attachment":[{"href":"http:\/\/yllbox.ch\/de\/wp-json\/wp\/v2\/media?parent=1810"}],"wp:term":[{"taxonomy":"product_brand","embeddable":true,"href":"http:\/\/yllbox.ch\/de\/wp-json\/wp\/v2\/product_brand?post=1810"},{"taxonomy":"product_cat","embeddable":true,"href":"http:\/\/yllbox.ch\/de\/wp-json\/wp\/v2\/product_cat?post=1810"},{"taxonomy":"product_tag","embeddable":true,"href":"http:\/\/yllbox.ch\/de\/wp-json\/wp\/v2\/product_tag?post=1810"}],"curies":[{"name":"wp","href":"https:\/\/api.w.org\/{rel}","templated":true}]}}