{"id":1844,"date":"2026-02-18T18:02:42","date_gmt":"2026-02-18T18:02:42","guid":{"rendered":"https:\/\/yllbox.ch\/produit\/prestige-box-noam-collection\/"},"modified":"2026-04-18T19:35:06","modified_gmt":"2026-04-18T19:35:06","slug":"prestige-box-noam-collection","status":"publish","type":"product","link":"http:\/\/yllbox.ch\/de\/produit\/prestige-box-noam-collection\/","title":{"rendered":"Prestige-Set, Kollektion Noam"},"content":{"rendered":"<p data-start=\"78\" data-end=\"391\">Dieses <strong>10-teilige<\/strong> Babyset wurde entworfen, um Eleganz, Komfort und Emotionen zu vereinen. Es besteht aus einem weichen Strickset mit raffinierter Verarbeitung, zartem Babyzubeh\u00f6r und einem personalisierten Medaillon, das mit dem Namen des Kindes graviert wird und somit ein n\u00fctzliches und gleichzeitig symbolisches Geschenk darstellt. In einer Schachtel aus Naturholz verpackt, ist es ein einzigartiges und kostbares Geschenk, das Ihr Baby sanft und vornehm begleiten soll.<\/p>\n<div>Die Box enth\u00e4lt :<\/div>\n<ul>\n<li><strong>Ein weicher Strickanzug <\/strong>aus 50% Baumwolle und 50% Modal, der W\u00e4rme, Komfort und Bewegungsfreiheit bietet. Mit Kn\u00f6pfen auf der Vorderseite und im Schritt f\u00fcr ein einfaches Anziehen, umh\u00fcllt er Ihr Baby von Anfang an mit Eleganz und Z\u00e4rtlichkeit.<\/li>\n<li><strong>Eine fein gestrickte M\u00fctze<\/strong>aus 50% Baumwolle und 50% Modal, dehnbar und bequem. Sie h\u00e4lt den Kopf des Babys warm, ist weich und atmungsaktiv und bietet eine perfekte Passform f\u00fcr den Alltag.<\/li>\n<li><strong>Eine Strickdecke<\/strong> aus 50% Baumwolle und 50% Modal, die sich weich und angenehm anf\u00fchlt. Sie ist ideal f\u00fcr Ruhepausen oder Ausfl\u00fcge, spendet W\u00e4rme und Trost und schont die empfindliche Haut des Babys.<\/li>\n<li><strong>Ein Paar<\/strong> weicher <strong>Hausschuhe<\/strong> aus 50% Baumwolle und 50% Modal, die dazu gedacht sind, kleine F\u00fc\u00dfe warm zu halten. Sie sind leicht und einfach anzuziehen und vervollst\u00e4ndigen das Gesamtbild mit einer sorgf\u00e4ltigen und harmonischen Verarbeitung.<\/li>\n<li><strong>Ein <\/strong>weicher <strong>Silikon-Bei\u00dfring <\/strong>in Form eines B\u00e4ren, der entwickelt wurde, um schmerzhaftes Zahnfleisch wirksam zu beruhigen und gleichzeitig die Sinne des Babys zu stimulieren. Er ist sicher, langlebig und leicht zu reinigen und begleitet Ihr Baby sanft vom ersten Zahnen an.<\/li>\n<li>Handgefertigte, geh\u00e4kelte <strong>Hasenrassel <\/strong>&#8211; sandfarben, mit Buchenholzring und einem kleinen Gl\u00f6ckchen im Inneren, das zart klingelt. Sie ist leicht zu greifen, stimuliert die Sinne des Babys und ist ein s\u00fc\u00dfes Geschenk zur Geburt.<\/li>\n<li><strong>Ein<\/strong> passender <strong>Holzkleiderb\u00fcgel<\/strong> ist im Lieferumfang enthalten, damit Sie das Set aufh\u00e4ngen und ordentlich und praktisch aufbewahren k\u00f6nnen.<\/li>\n<li><strong>Ein personalisiertes h\u00f6lzernes Medaillon. <\/strong>Dieses kreisf\u00f6rmige Medaillon ist auf Naturholz graviert und zeigt den Namen des Kindes mit einer s\u00fc\u00dfen und inspirierenden Botschaft.<\/li>\n<li><strong>Eine Geschenkschachtel aus Naturholz<\/strong> mit den Ma\u00dfen 27 x 18,5 x 13 cm<\/li>\n<li><strong>Eine YllBox-Gru\u00dfkarte<\/strong>, die automatisch in der Sprache der Website, die Sie bei der Bestellung verwendet haben, verfasst wird.<\/li>\n<\/ul>\n<p>Ein sch\u00f6nes, n\u00fctzliches und liebevolles Geschenk, mit dem Sie Ihr Baby sanft und liebevoll durch die Monate begleiten k\u00f6nnen.<\/p>\n","protected":false},"excerpt":{"rendered":"<p data-start=\"78\" data-end=\"391\">Dieses <strong data-start=\"122\" data-end=\"134\">10-teilige<\/strong> Babyset wurde entworfen, um Eleganz, Komfort und Emotionen zu vereinen. Es besteht aus einem weichen Strickset mit raffinierter Verarbeitung, zartem Babyzubeh\u00f6r und einem personalisierten Medaillon, das mit dem Namen des Kindes graviert wird und somit ein n\u00fctzliches und gleichzeitig symbolisches Geschenk darstellt. In einer Schachtel aus Naturholz verpackt, ist es ein einzigartiges und kostbares Geschenk, das Ihr Baby sanft und vornehm begleiten soll.<\/p>\n","protected":false},"featured_media":1847,"comment_status":"closed","ping_status":"closed","template":"","meta":[],"product_brand":[],"product_cat":[64,69,70],"product_tag":[],"class_list":{"0":"post-1844","1":"product","2":"type-product","3":"status-publish","4":"has-post-thumbnail","6":"product_cat-baby-geburtsset","7":"product_cat-junge","8":"product_cat-madchen","9":"product_shipping_class-standardpaket","11":"first","12":"instock","13":"shipping-taxable","14":"purchasable","15":"product-type-simple"},"jetpack_sharing_enabled":true,"_links":{"self":[{"href":"http:\/\/yllbox.ch\/de\/wp-json\/wp\/v2\/product\/1844","targetHints":{"allow":["GET"]}}],"collection":[{"href":"http:\/\/yllbox.ch\/de\/wp-json\/wp\/v2\/product"}],"about":[{"href":"http:\/\/yllbox.ch\/de\/wp-json\/wp\/v2\/types\/product"}],"replies":[{"embeddable":true,"href":"http:\/\/yllbox.ch\/de\/wp-json\/wp\/v2\/comments?post=1844"}],"wp:featuredmedia":[{"embeddable":true,"href":"http:\/\/yllbox.ch\/de\/wp-json\/wp\/v2\/media\/1847"}],"wp:attachment":[{"href":"http:\/\/yllbox.ch\/de\/wp-json\/wp\/v2\/media?parent=1844"}],"wp:term":[{"taxonomy":"product_brand","embeddable":true,"href":"http:\/\/yllbox.ch\/de\/wp-json\/wp\/v2\/product_brand?post=1844"},{"taxonomy":"product_cat","embeddable":true,"href":"http:\/\/yllbox.ch\/de\/wp-json\/wp\/v2\/product_cat?post=1844"},{"taxonomy":"product_tag","embeddable":true,"href":"http:\/\/yllbox.ch\/de\/wp-json\/wp\/v2\/product_tag?post=1844"}],"curies":[{"name":"wp","href":"https:\/\/api.w.org\/{rel}","templated":true}]}}