{"id":681,"date":"2026-01-09T10:49:38","date_gmt":"2026-01-09T10:49:38","guid":{"rendered":"https:\/\/yllbox.ch\/spedizione-e-tempi\/"},"modified":"2026-01-10T13:08:55","modified_gmt":"2026-01-10T13:08:55","slug":"spedizione-e-tempi","status":"publish","type":"page","link":"http:\/\/yllbox.ch\/it\/spedizione-e-tempi\/","title":{"rendered":"Spedizione e tempi"},"content":{"rendered":"\n<p><\/p>\n\n\t<div id=\"gap-1005167500\" class=\"gap-element clearfix\" style=\"display:block; height:auto;\">\n\t\t\n<style>\n#gap-1005167500 {\n  padding-top: 30px;\n}\n<\/style>\n\t<\/div>\n\t\n\n<div class=\"container section-title-container\" ><h1 class=\"section-title section-title-center\"><b aria-hidden=\"true\"><\/b><span class=\"section-title-main\" style=\"color:rgb(159, 142, 27);\">Spedizioni e tempi<\/span><b aria-hidden=\"true\"><\/b><\/h1><\/div>\n\n\n\t<section class=\"section dark\" id=\"section_944983754\">\n\t\t<div class=\"section-bg fill\" >\n\t\t\t\t\t\t\t\t\t\n\t\t\t\n\n\t\t<\/div>\n\n\t\t\n\n\t\t<div class=\"section-content relative\">\n\t\t\t\n\n<div class=\"row\" style=\"max-width:1000px\" id=\"row-954579033\">\n\n\n\t<div id=\"col-1953273928\" class=\"col small-12 large-12\"  >\n\t\t\t\t<div class=\"col-inner\"  >\n\t\t\t\n\t\t\t\n\n<p data-start=\"189\" data-end=\"524\">Presso <strong data-start=\"194\" data-end=\"204\">YllBox<\/strong>, ogni cofanetto \u00e8 preparato con cura al fine di garantire una consegna rapida e affidabile. I cofanetti standard sono preparati entro <strong data-start=\"334\" data-end=\"353\">1 giorno lavorativo<\/strong>, mentre i cofanetti personalizzati richiedono un tempo di preparazione di <strong data-start=\"432\" data-end=\"457\">1 o 2 giorni lavorativi<\/strong>. Questi tempi possono variare leggermente in periodi di forte domanda.<\/p>\n<p data-start=\"526\" data-end=\"1127\">Una volta spedito l&#8217;ordine, la consegna avviene in Svizzera entro <strong data-start=\"596\" data-end=\"621\">1 o 2 giorni lavorativi<\/strong>. Il tempo totale stimato, inclusa la preparazione e la spedizione, \u00e8 generalmente compreso tra <strong data-start=\"720\" data-end=\"746\">2 e 4 giorni lavorativi<\/strong>. Le spedizioni sono gestite da <strong data-start=\"781\" data-end=\"800\">La Posta Svizzera<\/strong> e le spese di spedizione sono <strong data-start=\"832\" data-end=\"880\">calcolate automaticamente al momento dell&#8217;ordine<\/strong>, in base alle dimensioni e al peso del pacco, conformemente alle tariffe in vigore. <strong data-start=\"965\" data-end=\"1015\">La spedizione \u00e8 gratuita a partire da CHF 100.\u2013 di acquisto<\/strong>, indipendentemente dal cofanetto ordinato, e i costi esatti sono sempre visualizzati prima della conferma del pagamento.<\/p>\n<p data-start=\"1129\" data-end=\"1468\">Al momento della spedizione, viene inviata un&#8217;email di conferma contenente un link di tracciamento per seguire il percorso del pacco. \u00c8 anche possibile far consegnare il cofanetto direttamente all&#8217;indirizzo della persona scelta. Nel pacco non \u00e8 indicato alcun prezzo e un messaggio personalizzato pu\u00f2 essere aggiunto per accompagnare il tuo regalo.<\/p>\n<p data-start=\"1470\" data-end=\"1603\">Per qualsiasi domanda riguardante la consegna o i tempi, il nostro servizio clienti rimane a tua disposizione via email o telefono.<\/p>\n\n\t\t<\/div>\n\t\t\t\t\t<\/div>\n\n\t\n\n<\/div>\n\n\t\t<\/div>\n\n\t\t\n<style>\n#section_944983754 {\n  padding-top: 30px;\n  padding-bottom: 30px;\n  margin-bottom: 100px;\n}\n<\/style>\n\t<\/section>\n\t\n\n","protected":false},"excerpt":{"rendered":"","protected":false},"author":1,"featured_media":0,"parent":0,"menu_order":0,"comment_status":"closed","ping_status":"closed","template":"","meta":{"footnotes":""},"class_list":["post-681","page","type-page","status-publish","hentry"],"jetpack_sharing_enabled":true,"_links":{"self":[{"href":"http:\/\/yllbox.ch\/it\/wp-json\/wp\/v2\/pages\/681","targetHints":{"allow":["GET"]}}],"collection":[{"href":"http:\/\/yllbox.ch\/it\/wp-json\/wp\/v2\/pages"}],"about":[{"href":"http:\/\/yllbox.ch\/it\/wp-json\/wp\/v2\/types\/page"}],"author":[{"embeddable":true,"href":"http:\/\/yllbox.ch\/it\/wp-json\/wp\/v2\/users\/1"}],"replies":[{"embeddable":true,"href":"http:\/\/yllbox.ch\/it\/wp-json\/wp\/v2\/comments?post=681"}],"version-history":[{"count":1,"href":"http:\/\/yllbox.ch\/it\/wp-json\/wp\/v2\/pages\/681\/revisions"}],"predecessor-version":[{"id":682,"href":"http:\/\/yllbox.ch\/it\/wp-json\/wp\/v2\/pages\/681\/revisions\/682"}],"wp:attachment":[{"href":"http:\/\/yllbox.ch\/it\/wp-json\/wp\/v2\/media?parent=681"}],"curies":[{"name":"wp","href":"https:\/\/api.w.org\/{rel}","templated":true}]}}