{"id":705,"date":"2026-01-09T12:05:23","date_gmt":"2026-01-09T12:05:23","guid":{"rendered":"https:\/\/yllbox.ch\/carte-regalo\/"},"modified":"2026-01-10T13:09:29","modified_gmt":"2026-01-10T13:09:29","slug":"carte-regalo","status":"publish","type":"page","link":"http:\/\/yllbox.ch\/it\/carte-regalo\/","title":{"rendered":"Carte regalo"},"content":{"rendered":"\n<p><\/p>\n\n\t<div id=\"gap-226935474\" class=\"gap-element clearfix\" style=\"display:block; height:auto;\">\n\t\t\n<style>\n#gap-226935474 {\n  padding-top: 30px;\n}\n<\/style>\n\t<\/div>\n\t\n\n<div class=\"container section-title-container\" ><h1 class=\"section-title section-title-center\"><b aria-hidden=\"true\"><\/b><span class=\"section-title-main\" style=\"color:rgb(159, 142, 27);\">Carte regalo<\/span><b aria-hidden=\"true\"><\/b><\/h1><\/div>\n\n\n\t<section class=\"section dark\" id=\"section_793159494\">\n\t\t<div class=\"section-bg fill\" >\n\t\t\t\t\t\t\t\t\t\n\t\t\t\n\n\t\t<\/div>\n\n\t\t\n\n\t\t<div class=\"section-content relative\">\n\t\t\t\n\n<div class=\"row\" style=\"max-width:1000px\" id=\"row-1627523412\">\n\n\n\t<div id=\"col-244931124\" class=\"col small-12 large-12\"  >\n\t\t\t\t<div class=\"col-inner\"  >\n\t\t\t\n\t\t\t\n\n<p data-start=\"144\" data-end=\"387\">La carta regalo <strong data-start=\"160\" data-end=\"170\">YllBox<\/strong> \u00e8 la soluzione ideale per fare un regalo lasciando la libert\u00e0 di scelta. Permette al beneficiario di scegliere liberamente il cofanetto che preferisce e di aggiungervi, se desiderato, un tocco di personalizzazione. <\/p>\n<p data-start=\"389\" data-end=\"677\">Le carte regalo sono disponibili in diversi importi e possono essere utilizzate su tutto il sito. Dopo l&#8217;acquisto, la carta regalo viene inviata via email con un codice unico da utilizzare al momento dell&#8217;ordine. Pu\u00f2 anche essere regalata direttamente alla persona che preferisci.  <\/p>\n<p data-start=\"679\" data-end=\"917\">La carta regalo YllBox \u00e8 valida per la durata indicata al momento dell&#8217;acquisto e pu\u00f2 essere utilizzata in una o pi\u00f9 volte, entro il limite del suo importo. In caso di saldo residuo, questo rimane disponibile fino alla scadenza della carta. <\/p>\n<p data-start=\"919\" data-end=\"1115\">Le carte regalo non sono n\u00e9 scambiabili n\u00e9 rimborsabili. Per qualsiasi domanda riguardante il loro utilizzo o la loro validit\u00e0, il nostro servizio clienti \u00e8 a tua disposizione per assisterti. <\/p>\n\n\t\t<\/div>\n\t\t\t\t\t<\/div>\n\n\t\n\n<\/div>\n\n\t\t<\/div>\n\n\t\t\n<style>\n#section_793159494 {\n  padding-top: 30px;\n  padding-bottom: 30px;\n  margin-bottom: 100px;\n}\n<\/style>\n\t<\/section>\n\t\n\n","protected":false},"excerpt":{"rendered":"","protected":false},"author":1,"featured_media":0,"parent":0,"menu_order":0,"comment_status":"closed","ping_status":"closed","template":"","meta":{"footnotes":""},"class_list":["post-705","page","type-page","status-publish","hentry"],"jetpack_sharing_enabled":true,"_links":{"self":[{"href":"http:\/\/yllbox.ch\/it\/wp-json\/wp\/v2\/pages\/705","targetHints":{"allow":["GET"]}}],"collection":[{"href":"http:\/\/yllbox.ch\/it\/wp-json\/wp\/v2\/pages"}],"about":[{"href":"http:\/\/yllbox.ch\/it\/wp-json\/wp\/v2\/types\/page"}],"author":[{"embeddable":true,"href":"http:\/\/yllbox.ch\/it\/wp-json\/wp\/v2\/users\/1"}],"replies":[{"embeddable":true,"href":"http:\/\/yllbox.ch\/it\/wp-json\/wp\/v2\/comments?post=705"}],"version-history":[{"count":2,"href":"http:\/\/yllbox.ch\/it\/wp-json\/wp\/v2\/pages\/705\/revisions"}],"predecessor-version":[{"id":831,"href":"http:\/\/yllbox.ch\/it\/wp-json\/wp\/v2\/pages\/705\/revisions\/831"}],"wp:attachment":[{"href":"http:\/\/yllbox.ch\/it\/wp-json\/wp\/v2\/media?parent=705"}],"curies":[{"name":"wp","href":"https:\/\/api.w.org\/{rel}","templated":true}]}}