{"id":1507,"date":"2026-02-18T20:45:16","date_gmt":"2026-02-18T20:45:16","guid":{"rendered":"https:\/\/yllbox.ch\/produit\/prestige-set-kollektion-eliza\/"},"modified":"2026-04-19T19:35:21","modified_gmt":"2026-04-19T19:35:21","slug":"prestige-set-kollektion-eliza","status":"publish","type":"product","link":"http:\/\/yllbox.ch\/it\/produit\/prestige-set-kollektion-eliza\/","title":{"rendered":"Prestige-Set &#8211; Kollektion Eliza"},"content":{"rendered":"<p>Dieses Baby-Geschenkset mit <strong>5 Teilen<\/strong> wurde entworfen, um Weichheit, Eleganz und Raffinesse im Alltag zu vereinen. Es umfasst ein Baumwoll-Set im zeitlosen Stil sowie ein handgestricktes Kuscheltier, sorgf\u00e4ltig ausgew\u00e4hlt, um Komfort und Geborgenheit zu schenken. Pr\u00e4sentiert in einer nat\u00fcrlichen Holzbox verk\u00f6rpert es ein zartes und liebevolles Geschenk.  <\/p>\n<p>Das Set enth\u00e4lt:<\/p>\n<ul>\n<li><strong>Ein Set aus 100 % Baumwolle<\/strong>, bestehend aus einer eleganten Jacke und einer raffinierten Hose, entworfen f\u00fcr optimalen Komfort, nat\u00fcrliche Bewegungsfreiheit und einen zeitlosen Stil, ideal, um dein Baby im Alltag zu begleiten.<\/li>\n<li><strong>Ein beigefarbenes Hirsch-Kuscheltier<\/strong>, handgestrickt und begleitet von einem zarten Mulltuch aus Bambusviskose, das deinem Baby Weichheit und Geborgenheit schenkt. Mit einer L\u00e4nge von etwa 40 cm eignet es sich ideal als treuer Begleiter und Schmusetuch f\u00fcr den Alltag der Kleinsten. <\/li>\n<li><strong>Eine Geschenkbox aus Naturholz <\/strong>mit den Ma\u00dfen 23,5 x 15 x 10 cm.<\/li>\n<li><strong>Eine YllBox-Gru\u00dfkarte<\/strong>, die automatisch in der Sprache der bei der Bestellung verwendeten Website verfasst wird.<\/li>\n<\/ul>\n<p>Ein Geschenk, das zugleich sch\u00f6n, praktisch und von Herzen aufmerksam ist, um dein Baby Monat f\u00fcr Monat mit Sanftheit und Liebe zu begleiten.<\/p>\n","protected":false},"excerpt":{"rendered":"<p data-start=\"78\" data-end=\"391\">Dieses Baby-Geschenkset mit <strong data-start=\"80\" data-end=\"92\">5 Teilen<\/strong> wurde entworfen, um Weichheit, Eleganz und Raffinesse im Alltag zu vereinen. Es umfasst ein Baumwoll-Set im zeitlosen Stil sowie ein handgestricktes Kuscheltier, sorgf\u00e4ltig ausgew\u00e4hlt, um Komfort und Geborgenheit zu schenken. Pr\u00e4sentiert in einer nat\u00fcrlichen Holzbox verk\u00f6rpert es ein zartes und liebevolles Geschenk.  <\/p>\n","protected":false},"featured_media":1508,"comment_status":"closed","ping_status":"closed","template":"","meta":[],"product_brand":[],"product_cat":[63,71,72],"product_tag":[],"class_list":{"0":"post-1507","1":"product","2":"type-product","3":"status-publish","4":"has-post-thumbnail","6":"product_cat-cofanetto-neonato-nascita","7":"product_cat-junge","8":"product_cat-madchen","9":"product_shipping_class-pacco-standard","11":"first","12":"instock","13":"shipping-taxable","14":"purchasable","15":"product-type-simple"},"jetpack_sharing_enabled":true,"_links":{"self":[{"href":"http:\/\/yllbox.ch\/it\/wp-json\/wp\/v2\/product\/1507","targetHints":{"allow":["GET"]}}],"collection":[{"href":"http:\/\/yllbox.ch\/it\/wp-json\/wp\/v2\/product"}],"about":[{"href":"http:\/\/yllbox.ch\/it\/wp-json\/wp\/v2\/types\/product"}],"replies":[{"embeddable":true,"href":"http:\/\/yllbox.ch\/it\/wp-json\/wp\/v2\/comments?post=1507"}],"wp:featuredmedia":[{"embeddable":true,"href":"http:\/\/yllbox.ch\/it\/wp-json\/wp\/v2\/media\/1508"}],"wp:attachment":[{"href":"http:\/\/yllbox.ch\/it\/wp-json\/wp\/v2\/media?parent=1507"}],"wp:term":[{"taxonomy":"product_brand","embeddable":true,"href":"http:\/\/yllbox.ch\/it\/wp-json\/wp\/v2\/product_brand?post=1507"},{"taxonomy":"product_cat","embeddable":true,"href":"http:\/\/yllbox.ch\/it\/wp-json\/wp\/v2\/product_cat?post=1507"},{"taxonomy":"product_tag","embeddable":true,"href":"http:\/\/yllbox.ch\/it\/wp-json\/wp\/v2\/product_tag?post=1507"}],"curies":[{"name":"wp","href":"https:\/\/api.w.org\/{rel}","templated":true}]}}