{"id":1532,"date":"2026-02-10T15:40:37","date_gmt":"2026-02-10T15:40:37","guid":{"rendered":"https:\/\/yllbox.ch\/produit\/coffret-elegance-collezione-aaron\/"},"modified":"2026-04-19T19:35:21","modified_gmt":"2026-04-19T19:35:21","slug":"coffret-elegance-collezione-aaron","status":"publish","type":"product","link":"http:\/\/yllbox.ch\/it\/produit\/coffret-elegance-collezione-aaron\/","title":{"rendered":"Coffret El\u00e9gance &#8211; Collezione Aaron"},"content":{"rendered":"<p>Questo set regalo per la nascita <strong>da 6 pezzi<\/strong> \u00e8 stato progettato per offrire un momento di assoluta morbidezza ai neonati da 0 a 3 mesi. Ogni articolo \u00e8 stato accuratamente selezionato per la sua qualit\u00e0 e per il suo design delicato, per poi essere incartato a mano in una magnifica confezione regalo, pensata per rendere questo dono un ricordo indimenticabile. <\/p>\n<p>La confezione contiene :<\/p>\n<ul>\n<li><strong>Un<\/strong> <strong>orsetto<\/strong> realizzato in morbido tessuto a maglia e di provenienza etica. Facile da afferrare e confortante fin dalla nascita, incoraggia la consapevolezza sensoriale e accompagna il bambino nei suoi momenti di calma e di coccole. <\/li>\n<li><strong>Un anello di dentizione<\/strong> in silicone morbido e strutturato a forma di coniglio, progettato per massaggiare le gengive e alleviare il dolore della dentizione. Facile da tenere, pulire e sterilizzare, offre al bambino comfort e sollievo ogni giorno. <\/li>\n<li><strong>Un cappottino <\/strong>per neonati di colore lilla, progettato per offrire una vestibilit\u00e0 comoda e sicura e permettere al bambino di muoversi liberamente. Pratico, facile da pulire e comodo da indossare, \u00e8 realizzato in acrilico. <\/li>\n<li><strong>Un quadrato di mussola<\/strong> in 100% cotone, morbido, funzionale e dai colori eleganti, perfetto per l&#8217;uso quotidiano con il bambino. Realizzati in Polonia in una misura universale (65 \u00d7 65 cm), uniscono qualit\u00e0 e praticit\u00e0. <\/li>\n<li><strong>Una scatola di cartone<\/strong> ondulato blu di 30 x 21,5 x 5 cm.<\/li>\n<li><strong>Un biglietto di auguri<\/strong> YllBox, scritto automaticamente nella lingua del sito web utilizzato al momento dell&#8217;ordine, accompagna il tuo regalo.<\/li>\n<\/ul>\n<p>Una scatola sobria e calda, perfetta per celebrare una nascita con attenzione e autenticit\u00e0.<\/p>\n","protected":false},"excerpt":{"rendered":"<p>Questo set regalo per la nascita da 6 pezzi \u00e8 stato progettato per offrire un momento di assoluta morbidezza ai neonati da 0 a 3 mesi. Ogni articolo \u00e8 stato accuratamente selezionato per la sua qualit\u00e0 e per il suo design delicato, per poi essere incartato a mano in una magnifica confezione regalo, pensata per rendere questo dono un ricordo indimenticabile. <\/p>\n","protected":false},"featured_media":1538,"comment_status":"closed","ping_status":"closed","template":"","meta":[],"product_brand":[],"product_cat":[63,71],"product_tag":[],"class_list":{"0":"post-1532","1":"product","2":"type-product","3":"status-publish","4":"has-post-thumbnail","6":"product_cat-cofanetto-neonato-nascita","7":"product_cat-junge","8":"product_shipping_class-pacco-standard","10":"first","11":"instock","12":"shipping-taxable","13":"purchasable","14":"product-type-simple"},"jetpack_sharing_enabled":true,"_links":{"self":[{"href":"http:\/\/yllbox.ch\/it\/wp-json\/wp\/v2\/product\/1532","targetHints":{"allow":["GET"]}}],"collection":[{"href":"http:\/\/yllbox.ch\/it\/wp-json\/wp\/v2\/product"}],"about":[{"href":"http:\/\/yllbox.ch\/it\/wp-json\/wp\/v2\/types\/product"}],"replies":[{"embeddable":true,"href":"http:\/\/yllbox.ch\/it\/wp-json\/wp\/v2\/comments?post=1532"}],"wp:featuredmedia":[{"embeddable":true,"href":"http:\/\/yllbox.ch\/it\/wp-json\/wp\/v2\/media\/1538"}],"wp:attachment":[{"href":"http:\/\/yllbox.ch\/it\/wp-json\/wp\/v2\/media?parent=1532"}],"wp:term":[{"taxonomy":"product_brand","embeddable":true,"href":"http:\/\/yllbox.ch\/it\/wp-json\/wp\/v2\/product_brand?post=1532"},{"taxonomy":"product_cat","embeddable":true,"href":"http:\/\/yllbox.ch\/it\/wp-json\/wp\/v2\/product_cat?post=1532"},{"taxonomy":"product_tag","embeddable":true,"href":"http:\/\/yllbox.ch\/it\/wp-json\/wp\/v2\/product_tag?post=1532"}],"curies":[{"name":"wp","href":"https:\/\/api.w.org\/{rel}","templated":true}]}}