{"id":1572,"date":"2026-02-13T19:05:16","date_gmt":"2026-02-13T19:05:16","guid":{"rendered":"https:\/\/yllbox.ch\/produit\/coffret-elegance-collezione-elias\/"},"modified":"2026-04-18T19:35:08","modified_gmt":"2026-04-18T19:35:08","slug":"coffret-elegance-collezione-elias","status":"publish","type":"product","link":"http:\/\/yllbox.ch\/it\/produit\/coffret-elegance-collezione-elias\/","title":{"rendered":"Coffret El\u00e9gance &#8211; Collezione Elias"},"content":{"rendered":"<p>Questo set regalo per la nascita<strong> da 8 pezzi<\/strong> \u00e8 stato progettato per offrire un momento di assoluta morbidezza ai neonati da 0 a 3 mesi. Ogni articolo \u00e8 stato accuratamente selezionato per la sua qualit\u00e0 e per il suo design delicato, per poi essere incartato a mano in una magnifica confezione regalo, pensata per rendere questo dono un ricordo indimenticabile. <\/p>\n<p>La confezione contiene :<\/p>\n<ul>\n<li><strong>Due<\/strong> morbidi e funzionali <strong>quadrati di mussola in 100% cotone<\/strong> dai colori eleganti, perfetti per l&#8217;uso quotidiano con il bambino. Realizzati in Polonia in una misura universale (65 \u00d7 65 cm), uniscono qualit\u00e0 e praticit\u00e0. <\/li>\n<li><strong>Un bavaglino a maglia per il bambino in cotone biologico<\/strong> ultra morbido e assorbente, con vita regolabile per un comfort ottimale durante la dentizione. Progettato con cura in cotone certificato GOTS, unisce praticit\u00e0, stile e responsabilit\u00e0 ambientale. <\/li>\n<li><strong>un paio di calzini in cotone biologico.<\/strong><\/li>\n<li><strong>Un fermaglio per ciuccio in velluto a coste beige<\/strong>, fatto a mano, con una clip in legno naturale per attaccare facilmente il ciuccio ai vestiti o al bavaglino. Pratico, elegante e morbido, evita la perdita del ciuccio e aggiunge un tocco raffinato alla vita quotidiana del bambino. <\/li>\n<li><strong>Un<\/strong> morbido e confortante <strong>sonaglio a forma di coniglio in cotone biologico<\/strong>, progettato per stimolare i sensi del bambino fin dalla nascita con il suo dolce suono. Con un&#8217;altezza di soli 22 cm, \u00e8 il compagno perfetto per i primi momenti di gioco e di coccole del bambino. <\/li>\n<li><strong>Una scatola di cartone ondulato blu<\/strong> di 30 x 21,5 x 5 cm.<\/li>\n<li><strong>Un biglietto di auguri YllBox<\/strong>, scritto automaticamente nella lingua del sito web utilizzato al momento dell&#8217;ordine.<\/li>\n<\/ul>\n<p>Una scatola sobria e calda, perfetta per celebrare una nascita con attenzione e autenticit\u00e0.<\/p>\n","protected":false},"excerpt":{"rendered":"<p>Questo set regalo per la nascita da 8 pezzi \u00e8 stato progettato per offrire un momento di assoluta morbidezza ai neonati da 0 a 3 mesi. Ogni articolo \u00e8 stato accuratamente selezionato per la sua qualit\u00e0 e per il suo design delicato, per poi essere incartato a mano in una magnifica confezione regalo, pensata per rendere questo dono un ricordo indimenticabile. <\/p>\n","protected":false},"featured_media":1574,"comment_status":"closed","ping_status":"closed","template":"","meta":[],"product_brand":[],"product_cat":[63,71],"product_tag":[],"class_list":{"0":"post-1572","1":"product","2":"type-product","3":"status-publish","4":"has-post-thumbnail","6":"product_cat-cofanetto-neonato-nascita","7":"product_cat-junge","8":"product_shipping_class-pacco-standard","10":"first","11":"instock","12":"shipping-taxable","13":"purchasable","14":"product-type-simple"},"jetpack_sharing_enabled":true,"_links":{"self":[{"href":"http:\/\/yllbox.ch\/it\/wp-json\/wp\/v2\/product\/1572","targetHints":{"allow":["GET"]}}],"collection":[{"href":"http:\/\/yllbox.ch\/it\/wp-json\/wp\/v2\/product"}],"about":[{"href":"http:\/\/yllbox.ch\/it\/wp-json\/wp\/v2\/types\/product"}],"replies":[{"embeddable":true,"href":"http:\/\/yllbox.ch\/it\/wp-json\/wp\/v2\/comments?post=1572"}],"wp:featuredmedia":[{"embeddable":true,"href":"http:\/\/yllbox.ch\/it\/wp-json\/wp\/v2\/media\/1574"}],"wp:attachment":[{"href":"http:\/\/yllbox.ch\/it\/wp-json\/wp\/v2\/media?parent=1572"}],"wp:term":[{"taxonomy":"product_brand","embeddable":true,"href":"http:\/\/yllbox.ch\/it\/wp-json\/wp\/v2\/product_brand?post=1572"},{"taxonomy":"product_cat","embeddable":true,"href":"http:\/\/yllbox.ch\/it\/wp-json\/wp\/v2\/product_cat?post=1572"},{"taxonomy":"product_tag","embeddable":true,"href":"http:\/\/yllbox.ch\/it\/wp-json\/wp\/v2\/product_tag?post=1572"}],"curies":[{"name":"wp","href":"https:\/\/api.w.org\/{rel}","templated":true}]}}