{"id":1621,"date":"2026-02-14T12:18:22","date_gmt":"2026-02-14T12:18:22","guid":{"rendered":"https:\/\/yllbox.ch\/produit\/coffret-essentiel-collezione-alina\/"},"modified":"2026-04-18T19:35:08","modified_gmt":"2026-04-18T19:35:08","slug":"coffret-essentiel-collezione-alina","status":"publish","type":"product","link":"http:\/\/yllbox.ch\/it\/produit\/coffret-essentiel-collezione-alina\/","title":{"rendered":"Coffret Essentiel &#8211; Collezione Alina"},"content":{"rendered":"<p>Questo set regalo per la nascita <strong data-start=\"154\" data-end=\"166\">da 7 pezzi<\/strong> \u00e8 stato progettato per offrire un momento di assoluta morbidezza ai neonati da 0 a 3 mesi. Riunisce una selezione di articoli realizzati con <strong data-start=\"318\" data-end=\"347\">materiali naturali al 100%<\/strong>, scelti con cura per la loro qualit\u00e0 e il loro design delicato, poi incartati a mano in una magnifica confezione regalo, pensata per rendere questo dono un ricordo indimenticabile. <\/p>\n<div>La confezione contiene :<\/div>\n<ul>\n<li><strong>Set 100% cotone &#8211; Giacca elegante e mutandine raffinate<\/strong>, progettate per offrire un comfort ottimale, una libert\u00e0 di movimento naturale e uno stile senza tempo, ideali per accompagnare il bambino ogni giorno.<\/li>\n<li><strong>Un quadrato di mussola in 100% cotone<\/strong>, morbido, funzionale e dai colori eleganti, perfetto per l&#8217;uso quotidiano con il bambino. Realizzati in Polonia in una misura universale (65 \u00d7 65 cm), uniscono qualit\u00e0 e praticit\u00e0. <\/li>\n<li><strong>Clip per ciuccio in velluto a coste beige<\/strong>, fatta a mano, con fermaglio in legno naturale per agganciarla facilmente ai vestiti o al bavaglino. Pratico, elegante e morbido, evita le perdite e aggiunge un tocco raffinato alla vita quotidiana del bambino. <\/li>\n<li><strong>Anello<\/strong> sensoriale <strong>per la dentizione<\/strong> di colore viola chiaro, realizzato in cotone biologico con un anello in legno di faggio per lenire le gengive del bambino. Leggero e divertente, stimola i sensi ed \u00e8 un&#8217;ottima idea regalo fin dalla nascita. <\/li>\n<li><strong>Una scatola di cartone ondulato<\/strong> che misura 30 x 21,5 x 5 cm<\/li>\n<li><strong>Un biglietto di auguri YllBox<\/strong>, scritto automaticamente nella lingua del sito web utilizzato al momento dell&#8217;ordine.<\/li>\n<\/ul>\n<p>Un cofanetto eccezionale, progettato per onorare una nascita con eleganza, tenerezza e distinzione.<\/p>\n","protected":false},"excerpt":{"rendered":"<p>Questo set regalo per la nascita <strong data-start=\"154\" data-end=\"166\">da 7 pezzi<\/strong> \u00e8 stato progettato per offrire un momento di assoluta morbidezza ai <strong data-start=\"226\" data-end=\"255\">neonati da 0 a 3 mesi<\/strong>. Riunisce una selezione di articoli realizzati con <strong data-start=\"318\" data-end=\"347\">materiali naturali al 100%<\/strong>, scelti con cura per la loro qualit\u00e0 e il loro design delicato, poi incartati a mano in una magnifica confezione regalo, pensata per rendere questo dono un ricordo indimenticabile. <\/p>\n","protected":false},"featured_media":1629,"comment_status":"closed","ping_status":"closed","template":"","meta":[],"product_brand":[],"product_cat":[63,72],"product_tag":[],"class_list":{"0":"post-1621","1":"product","2":"type-product","3":"status-publish","4":"has-post-thumbnail","6":"product_cat-cofanetto-neonato-nascita","7":"product_cat-madchen","8":"product_shipping_class-pacco-standard","10":"first","11":"instock","12":"shipping-taxable","13":"purchasable","14":"product-type-simple"},"jetpack_sharing_enabled":true,"_links":{"self":[{"href":"http:\/\/yllbox.ch\/it\/wp-json\/wp\/v2\/product\/1621","targetHints":{"allow":["GET"]}}],"collection":[{"href":"http:\/\/yllbox.ch\/it\/wp-json\/wp\/v2\/product"}],"about":[{"href":"http:\/\/yllbox.ch\/it\/wp-json\/wp\/v2\/types\/product"}],"replies":[{"embeddable":true,"href":"http:\/\/yllbox.ch\/it\/wp-json\/wp\/v2\/comments?post=1621"}],"wp:featuredmedia":[{"embeddable":true,"href":"http:\/\/yllbox.ch\/it\/wp-json\/wp\/v2\/media\/1629"}],"wp:attachment":[{"href":"http:\/\/yllbox.ch\/it\/wp-json\/wp\/v2\/media?parent=1621"}],"wp:term":[{"taxonomy":"product_brand","embeddable":true,"href":"http:\/\/yllbox.ch\/it\/wp-json\/wp\/v2\/product_brand?post=1621"},{"taxonomy":"product_cat","embeddable":true,"href":"http:\/\/yllbox.ch\/it\/wp-json\/wp\/v2\/product_cat?post=1621"},{"taxonomy":"product_tag","embeddable":true,"href":"http:\/\/yllbox.ch\/it\/wp-json\/wp\/v2\/product_tag?post=1621"}],"curies":[{"name":"wp","href":"https:\/\/api.w.org\/{rel}","templated":true}]}}