{"id":1643,"date":"2026-02-14T10:23:02","date_gmt":"2026-02-14T10:23:02","guid":{"rendered":"https:\/\/yllbox.ch\/produit\/coffret-elegance-collezione-lina\/"},"modified":"2026-04-18T19:35:09","modified_gmt":"2026-04-18T19:35:09","slug":"coffret-elegance-collezione-lina","status":"publish","type":"product","link":"http:\/\/yllbox.ch\/it\/produit\/coffret-elegance-collezione-lina\/","title":{"rendered":"Coffret El\u00e9gance &#8211; Collezione Lina"},"content":{"rendered":"<p>Questo set regalo per la nascita <strong>da 6 pezzi<\/strong> \u00e8 stato progettato per offrire un momento di assoluta morbidezza ai neonati da 0 a 3 mesi. Ogni articolo \u00e8 stato accuratamente selezionato per la sua qualit\u00e0 e per il suo design delicato, per poi essere incartato a mano in una magnifica confezione regalo, pensata per rendere questo dono un ricordo indimenticabile. <\/p>\n<div>La confezione contiene :<\/div>\n<div>\n<ul>\n<li><strong>Un cappottino per neonati di colore lilla<\/strong> progettato per offrire una vestibilit\u00e0 comoda e sicura e consentire al bambino di muoversi liberamente. Pratico, facile da pulire e comodo da indossare, \u00e8 realizzato in acrilico. <\/li>\n<li><strong>Una molletta per succhietto in mussola<\/strong> con clip in legno, morbida, traspirante e sicura per la pelle sensibile del bambino. Pratica e raffinata, tiene il succhietto o l&#8217;anello per la dentizione a portata di mano per tutto il giorno. <\/li>\n<li><strong>Un<\/strong> morbidissimo e confortante <strong>coniglio in cotone biologico<\/strong>, progettato per stimolare i sensi del bambino fin dalla nascita. Realizzato in modo responsabile con materiali sostenibili, favorisce la stimolazione sensoriale e il legame emotivo quotidiano. <\/li>\n<li><strong>Un anello per la dentizione<\/strong> realizzato a mano con perline in silicone sicure per il bambino e una stella in legno di faggio, progettato per alleviare il dolore della dentizione. Sicuro, naturale e piacevole da masticare, accompagna delicatamente il bambino. <\/li>\n<li><strong>Una scatola di cartone ondulato rosa<\/strong> che misura 30 x 21,5 x 5 cm<\/li>\n<li><strong>Un biglietto di auguri YllBox<\/strong>, scritto automaticamente nella lingua del sito web utilizzato al momento dell&#8217;ordine.<\/li>\n<\/ul>\n<\/div>\n<p>Un cofanetto eccezionale, progettato per onorare una nascita con eleganza, tenerezza e distinzione.<\/p>\n","protected":false},"excerpt":{"rendered":"<p>Questo set regalo per la nascita <strong>da 6 pezzi<\/strong> \u00e8 stato progettato per offrire un momento di assoluta morbidezza ai neonati da 0 a 3 mesi. Ogni articolo \u00e8 stato accuratamente selezionato per la sua qualit\u00e0 e per il suo design delicato, per poi essere incartato a mano in una magnifica confezione regalo, pensata per rendere questo dono un ricordo indimenticabile. <\/p>\n","protected":false},"featured_media":1645,"comment_status":"closed","ping_status":"closed","template":"","meta":[],"product_brand":[],"product_cat":[63,72],"product_tag":[],"class_list":{"0":"post-1643","1":"product","2":"type-product","3":"status-publish","4":"has-post-thumbnail","6":"product_cat-cofanetto-neonato-nascita","7":"product_cat-madchen","8":"product_shipping_class-pacco-standard","10":"first","11":"instock","12":"shipping-taxable","13":"purchasable","14":"product-type-simple"},"jetpack_sharing_enabled":true,"_links":{"self":[{"href":"http:\/\/yllbox.ch\/it\/wp-json\/wp\/v2\/product\/1643","targetHints":{"allow":["GET"]}}],"collection":[{"href":"http:\/\/yllbox.ch\/it\/wp-json\/wp\/v2\/product"}],"about":[{"href":"http:\/\/yllbox.ch\/it\/wp-json\/wp\/v2\/types\/product"}],"replies":[{"embeddable":true,"href":"http:\/\/yllbox.ch\/it\/wp-json\/wp\/v2\/comments?post=1643"}],"wp:featuredmedia":[{"embeddable":true,"href":"http:\/\/yllbox.ch\/it\/wp-json\/wp\/v2\/media\/1645"}],"wp:attachment":[{"href":"http:\/\/yllbox.ch\/it\/wp-json\/wp\/v2\/media?parent=1643"}],"wp:term":[{"taxonomy":"product_brand","embeddable":true,"href":"http:\/\/yllbox.ch\/it\/wp-json\/wp\/v2\/product_brand?post=1643"},{"taxonomy":"product_cat","embeddable":true,"href":"http:\/\/yllbox.ch\/it\/wp-json\/wp\/v2\/product_cat?post=1643"},{"taxonomy":"product_tag","embeddable":true,"href":"http:\/\/yllbox.ch\/it\/wp-json\/wp\/v2\/product_tag?post=1643"}],"curies":[{"name":"wp","href":"https:\/\/api.w.org\/{rel}","templated":true}]}}