{"id":1734,"date":"2026-02-01T12:05:07","date_gmt":"2026-02-01T12:05:07","guid":{"rendered":"https:\/\/yllbox.ch\/produit\/scatola-mailily-m-grigio\/"},"modified":"2026-04-18T19:35:08","modified_gmt":"2026-04-18T19:35:08","slug":"scatola-mailily-m-grigio","status":"publish","type":"product","link":"http:\/\/yllbox.ch\/it\/produit\/scatola-mailily-m-grigio\/","title":{"rendered":"Scatola Mailily M &#8211; Grigio"},"content":{"rendered":"<p data-start=\"120\" data-end=\"443\">Questo set regalo per la nascita \u00e8 stato progettato per offrire un momento di assoluta morbidezza ai neonati da 0 a 3 mesi. Ogni articolo \u00e8 stato accuratamente selezionato per la sua qualit\u00e0, i materiali naturali e il design delicato, per poi essere confezionato a mano in una magnifica scatola regalo, ideale per un regalo indimenticabile. <\/p>\n<p data-start=\"445\" data-end=\"595\">Progettato per accompagnare i primi momenti del bambino con tenerezza e serenit\u00e0, questo cofanetto unisce artigianalit\u00e0, materiali nobili e benessere sensoriale.<\/p>\n<p data-start=\"597\" data-end=\"890\">La confezione contiene :<\/p>\n<ul>\n<li><strong>Un paio di scarpine<\/strong> per neonati lavorate a mano in morbido e confortevole cotone organico<strong> grigio<\/strong>, con graziosi bottoni decorativi in legno di frassino. Si adattano perfettamente grazie a una delicata fascia elastica, garantendo un sostegno ottimale e aggiungendo un tocco chic e artigianale fin dai primi mesi di vita. <\/li>\n<li><strong>Un sonaglio<\/strong> ecologico MAYLILY <strong>grigio<\/strong>, lavorato a mano in cotone biologico e abbinato a un anello in legno d&#8217;acero certificato che emette un dolce tintinnio. Elegante e sensoriale, calma la dentizione e risveglia i sensi del bambino, con un design distintivo realizzato in Polonia. <\/li>\n<li><strong>Cuffia per neonati in<\/strong> morbidissimo <strong>tessuto di bamb\u00f9<\/strong> traspirante, progettata per un comfort ottimale senza surriscaldamento. Con le sue simpatiche orecchie e il tessuto naturalmente antibatterico, \u00e8 perfetta per i neonati da 1 a 6 mesi. <\/li>\n<li><strong>Una scatola di legno<\/strong> 20x20x8 cm<\/li>\n<li><strong>Un olio da bagno e da massaggio<\/strong> per bambini, ideale per i momenti di relax, formulato per lenire e nutrire la pelle delicata fin dalla nascita. La sua miscela di lavanda, camomilla e avocado offre un&#8217;esperienza rilassante, perfetta per il bagno o il massaggio.<br \/>\nIngredienti: olio di Prunus Amygdalus Dulcis (mandorle dolci), olio di semi di Simmondsia Chinensis (jojoba), olio di Lavandula Angustifolia (lavanda), linalolo, limonene. <\/li>\n<li><strong>Peluche beige di cervo<\/strong>, lavorato a mano e accompagnato da un delicato pannolino in viscosa di bamb\u00f9, che offre al bambino morbidezza e comfort. Con una lunghezza di circa 40 cm, \u00e8 ideale come coperta di sicurezza per accompagnare i pi\u00f9 piccoli ogni giorno. <\/li>\n<li><strong>Un biglietto di auguri<\/strong> YllBox, scritto automaticamente nella lingua del sito web utilizzato al momento dell&#8217;ordine, accompagna il tuo regalo.<\/li>\n<\/ul>\n<p>Una scatola premium, naturale e poetica, il regalo perfetto per celebrare una nascita con eleganza ed emozione.<\/p>\n","protected":false},"excerpt":{"rendered":"<p>Un set regalo per neonati, accuratamente selezionato e confezionato a mano in un&#8217;elegante scatola regalo. Pensato per i neonati da 0 a 3 mesi, celebra la dolcezza dei primi momenti con materiali naturali, lavorazione artigianale e profumi rilassanti. <\/p>\n","protected":false},"featured_media":1737,"comment_status":"closed","ping_status":"closed","template":"","meta":[],"product_brand":[],"product_cat":[63,71,72],"product_tag":[],"class_list":{"0":"post-1734","1":"product","2":"type-product","3":"status-publish","4":"has-post-thumbnail","6":"product_cat-cofanetto-neonato-nascita","7":"product_cat-junge","8":"product_cat-madchen","9":"product_shipping_class-pacco-standard","11":"first","12":"instock","13":"shipping-taxable","14":"purchasable","15":"product-type-simple"},"jetpack_sharing_enabled":true,"_links":{"self":[{"href":"http:\/\/yllbox.ch\/it\/wp-json\/wp\/v2\/product\/1734","targetHints":{"allow":["GET"]}}],"collection":[{"href":"http:\/\/yllbox.ch\/it\/wp-json\/wp\/v2\/product"}],"about":[{"href":"http:\/\/yllbox.ch\/it\/wp-json\/wp\/v2\/types\/product"}],"replies":[{"embeddable":true,"href":"http:\/\/yllbox.ch\/it\/wp-json\/wp\/v2\/comments?post=1734"}],"wp:featuredmedia":[{"embeddable":true,"href":"http:\/\/yllbox.ch\/it\/wp-json\/wp\/v2\/media\/1737"}],"wp:attachment":[{"href":"http:\/\/yllbox.ch\/it\/wp-json\/wp\/v2\/media?parent=1734"}],"wp:term":[{"taxonomy":"product_brand","embeddable":true,"href":"http:\/\/yllbox.ch\/it\/wp-json\/wp\/v2\/product_brand?post=1734"},{"taxonomy":"product_cat","embeddable":true,"href":"http:\/\/yllbox.ch\/it\/wp-json\/wp\/v2\/product_cat?post=1734"},{"taxonomy":"product_tag","embeddable":true,"href":"http:\/\/yllbox.ch\/it\/wp-json\/wp\/v2\/product_tag?post=1734"}],"curies":[{"name":"wp","href":"https:\/\/api.w.org\/{rel}","templated":true}]}}