{"id":1804,"date":"2026-02-01T11:40:39","date_gmt":"2026-02-01T11:40:39","guid":{"rendered":"https:\/\/yllbox.ch\/produit\/set-mailily-s-rosa\/"},"modified":"2026-04-18T19:35:08","modified_gmt":"2026-04-18T19:35:08","slug":"set-mailily-s-rosa","status":"publish","type":"product","link":"http:\/\/yllbox.ch\/it\/produit\/set-mailily-s-rosa\/","title":{"rendered":"Set Mailily S &#8211; Rosa"},"content":{"rendered":"<p data-start=\"120\" data-end=\"443\">Questo set regalo nascita <strong data-start=\"144\" data-end=\"157\">100% biologico<\/strong> \u00e8 stato pensato per offrire un momento di assoluta morbidezza ai neonati da 0 a 3 mesi. Ogni articolo \u00e8 stato accuratamente selezionato per la sua qualit\u00e0, l&#8217;origine naturale e il design delicato, per poi essere confezionato a mano in una magnifica scatola regalo, ideale per un regalo indimenticabile. <\/p>\n<p data-start=\"445\" data-end=\"595\">Progettato per accompagnare i primi momenti del bambino con tenerezza e serenit\u00e0, questo cofanetto unisce artigianalit\u00e0, materiali nobili e benessere sensoriale.<\/p>\n<p data-start=\"597\" data-end=\"890\">La confezione contiene :<\/p>\n<ul>\n<li><strong>Un paio di<\/strong> morbide e comode <strong>scarpine<\/strong> da neonato lavorate a mano in cotone biologico <strong>rosa<\/strong>, con graziosi bottoni decorativi in legno di frassino. Si adattano perfettamente grazie a una delicata fascia elastica, garantendo un sostegno ottimale e aggiungendo un tocco chic e artigianale fin dai primi mesi di vita. <\/li>\n<li><strong>Sonaglio<\/strong> ecologico <strong>per la dentizione<\/strong> con coniglietto <strong>rosa<\/strong> MAYLILY, lavorato a mano in cotone biologico e abbinato a un anello in legno d&#8217;acero certificato che emette un dolce tintinnio. Elegante e sensoriale, calma la dentizione e risveglia i sensi del bambino, con un design distintivo realizzato in Polonia. <\/li>\n<li><strong>Una scatola di legno di<\/strong> 16x16x6,5 cm<\/li>\n<li><strong>Un olio da bagno e da massaggio<\/strong> per bambini, ideale per i momenti di relax, formulato per lenire e nutrire la pelle delicata fin dalla nascita. La sua miscela di lavanda, camomilla e avocado offre un&#8217;esperienza rilassante, perfetta per il bagno o il massaggio.<br \/>\nIngredienti: olio di Prunus Amygdalus Dulcis (mandorle dolci), olio di semi di Simmondsia Chinensis (jojoba), olio di Lavandula Angustifolia (lavanda), linalolo, limonene. <\/li>\n<li><strong>Un biglietto di auguri<\/strong> YllBox, scritto automaticamente nella lingua del sito web utilizzato al momento dell&#8217;ordine, accompagna il tuo regalo.<\/li>\n<\/ul>\n<p>Una scatola premium, naturale e poetica, il regalo perfetto per celebrare una nascita con eleganza ed emozione.<\/p>\n","protected":false},"excerpt":{"rendered":"<p>Un set regalo per neonati <strong data-start=\"81\" data-end=\"94\">100% biologico<\/strong>, accuratamente selezionato e confezionato a mano in un&#8217;elegante scatola regalo. Pensato per i neonati da 0 a 3 mesi, celebra la dolcezza dei primi momenti con materiali naturali, lavorazione artigianale e profumi rilassanti. <\/p>\n","protected":false},"featured_media":1788,"comment_status":"closed","ping_status":"closed","template":"","meta":[],"product_brand":[],"product_cat":[63,72],"product_tag":[],"class_list":{"0":"post-1804","1":"product","2":"type-product","3":"status-publish","4":"has-post-thumbnail","6":"product_cat-cofanetto-neonato-nascita","7":"product_cat-madchen","8":"product_shipping_class-pacco-standard","10":"first","11":"instock","12":"shipping-taxable","13":"purchasable","14":"product-type-simple"},"jetpack_sharing_enabled":true,"_links":{"self":[{"href":"http:\/\/yllbox.ch\/it\/wp-json\/wp\/v2\/product\/1804","targetHints":{"allow":["GET"]}}],"collection":[{"href":"http:\/\/yllbox.ch\/it\/wp-json\/wp\/v2\/product"}],"about":[{"href":"http:\/\/yllbox.ch\/it\/wp-json\/wp\/v2\/types\/product"}],"replies":[{"embeddable":true,"href":"http:\/\/yllbox.ch\/it\/wp-json\/wp\/v2\/comments?post=1804"}],"wp:featuredmedia":[{"embeddable":true,"href":"http:\/\/yllbox.ch\/it\/wp-json\/wp\/v2\/media\/1788"}],"wp:attachment":[{"href":"http:\/\/yllbox.ch\/it\/wp-json\/wp\/v2\/media?parent=1804"}],"wp:term":[{"taxonomy":"product_brand","embeddable":true,"href":"http:\/\/yllbox.ch\/it\/wp-json\/wp\/v2\/product_brand?post=1804"},{"taxonomy":"product_cat","embeddable":true,"href":"http:\/\/yllbox.ch\/it\/wp-json\/wp\/v2\/product_cat?post=1804"},{"taxonomy":"product_tag","embeddable":true,"href":"http:\/\/yllbox.ch\/it\/wp-json\/wp\/v2\/product_tag?post=1804"}],"curies":[{"name":"wp","href":"https:\/\/api.w.org\/{rel}","templated":true}]}}