{"id":1832,"date":"2026-02-19T09:07:34","date_gmt":"2026-02-19T09:07:34","guid":{"rendered":"https:\/\/yllbox.ch\/produit\/cofanetto-prestige-loan-collection\/"},"modified":"2026-04-18T19:35:06","modified_gmt":"2026-04-18T19:35:06","slug":"cofanetto-prestige-loan-collection","status":"publish","type":"product","link":"http:\/\/yllbox.ch\/it\/produit\/cofanetto-prestige-loan-collection\/","title":{"rendered":"Cofanetto regalo nascita Prestige \u2013 Collezione Loan"},"content":{"rendered":"<article class=\"text-token-text-primary w-full focus:outline-none [--shadow-height:45px] has-data-writing-block:pointer-events-none has-data-writing-block:-mt-(--shadow-height) has-data-writing-block:pt-(--shadow-height) [&amp;:has([data-writing-block])&gt;*]:pointer-events-auto scroll-mt-(--header-height)\" dir=\"auto\" tabindex=\"-1\" data-turn-id=\"128c6595-109c-4470-9017-15c8ee6423ba\" data-testid=\"conversation-turn-115\" data-scroll-anchor=\"false\" data-turn=\"user\"><\/article>\n<article class=\"text-token-text-primary w-full focus:outline-none [--shadow-height:45px] has-data-writing-block:pointer-events-none has-data-writing-block:-mt-(--shadow-height) has-data-writing-block:pt-(--shadow-height) [&amp;:has([data-writing-block])&gt;*]:pointer-events-auto scroll-mt-[calc(var(--header-height)+min(200px,max(70px,20svh)))]\" dir=\"auto\" tabindex=\"-1\" data-turn-id=\"request-698b4464-8c7c-838b-8d5c-684325637cfd-7\" data-testid=\"conversation-turn-116\" data-scroll-anchor=\"true\" data-turn=\"assistant\">\n<div class=\"text-base my-auto mx-auto pb-10 [--thread-content-margin:--spacing(4)] @w-sm\/main:[--thread-content-margin:--spacing(6)] @w-lg\/main:[--thread-content-margin:--spacing(16)] px-(--thread-content-margin)\">\n<div class=\"[--thread-content-max-width:40rem] @w-lg\/main:[--thread-content-max-width:48rem] mx-auto max-w-(--thread-content-max-width) flex-1 group\/turn-messages focus-visible:outline-hidden relative flex w-full min-w-0 flex-col agent-turn\" tabindex=\"-1\">\n<div class=\"flex max-w-full flex-col grow\">\n<div class=\"min-h-8 text-message relative flex w-full flex-col items-end gap-2 text-start break-words whitespace-normal [.text-message+&amp;]:mt-1\" dir=\"auto\" data-message-author-role=\"assistant\" data-message-id=\"67e04428-e21b-42be-8c61-aadd7dad4992\" data-message-model-slug=\"gpt-5-2\">\n<div class=\"flex w-full flex-col gap-1 empty:hidden first:pt-[1px]\">\n<div class=\"markdown prose dark:prose-invert w-full wrap-break-word light markdown-new-styling\">\n<p data-start=\"0\" data-end=\"263\" data-is-last-node=\"\" data-is-only-node=\"\">Questo cofanetto regalo nascita composto da 10 pezzi riunisce prodotti essenziali per la cura, il gioco e il comfort del neonato, accuratamente selezionati per accompagnare il beb\u00e9 con dolcezza fin dalla nascita. Presentato in una scatola in legno naturale, rappresenta un regalo tenero e premuroso. <\/p>\n<\/div>\n<\/div>\n<\/div>\n<\/div>\n<\/div>\n<\/div>\n<\/article>\n<div>La confezione contiene :<\/div>\n<ul>\n<li>Una <strong>palla motoria<\/strong> in silicone leggera e flessibile a forma di orsetto, progettata per stimolare la prensione e lo sviluppo sensoriale del bambino. Sicura, priva di BPA e facile da impugnare, pu\u00f2 essere utilizzata con il bambino fin dai primi mesi, anche durante la dentizione. <\/li>\n<li><strong>Un olio da bagno e da massaggio per bambini<\/strong>, ideale per i momenti di relax, formulato per lenire e nutrire la pelle delicata fin dalla nascita. La sua miscela di lavanda, camomilla e avocado offre un&#8217;esperienza rilassante, perfetta per il bagno o il massaggio. Ingredienti: olio di Prunus Amygdalus Dulcis (mandorle dolci), olio di semi di Simmondsia Chinensis (jojoba), olio di Lavandula Angustifolia (lavanda), linalolo, limonene. <\/li>\n<li><strong>Un balsamo per bambini 100% naturale<\/strong>, formulato con burro di karit\u00e9 e olio di cocco per idratare, nutrire e lenire la pelle sensibile fin dalla nascita. Privo di sostanze chimiche, profumi e coloranti, \u00e8 ideale per le zone secche, le piccole irritazioni e i fastidi quotidiani.<br \/>\nIngredienti : Burro di Butyrospermum Parkii (Shea), olio di Prunus Amygdalus Dulcis (Mandorle dolci), olio di semi di Simmondsia Chinensis (Jojoba). <\/li>\n<li><strong>Una spazzola per capelli per bambini in legno e lana naturale<\/strong>, con fibre ultra morbide che rispettano il cuoio capelluto sensibile del bambino.<\/li>\n<li><strong>Una calda trapunta di coniglio biologico color tortora<\/strong>, incredibilmente morbida e lenitiva, pensata per confortare il bambino fin dalla nascita. Alto 42 cm e realizzato in modo responsabile con materiali sostenibili, \u00e8 perfetto per coccolare e calmare il bambino, favorendone lo sviluppo sensoriale. <\/li>\n<li><strong>Una confezione di 3<\/strong> morbidi e funzionali <strong>quadrati in mussola di cotone 100%<\/strong> dai colori eleganti, perfetti per l&#8217;uso quotidiano con il bambino. Realizzati in Polonia in una misura universale (65 \u00d7 65 cm), uniscono qualit\u00e0 e praticit\u00e0. <\/li>\n<li><strong>Una scatola regalo in legno naturale<\/strong> che misura 27 x 18,5 x 13 cm<\/li>\n<li><strong>Un biglietto di auguri YllBox<\/strong>, scritto automaticamente nella lingua del sito web utilizzato al momento dell&#8217;ordine.<\/li>\n<\/ul>\n<p>Un regalo bello, utile e profondamente riflessivo per accompagnare il bambino con delicatezza e tenerezza durante i mesi.<\/p>\n","protected":false},"excerpt":{"rendered":"<p data-start=\"78\" data-end=\"391\">Questo cofanetto regalo nascita composto da 10 pezzi riunisce prodotti essenziali per la cura, il gioco e il comfort del neonato, accuratamente selezionati per accompagnare il beb\u00e9 con dolcezza fin dalla nascita. Presentato in una scatola in legno naturale, rappresenta un regalo tenero e premuroso. <\/p>\n","protected":false},"featured_media":1834,"comment_status":"closed","ping_status":"closed","template":"","meta":[],"product_brand":[],"product_cat":[63,71,72],"product_tag":[],"class_list":{"0":"post-1832","1":"product","2":"type-product","3":"status-publish","4":"has-post-thumbnail","6":"product_cat-cofanetto-neonato-nascita","7":"product_cat-junge","8":"product_cat-madchen","9":"product_shipping_class-pacco-standard","11":"first","12":"instock","13":"shipping-taxable","14":"purchasable","15":"product-type-simple"},"jetpack_sharing_enabled":true,"_links":{"self":[{"href":"http:\/\/yllbox.ch\/it\/wp-json\/wp\/v2\/product\/1832","targetHints":{"allow":["GET"]}}],"collection":[{"href":"http:\/\/yllbox.ch\/it\/wp-json\/wp\/v2\/product"}],"about":[{"href":"http:\/\/yllbox.ch\/it\/wp-json\/wp\/v2\/types\/product"}],"replies":[{"embeddable":true,"href":"http:\/\/yllbox.ch\/it\/wp-json\/wp\/v2\/comments?post=1832"}],"wp:featuredmedia":[{"embeddable":true,"href":"http:\/\/yllbox.ch\/it\/wp-json\/wp\/v2\/media\/1834"}],"wp:attachment":[{"href":"http:\/\/yllbox.ch\/it\/wp-json\/wp\/v2\/media?parent=1832"}],"wp:term":[{"taxonomy":"product_brand","embeddable":true,"href":"http:\/\/yllbox.ch\/it\/wp-json\/wp\/v2\/product_brand?post=1832"},{"taxonomy":"product_cat","embeddable":true,"href":"http:\/\/yllbox.ch\/it\/wp-json\/wp\/v2\/product_cat?post=1832"},{"taxonomy":"product_tag","embeddable":true,"href":"http:\/\/yllbox.ch\/it\/wp-json\/wp\/v2\/product_tag?post=1832"}],"curies":[{"name":"wp","href":"https:\/\/api.w.org\/{rel}","templated":true}]}}