{"id":1867,"date":"2026-02-14T11:24:18","date_gmt":"2026-02-14T11:24:18","guid":{"rendered":"https:\/\/yllbox.ch\/produit\/coffret-essentiel-collezione-nora\/"},"modified":"2026-04-18T19:35:08","modified_gmt":"2026-04-18T19:35:08","slug":"coffret-essentiel-collezione-nora","status":"publish","type":"product","link":"http:\/\/yllbox.ch\/it\/produit\/coffret-essentiel-collezione-nora\/","title":{"rendered":"Coffret Essentiel &#8211; Collezione Nora"},"content":{"rendered":"<p>Questo set regalo per la nascita <strong>da 7 pezzi<\/strong> \u00e8 stato progettato per offrire un momento di assoluta morbidezza ai neonati da 0 a 3 mesi. Ogni articolo \u00e8 stato accuratamente selezionato per la sua qualit\u00e0 e per il suo design delicato, per poi essere incartato a mano in una magnifica confezione regalo, pensata per rendere questo dono un ricordo indimenticabile. <\/p>\n<div>La confezione contiene :<\/div>\n<ul>\n<li><strong>Un body a maniche lunghe in cotone biologico.<\/strong><\/li>\n<li><strong>Piumino coniglio biologico &#8211; Crema, Un <\/strong>compagno tenero e calmante, questo morbidissimo piumino coniglio lavorato a maglia accompagna il bambino fin dai suoi primi giorni di vita. La sua parte inferiore in lino naturale e i delicati pompon stimolano sottilmente il tatto e la stimolazione sensoriale, offrendo allo stesso tempo comfort e morbidezza durante le coccole e i momenti di tranquillit\u00e0. <\/li>\n<li><strong>Una molletta per succhietto in mussola<\/strong> con clip in legno, morbida, traspirante e sicura per la pelle sensibile del bambino. Pratica e raffinata, tiene il succhietto o l&#8217;anello per la dentizione a portata di mano per tutto il giorno. <\/li>\n<li><strong>Anello<\/strong> sensoriale <strong>per la dentizione<\/strong> di colore viola chiaro, realizzato in cotone biologico con un anello in legno di faggio per lenire le gengive del bambino. Leggero e divertente, stimola i sensi ed \u00e8 un&#8217;ottima idea regalo fin dalla nascita. <\/li>\n<li>Un <strong>sapone biologico <\/strong>super-grasso alla calendula, ultra-delicato e nutriente, formulato con oli e burri vegetali biologici per detergere la pelle senza seccarla. Senza oli essenziali, \u00e8 perfetto anche per le pelli pi\u00f9 fragili fin dalla nascita. <strong style=\"color: #555555; font-size: 14.4px;\">Composizione<\/strong><span style=\"color: #555555; font-size: 14.4px;\">: macerato oleoso di calendula biologico, olio di cocco biologico (saponificato e non saponificato), olio di oliva biologico (saponificato e non saponificato), burro di karit\u00e9 biologico (saponificato e non saponificato), glicerina derivata dalla saponificazione degli oli vegetali, acqua.<\/span> <\/li>\n<li><strong style=\"color: #333333; font-size: 14.4px;\">Una scatola di cartone ondulato <\/strong><span style=\"color: #333333; font-size: 14.4px;\">dimensioni 30 x 21,5 x 5 cm<\/span><\/li>\n<li><strong style=\"color: #333333; font-size: 14.4px;\">Una YllBox<\/strong><span style=\"color: #333333; font-size: 14.4px;\">scritto automaticamente nella lingua del sito web utilizzato per effettuare l&#8217;ordine.<\/span><\/li>\n<\/ul>\n<p>Un cofanetto eccezionale, progettato per onorare una nascita con eleganza, tenerezza e distinzione.<\/p>\n","protected":false},"excerpt":{"rendered":"<p>Questo set regalo per la nascita <strong>da 7 pezzi<\/strong> \u00e8 stato progettato per offrire un momento di assoluta morbidezza ai neonati da 0 a 3 mesi. Ogni articolo \u00e8 stato accuratamente selezionato per la sua qualit\u00e0 e per il suo design delicato, per poi essere incartato a mano in una magnifica confezione regalo, pensata per rendere questo dono un ricordo indimenticabile. <\/p>\n","protected":false},"featured_media":1870,"comment_status":"closed","ping_status":"closed","template":"","meta":[],"product_brand":[],"product_cat":[63,72],"product_tag":[],"class_list":{"0":"post-1867","1":"product","2":"type-product","3":"status-publish","4":"has-post-thumbnail","6":"product_cat-cofanetto-neonato-nascita","7":"product_cat-madchen","8":"product_shipping_class-pacco-standard","10":"first","11":"instock","12":"shipping-taxable","13":"purchasable","14":"product-type-simple"},"jetpack_sharing_enabled":true,"_links":{"self":[{"href":"http:\/\/yllbox.ch\/it\/wp-json\/wp\/v2\/product\/1867","targetHints":{"allow":["GET"]}}],"collection":[{"href":"http:\/\/yllbox.ch\/it\/wp-json\/wp\/v2\/product"}],"about":[{"href":"http:\/\/yllbox.ch\/it\/wp-json\/wp\/v2\/types\/product"}],"replies":[{"embeddable":true,"href":"http:\/\/yllbox.ch\/it\/wp-json\/wp\/v2\/comments?post=1867"}],"wp:featuredmedia":[{"embeddable":true,"href":"http:\/\/yllbox.ch\/it\/wp-json\/wp\/v2\/media\/1870"}],"wp:attachment":[{"href":"http:\/\/yllbox.ch\/it\/wp-json\/wp\/v2\/media?parent=1867"}],"wp:term":[{"taxonomy":"product_brand","embeddable":true,"href":"http:\/\/yllbox.ch\/it\/wp-json\/wp\/v2\/product_brand?post=1867"},{"taxonomy":"product_cat","embeddable":true,"href":"http:\/\/yllbox.ch\/it\/wp-json\/wp\/v2\/product_cat?post=1867"},{"taxonomy":"product_tag","embeddable":true,"href":"http:\/\/yllbox.ch\/it\/wp-json\/wp\/v2\/product_tag?post=1867"}],"curies":[{"name":"wp","href":"https:\/\/api.w.org\/{rel}","templated":true}]}}