{"id":724,"date":"2026-01-09T12:33:28","date_gmt":"2026-01-09T12:33:28","guid":{"rendered":"https:\/\/yllbox.ch\/geschenkideen\/"},"modified":"2026-01-10T13:08:31","modified_gmt":"2026-01-10T13:08:31","slug":"geschenkideen","status":"publish","type":"page","link":"https:\/\/yllbox.ch\/de\/geschenkideen\/","title":{"rendered":"Geschenkideen"},"content":{"rendered":"\n<p><\/p>\n\n\t<div id=\"gap-75266265\" class=\"gap-element clearfix\" style=\"display:block; height:auto;\">\n\t\t\n<style>\n#gap-75266265 {\n  padding-top: 30px;\n}\n<\/style>\n\t<\/div>\n\t\n\n<div class=\"container section-title-container\" ><h1 class=\"section-title section-title-center\"><b aria-hidden=\"true\"><\/b><span class=\"section-title-main\" style=\"color:rgb(159, 142, 27);\">Geschenkideen<\/span><b aria-hidden=\"true\"><\/b><\/h1><\/div>\n\n\n\t<section class=\"section dark\" id=\"section_1588130615\">\n\t\t<div class=\"section-bg fill\" >\n\t\t\t\t\t\t\t\t\t\n\t\t\t\n\n\t\t<\/div>\n\n\t\t\n\n\t\t<div class=\"section-content relative\">\n\t\t\t\n\n<div class=\"row\" style=\"max-width:1000px\" id=\"row-1262704\">\n\n\n\t<div id=\"col-366711322\" class=\"col small-12 large-12\"  >\n\t\t\t\t<div class=\"col-inner\"  >\n\t\t\t\n\t\t\t\n\n<p data-start=\"156\" data-end=\"400\">Das ideale Geschenk zu finden, ist nicht immer einfach. Die Seite <strong data-start=\"215\" data-end=\"239\">YllBox Geschenkideen<\/strong> wurde entwickelt, um Sie zu inspirieren und Ihnen zu helfen, ein Geschenkset auszuw\u00e4hlen, das perfekt zum Anlass und zur beschenkten Person passt.<\/p>\n<p data-start=\"402\" data-end=\"681\">Unsere Geschenksets sind daf\u00fcr konzipiert, sich verschiedenen Lebensmomenten anzupassen. Ob zur Feier einer Geburt, um einer jungen Mutter zu danken, eine besondere Aufmerksamkeit zu zeigen oder ein personalisiertes Geschenk zu \u00fcberreichen \u2013 jedes Geschenkset ist darauf ausgelegt, eine aufrichtige und bleibende Emotion zu vermitteln.<\/p>\n<p data-start=\"683\" data-end=\"920\">Dank einer klaren und organisierten Auswahl k\u00f6nnen Sie unsere Geschenksets leicht nach Ihren W\u00fcnschen, Ihrem Budget oder der Art des Anlasses entdecken. Jedes Geschenkset ist fertig zum Verschenken und kann personalisiert werden, um Ihr Geschenk einzigartig zu machen.<\/p>\n<p data-start=\"922\" data-end=\"1111\">Mit YllBox sparen Sie Zeit und haben gleichzeitig die Gewissheit, ein sorgf\u00e4ltig ausgew\u00e4hltes, elegantes und bedeutungsvolles Geschenk zu \u00fcberreichen. Lassen Sie sich von unseren Geschenkideen leiten und schenken Sie einen Moment, der z\u00e4hlt.<\/p>\n\n\t\t<\/div>\n\t\t\t\t\t<\/div>\n\n\t\n\n<\/div>\n\n\t\t<\/div>\n\n\t\t\n<style>\n#section_1588130615 {\n  padding-top: 30px;\n  padding-bottom: 30px;\n  margin-bottom: 100px;\n}\n<\/style>\n\t<\/section>\n\t\n\n","protected":false},"excerpt":{"rendered":"","protected":false},"author":1,"featured_media":0,"parent":0,"menu_order":0,"comment_status":"closed","ping_status":"closed","template":"","meta":{"footnotes":""},"class_list":["post-724","page","type-page","status-publish","hentry"],"jetpack_sharing_enabled":true,"_links":{"self":[{"href":"https:\/\/yllbox.ch\/de\/wp-json\/wp\/v2\/pages\/724","targetHints":{"allow":["GET"]}}],"collection":[{"href":"https:\/\/yllbox.ch\/de\/wp-json\/wp\/v2\/pages"}],"about":[{"href":"https:\/\/yllbox.ch\/de\/wp-json\/wp\/v2\/types\/page"}],"author":[{"embeddable":true,"href":"https:\/\/yllbox.ch\/de\/wp-json\/wp\/v2\/users\/1"}],"replies":[{"embeddable":true,"href":"https:\/\/yllbox.ch\/de\/wp-json\/wp\/v2\/comments?post=724"}],"version-history":[{"count":2,"href":"https:\/\/yllbox.ch\/de\/wp-json\/wp\/v2\/pages\/724\/revisions"}],"predecessor-version":[{"id":783,"href":"https:\/\/yllbox.ch\/de\/wp-json\/wp\/v2\/pages\/724\/revisions\/783"}],"wp:attachment":[{"href":"https:\/\/yllbox.ch\/de\/wp-json\/wp\/v2\/media?parent=724"}],"curies":[{"name":"wp","href":"https:\/\/api.w.org\/{rel}","templated":true}]}}