{"id":737,"date":"2026-01-09T12:37:51","date_gmt":"2026-01-09T12:37:51","guid":{"rendered":"https:\/\/yllbox.ch\/wer-sind-wir\/"},"modified":"2026-01-10T15:47:59","modified_gmt":"2026-01-10T15:47:59","slug":"wer-sind-wir","status":"publish","type":"page","link":"https:\/\/yllbox.ch\/de\/wer-sind-wir\/","title":{"rendered":"Wer sind wir?"},"content":{"rendered":"\n<p><\/p>\n\n\t<div id=\"gap-1110402060\" class=\"gap-element clearfix\" style=\"display:block; height:auto;\">\n\t\t\n<style>\n#gap-1110402060 {\n  padding-top: 30px;\n}\n<\/style>\n\t<\/div>\n\t\n\n<div class=\"container section-title-container\" ><h1 class=\"section-title section-title-center\"><b aria-hidden=\"true\"><\/b><span class=\"section-title-main\" style=\"color:rgb(159, 142, 27);\">Wer sind wir?<\/span><b aria-hidden=\"true\"><\/b><\/h1><\/div>\n\n\n\t<section class=\"section dark\" id=\"section_1667315377\">\n\t\t<div class=\"section-bg fill\" >\n\t\t\t\t\t\t\t\t\t\n\t\t\t\n\n\t\t<\/div>\n\n\t\t\n\n\t\t<div class=\"section-content relative\">\n\t\t\t\n\n<div class=\"row\" style=\"max-width:1000px\" id=\"row-1174166468\">\n\n\n\t<div id=\"col-820127042\" class=\"col small-12 large-12\"  >\n\t\t\t\t<div class=\"col-inner\"  >\n\t\t\t\n\t\t\t\n\n<p data-start=\"201\" data-end=\"489\"><strong data-start=\"201\" data-end=\"211\">YllBox<\/strong> ist ein Familienunternehmen mit Sitz in der Schweiz, das aus einem einfachen Wunsch heraus entstanden ist: Geschenkboxen anzubieten, die einen Sinn haben. In einer schnelllebigen Welt wollten wir sorgf\u00e4ltig durchdachte Geschenke kreieren, die Emotionen vermitteln und wichtige Momente im Leben pr\u00e4gen. <\/p>\n<p data-start=\"491\" data-end=\"830\">Jede YllBox wird mit Sorgfalt konzipiert und vorbereitet. Wir w\u00e4hlen die Produkte, aus denen sie sich zusammensetzt, sorgf\u00e4ltig aus und legen besonderen Wert auf die Pr\u00e4sentation, die Details und die Personalisierung. Hinter jeder Bestellung steckt der aufrichtige Wunsch, Freude zu bereiten, als ob die Box f\u00fcr einen geliebten Menschen bestimmt w\u00e4re.  <\/p>\n<p data-start=\"832\" data-end=\"1089\">Als Familienunternehmen bevorzugen wir einen menschlichen und kundennahen Ansatz. Qualit\u00e4t, Vertrauen und ein offenes Ohr stehen im Mittelpunkt unseres Handelns. Wir glauben, dass ein gelungenes Geschenk vor allem ein Geschenk ist, das mit Absicht und Respekt ausgew\u00e4hlt wurde.  <\/p>\n<p data-start=\"1091\" data-end=\"1422\">YllBox richtet sich an all jene, die ein authentisches, praktisches und emotionales Geschenk machen m\u00f6chten, sei es zur Geburt, zu einem besonderen Lebensereignis oder einfach nur, um Freude zu bereiten. Unser Engagement ist es, zuverl\u00e4ssige, sorgf\u00e4ltig vorbereitete Boxen anzubieten, begleitet von einem aufmerksamen Service in jeder Phase. <\/p>\n<p data-start=\"1424\" data-end=\"1560\">YllBox ist vor allem ein menschliches Abenteuer, geleitet von der Leidenschaft f\u00fcr gut gemachte Geschenke und dem Wunsch, bedeutsame Erinnerungen zu schaffen.<\/p>\n\n\t\t<\/div>\n\t\t\t\t\t<\/div>\n\n\t\n\n<\/div>\n\n\t\t<\/div>\n\n\t\t\n<style>\n#section_1667315377 {\n  padding-top: 30px;\n  padding-bottom: 30px;\n  margin-bottom: 100px;\n}\n<\/style>\n\t<\/section>\n\t\n\n","protected":false},"excerpt":{"rendered":"","protected":false},"author":1,"featured_media":0,"parent":0,"menu_order":0,"comment_status":"closed","ping_status":"closed","template":"","meta":{"footnotes":""},"class_list":["post-737","page","type-page","status-publish","hentry"],"jetpack_sharing_enabled":true,"_links":{"self":[{"href":"https:\/\/yllbox.ch\/de\/wp-json\/wp\/v2\/pages\/737","targetHints":{"allow":["GET"]}}],"collection":[{"href":"https:\/\/yllbox.ch\/de\/wp-json\/wp\/v2\/pages"}],"about":[{"href":"https:\/\/yllbox.ch\/de\/wp-json\/wp\/v2\/types\/page"}],"author":[{"embeddable":true,"href":"https:\/\/yllbox.ch\/de\/wp-json\/wp\/v2\/users\/1"}],"replies":[{"embeddable":true,"href":"https:\/\/yllbox.ch\/de\/wp-json\/wp\/v2\/comments?post=737"}],"version-history":[{"count":2,"href":"https:\/\/yllbox.ch\/de\/wp-json\/wp\/v2\/pages\/737\/revisions"}],"predecessor-version":[{"id":838,"href":"https:\/\/yllbox.ch\/de\/wp-json\/wp\/v2\/pages\/737\/revisions\/838"}],"wp:attachment":[{"href":"https:\/\/yllbox.ch\/de\/wp-json\/wp\/v2\/media?parent=737"}],"curies":[{"name":"wp","href":"https:\/\/api.w.org\/{rel}","templated":true}]}}