{"id":1537,"date":"2026-02-14T17:48:41","date_gmt":"2026-02-14T17:48:41","guid":{"rendered":"https:\/\/yllbox.ch\/produit\/signature-box-yael-collection\/"},"modified":"2026-04-18T19:35:07","modified_gmt":"2026-04-18T19:35:07","slug":"signature-box-yael-collection","status":"publish","type":"product","link":"https:\/\/yllbox.ch\/de\/produit\/signature-box-yael-collection\/","title":{"rendered":"Signature-Set, Kollektion Yael"},"content":{"rendered":"<p data-start=\"78\" data-end=\"391\">Dieses Set f\u00fcr die Geburt wurde als ein echtes Ritual der Sanftheit konzipiert und enth\u00e4lt <strong data-start=\"150\" data-end=\"194\">11 nat\u00fcrliche und sensorische Essentials<\/strong>, um Ihr Baby von den ersten Tagen an zu begleiten. Jedes Produkt wurde ausgew\u00e4hlt, um die empfindliche Haut des S\u00e4uglings zu schonen und den Eltern eine einfache, sichere und beruhigende Pflege f\u00fcr den Alltag zu bieten.<\/p>\n<p data-start=\"393\" data-end=\"766\">Die Kombination aus n\u00e4hrenden biologischen Pflegeprodukten, Accessoires zur F\u00f6rderung der Entwicklung und tr\u00f6stenden Gegenst\u00e4nden schafft ein komplettes Erlebnis: Feuchtigkeit spenden, sch\u00fctzen, das Zahnfleisch beruhigen, die Sinne stimulieren und das Baby in einen Kokon des Wohlbefindens h\u00fcllen. Die Texturen sind sanft, die Formeln minimalistisch und die nat\u00fcrlichen Materialien werden bevorzugt, um das empfindliche Gleichgewicht der Haut zu bewahren.<\/p>\n<p data-start=\"768\" data-end=\"947\">Dieses Geschenkset wird in einer eleganten Geschenkbox geliefert und ist eine raffinierte und n\u00fctzliche Aufmerksamkeit, die ideal ist, um eine Geburt mit Sinn, Qualit\u00e4t und Feingef\u00fchl zu feiern.<\/p>\n<div>Die Box enth\u00e4lt :<\/div>\n<ul>\n<li>Dieser n\u00e4hrende und beruhigende <strong>Shea-Baumwoll-Gesichtsbalsam<\/strong> wurde speziell f\u00fcr die zarte Babyhaut ab der Geburt entwickelt. Ausschlie\u00dflich aus biologischen Inhaltsstoffen und ohne \u00e4therische \u00d6le hergestellt, sch\u00fctzt und lindert er trockene Wangen, w\u00e4hrend er das nat\u00fcrliche Gleichgewicht der Haut respektiert. 100 % der gesamten Inhaltsstoffe sind aus biologischem Anbau und wurden sorgf\u00e4ltig nach ihrer Sanftheit und Qualit\u00e4t ausgew\u00e4hlt.<br \/>\nZutaten: ZUTATEN: BUTYROSPERMUM PARKII BUTTER, SESAMUM INDICUM SEED OIL \/ VANILLA PLANIFOLIA FRUIT EXTRACT, GOSSYPIUM HERBACEUM SEED OIL, CAMELINA SATIVA SEED OIL, CANNABIS SATIVA SEED OIL, PERSEA GRATISSIMA OIL, COPERNICIA CERIFERA WAX.<\/li>\n<li><strong>Lin &amp; Shea Windelcreme<\/strong> wurde entwickelt, um nach jedem Wickeln aufgetragen zu werden, um den Po des Babys durch ihre dreifache Wirkung wirksam zu sch\u00fctzen: beruhigend, feuchtigkeitsspendend und sch\u00fctzend. Angereichert mit biologischer Butter und \u00d6len, die reich an Omega-3-Fetts\u00e4uren sind, lindert sie Irritationen, n\u00e4hrt die Haut und bildet einen Schutzfilm ab der Geburt. 99,9% der gesamten Inhaltsstoffe sind aus biologischem Anbau, f\u00fcr eine sanfte Pflege, die die empfindliche Babyhaut respektiert.<br \/>\nZusammensetzung:Sheabutter Bio, Lein\u00f6l Bio, Hanf\u00f6l Bio, Jojoba\u00f6l Bio, Vanille-\u00d6l-Mazerat Bio, Carnaubawachs Bio, nat\u00fcrliches Vitamin E, Sonnenblumen\u00f6l.<\/li>\n<li><strong>Vanille- und Baumwoll\u00f6l<\/strong>, 100% nat\u00fcrlich und ohne \u00e4therische <strong>\u00d6le<\/strong>, wurde entwickelt, um die zarte Babyhaut von Geburt an mit Feuchtigkeit zu versorgen und zu sch\u00fctzen. Es ist mit Baumwoll-, Jojoba- und Cranberry\u00f6l angereichert und f\u00fchlt sich samtweich und angenehm an, ohne einen Fettfilm zu hinterlassen.<br \/>\nZusammensetzung: Bio-Vanille\u00f6lmazerat (auf Sonnenblumen\u00f6lbasis), Bio-Baumwoll\u00f6l, Jojoba\u00f6l, Bio-Cranberry\u00f6l, nat\u00fcrliches Vitamin E.<\/li>\n<li><strong>Premi\u00e8res Quenottes &#8211; Beruhigendes \u00d6l<\/strong> mit biologischer Calendula, Arnika, Kamille und feinem Lavendel, die f\u00fcr ihre beruhigenden und lindernden Eigenschaften bekannt sind. Es ist 100% biologisch und beruhigt sanft das Zahnfleisch des Babys w\u00e4hrend des Zahnens ab 3 Monaten<br \/>\nZusammensetzung: Bio-Sonnenblumen\u00f6l, Calendula\u00f6lmazerat (auf Sonnenblumen\u00f6lbasis), \u00e4therisches \u00d6l aus r\u00f6mischer Kamille bio, \u00e4therisches \u00d6l aus feinem Lavendel bio.<\/li>\n<li>Eine besonders milde und n\u00e4hrende, <strong>r\u00fcckfettende Seife mit Calendula<\/strong>, die auf der Basis von Bio-Pflanzen\u00f6len und Bio-Butter hergestellt wurde, um die Haut zu reinigen, ohne sie auszutrocknen. Ohne \u00e4therische \u00d6le ist sie auch f\u00fcr die empfindlichste Haut ab der Geburt geeignet.<br \/>\nZusammensetzung: Bio-Calendula\u00f6lmazerat, Bio-Kokos\u00f6l (verseifte und unverseifte), Bio-Oliven\u00f6l (verseifte und unverseifte), Bio-Sheabutter (verseifte und unverseifte), Glyzerin aus der Verseifung pflanzlicher \u00d6le, Wasser.<\/li>\n<li><strong>Das Set &#8222;Erwachen &amp; Zahnen<\/strong> &#8220; besteht aus einer Schnullerkette aus weichem Silikon, einer geh\u00e4kelten, sanft klingenden Baumwollrassel und einem Bei\u00dfring mit Elementen aus Naturholz. Es wurde entwickelt, um die Sinne zu stimulieren und das Zahnen zu lindern, und verbindet Weichheit, Sicherheit und nat\u00fcrliches Design.<\/li>\n<li><strong>Cremefarbene gestrickte Babydecke<\/strong> aus Bambusviskose und Baumwolle, unglaublich weich und bequem, mit einem eleganten Maschenmuster. Sie ist ideal f\u00fcr das t\u00e4gliche Einwickeln Ihres Babys und vereint W\u00e4rme, Atmungsaktivit\u00e4t und zeitlosen Stil.<\/li>\n<li><strong>Ein hochwertiger Geschenkkarton<\/strong> mit Magnetverschluss und elegantem Satinband in den Ma\u00dfen 31,5 \u00d7 26,5 \u00d7 9 cm<\/li>\n<li><strong>Eine YllBox-Gru\u00dfkarte<\/strong>, die automatisch in der Sprache der Website, die Sie bei der Bestellung verwendet haben, verfasst wird.<\/li>\n<\/ul>\n<p>Ein sch\u00f6nes, n\u00fctzliches und zutiefst wohlwollendes Geschenk, um Ihr Baby von Anfang an sanft zu empfangen.<\/p>\n","protected":false},"excerpt":{"rendered":"<p data-start=\"78\" data-end=\"391\">Dieses Set f\u00fcr die Geburt wurde als ein echtes Ritual der Sanftheit konzipiert und enth\u00e4lt <strong data-start=\"150\" data-end=\"194\">11 nat\u00fcrliche und sensorische Essentials<\/strong>, um Ihr Baby von den ersten Tagen an zu begleiten. Jedes Produkt wurde ausgew\u00e4hlt, um die empfindliche Haut des S\u00e4uglings zu schonen und den Eltern eine einfache, sichere und beruhigende Pflege f\u00fcr den Alltag zu bieten.<\/p>\n<p data-start=\"393\" data-end=\"766\">Die Kombination aus n\u00e4hrenden biologischen Pflegeprodukten, Accessoires zur F\u00f6rderung der Entwicklung und tr\u00f6stenden Gegenst\u00e4nden schafft ein komplettes Erlebnis: Feuchtigkeit spenden, sch\u00fctzen, das Zahnfleisch beruhigen, die Sinne stimulieren und das Baby in einen Kokon des Wohlbefindens h\u00fcllen. Die Texturen sind sanft, die Formeln minimalistisch und die nat\u00fcrlichen Materialien werden bevorzugt, um das empfindliche Gleichgewicht der Haut zu bewahren.<\/p>\n<p data-start=\"768\" data-end=\"947\">Dieses Geschenkset wird in einer eleganten Geschenkbox geliefert und ist eine raffinierte und n\u00fctzliche Aufmerksamkeit, die ideal ist, um eine Geburt mit Sinn, Qualit\u00e4t und Feingef\u00fchl zu feiern.<\/p>\n","protected":false},"featured_media":1544,"comment_status":"closed","ping_status":"closed","template":"","meta":[],"product_brand":[],"product_cat":[64,69,70],"product_tag":[],"class_list":{"0":"post-1537","1":"product","2":"type-product","3":"status-publish","4":"has-post-thumbnail","6":"product_cat-baby-geburtsset","7":"product_cat-junge","8":"product_cat-madchen","9":"product_shipping_class-standardpaket","11":"first","12":"instock","13":"shipping-taxable","14":"purchasable","15":"product-type-simple"},"jetpack_sharing_enabled":true,"_links":{"self":[{"href":"https:\/\/yllbox.ch\/de\/wp-json\/wp\/v2\/product\/1537","targetHints":{"allow":["GET"]}}],"collection":[{"href":"https:\/\/yllbox.ch\/de\/wp-json\/wp\/v2\/product"}],"about":[{"href":"https:\/\/yllbox.ch\/de\/wp-json\/wp\/v2\/types\/product"}],"replies":[{"embeddable":true,"href":"https:\/\/yllbox.ch\/de\/wp-json\/wp\/v2\/comments?post=1537"}],"wp:featuredmedia":[{"embeddable":true,"href":"https:\/\/yllbox.ch\/de\/wp-json\/wp\/v2\/media\/1544"}],"wp:attachment":[{"href":"https:\/\/yllbox.ch\/de\/wp-json\/wp\/v2\/media?parent=1537"}],"wp:term":[{"taxonomy":"product_brand","embeddable":true,"href":"https:\/\/yllbox.ch\/de\/wp-json\/wp\/v2\/product_brand?post=1537"},{"taxonomy":"product_cat","embeddable":true,"href":"https:\/\/yllbox.ch\/de\/wp-json\/wp\/v2\/product_cat?post=1537"},{"taxonomy":"product_tag","embeddable":true,"href":"https:\/\/yllbox.ch\/de\/wp-json\/wp\/v2\/product_tag?post=1537"}],"curies":[{"name":"wp","href":"https:\/\/api.w.org\/{rel}","templated":true}]}}