{"id":1580,"date":"2026-02-15T10:31:03","date_gmt":"2026-02-15T10:31:03","guid":{"rendered":"https:\/\/yllbox.ch\/produit\/signature-box-mael-collection\/"},"modified":"2026-04-18T19:35:07","modified_gmt":"2026-04-18T19:35:07","slug":"signature-box-mael-collection","status":"publish","type":"product","link":"https:\/\/yllbox.ch\/de\/produit\/signature-box-mael-collection\/","title":{"rendered":"Signature-Set, Kollektion Mael"},"content":{"rendered":"<p data-start=\"78\" data-end=\"391\">Dieses <strong data-start=\"128\" data-end=\"140\">9-teilige<\/strong> Geburtsset wurde entworfen, um Ihr Baby von Anfang an in eine weiche H\u00fclle zu h\u00fcllen. Es enth\u00e4lt eine erlesene Auswahl an Kleidung aus biologischer Baumwolle, zarten Accessoires und beruhigenden Elementen, die sorgf\u00e4ltig ausgew\u00e4hlt wurden, um das Wohlbefinden und die Entwicklung des Neugeborenen zu f\u00f6rdern. In einer hochwertigen Geschenkbox verpackt, ist es ein wertvolles, z\u00e4rtliches und unvergessliches Geschenk.<\/p>\n<div>Die Box enth\u00e4lt :<\/div>\n<ul>\n<li><strong>Zwei lang\u00e4rmelige Bodys aus biologischer Baumwolle.<\/strong><\/li>\n<li><strong>Ein Paar Socken aus biologischer Baumwolle.<\/strong><\/li>\n<li><strong>Eine eisblaue Wickeldecke aus biologischer Baumwolle,<\/strong> die entwickelt wurde, um dem Baby ein Gef\u00fchl der Sicherheit und des Komforts zu geben, das an den Bauch der Mutter erinnert und einen ruhigen Schlaf f\u00f6rdert. Die Decke ist weich, atmungsaktiv und GOTS-zertifiziert und ist ideal f\u00fcr Babys ab der Geburt.<\/li>\n<li><strong>Eine<\/strong> ultraweiche und atmungsaktive <strong>M\u00fctze aus Bambusgewebe<\/strong>, die f\u00fcr optimalen Komfort ohne \u00dcberhitzung entwickelt wurde. Mit den s\u00fc\u00dfen kleinen Ohren und dem nat\u00fcrlich antibakteriellen Material ist sie perfekt f\u00fcr Neugeborene von 1 bis 6 Monaten.<\/li>\n<li><strong>Ein taupefarbenes Kaninchenpl\u00fcschtier aus<\/strong> GOTS-zertifizierter <strong>Bio-Baumwolle<\/strong>, das unglaublich weich und sicher f\u00fcr die zarte Haut Ihres Babys von Geburt an ist. Mit einer H\u00f6he von 35 cm wird es verantwortungsvoll aus nachhaltigen Materialien hergestellt und begleitet die Momente des Kuschelns, des Schlafes und des Trostes.<\/li>\n<li><strong>Schnullerhalter<\/strong> aus Musselin mit Holzclip, weich, atmungsaktiv und sicher f\u00fcr die empfindliche Haut Ihres Babys. Praktisch und raffiniert, h\u00e4lt den Schnuller oder Bei\u00dfring in Reichweite.<\/li>\n<li><strong>Ein hochwertiger Geschenkkarton<\/strong> mit Magnetverschluss und elegantem Satinband in den Ma\u00dfen 31,5 \u00d7 26,5 \u00d7 9 cm<\/li>\n<li><strong>Eine YllBox-Gru\u00dfkarte<\/strong>, die automatisch in der Sprache der Website, die Sie bei der Bestellung verwendet haben, verfasst wird.<\/li>\n<\/ul>\n<p>Ein sch\u00f6nes, n\u00fctzliches und zutiefst wohlwollendes Geschenk, um Ihr Baby von Anfang an sanft zu empfangen.<\/p>\n","protected":false},"excerpt":{"rendered":"<p data-start=\"78\" data-end=\"391\">Dieses <strong data-start=\"128\" data-end=\"140\">9-teilige<\/strong> Geburtsset wurde entworfen, um Ihr Baby von Anfang an in eine weiche H\u00fclle zu h\u00fcllen. Es enth\u00e4lt eine erlesene Auswahl an Kleidung aus biologischer Baumwolle, zarten Accessoires und beruhigenden Elementen, die sorgf\u00e4ltig ausgew\u00e4hlt wurden, um das Wohlbefinden und die Entwicklung des Neugeborenen zu f\u00f6rdern. In einer hochwertigen Geschenkbox verpackt, ist es ein wertvolles, z\u00e4rtliches und unvergessliches Geschenk.<\/p>\n","protected":false},"featured_media":1582,"comment_status":"closed","ping_status":"closed","template":"","meta":[],"product_brand":[],"product_cat":[64,69,70],"product_tag":[],"class_list":{"0":"post-1580","1":"product","2":"type-product","3":"status-publish","4":"has-post-thumbnail","6":"product_cat-baby-geburtsset","7":"product_cat-junge","8":"product_cat-madchen","9":"product_shipping_class-standardpaket","11":"first","12":"instock","13":"shipping-taxable","14":"purchasable","15":"product-type-simple"},"jetpack_sharing_enabled":true,"_links":{"self":[{"href":"https:\/\/yllbox.ch\/de\/wp-json\/wp\/v2\/product\/1580","targetHints":{"allow":["GET"]}}],"collection":[{"href":"https:\/\/yllbox.ch\/de\/wp-json\/wp\/v2\/product"}],"about":[{"href":"https:\/\/yllbox.ch\/de\/wp-json\/wp\/v2\/types\/product"}],"replies":[{"embeddable":true,"href":"https:\/\/yllbox.ch\/de\/wp-json\/wp\/v2\/comments?post=1580"}],"wp:featuredmedia":[{"embeddable":true,"href":"https:\/\/yllbox.ch\/de\/wp-json\/wp\/v2\/media\/1582"}],"wp:attachment":[{"href":"https:\/\/yllbox.ch\/de\/wp-json\/wp\/v2\/media?parent=1580"}],"wp:term":[{"taxonomy":"product_brand","embeddable":true,"href":"https:\/\/yllbox.ch\/de\/wp-json\/wp\/v2\/product_brand?post=1580"},{"taxonomy":"product_cat","embeddable":true,"href":"https:\/\/yllbox.ch\/de\/wp-json\/wp\/v2\/product_cat?post=1580"},{"taxonomy":"product_tag","embeddable":true,"href":"https:\/\/yllbox.ch\/de\/wp-json\/wp\/v2\/product_tag?post=1580"}],"curies":[{"name":"wp","href":"https:\/\/api.w.org\/{rel}","templated":true}]}}