{"id":1590,"date":"2026-02-13T19:05:16","date_gmt":"2026-02-13T19:05:16","guid":{"rendered":"https:\/\/yllbox.ch\/produit\/elegance-box-sammlung-elias\/"},"modified":"2026-04-22T19:55:56","modified_gmt":"2026-04-22T19:55:56","slug":"elegance-box-sammlung-elias","status":"publish","type":"product","link":"https:\/\/yllbox.ch\/de\/produit\/elegance-box-sammlung-elias\/","title":{"rendered":"Eleganz-Set, Kollektion Elias"},"content":{"rendered":"<p>Dieses<strong> 8-teilige<\/strong> Geburtsset wurde entworfen, um Neugeborenen im Alter von 0 bis 3 Monaten einen Moment der absoluten Z\u00e4rtlichkeit zu schenken. Jedes Teil wurde sorgf\u00e4ltig nach Qualit\u00e4t und zartem Design ausgew\u00e4hlt und von Hand in einer wundersch\u00f6nen Geschenkbox verpackt, die dieses Geschenk zu einem unvergesslichen Erlebnis macht.<\/p>\n<p>Die Box enth\u00e4lt :<\/p>\n<ul>\n<li><strong>Zwei<\/strong> weiche, funktionelle und farblich elegante <strong>Vierecke aus 100% Baumwollmusselin<\/strong>, perfekt f\u00fcr den t\u00e4glichen Gebrauch mit Ihrem Baby. Sie haben eine Universalgr\u00f6\u00dfe (65 \u00d7 65 cm) und werden in Polen hergestellt, um Qualit\u00e4t und Zweckm\u00e4\u00dfigkeit zu kombinieren.<\/li>\n<li><strong>Ein gestricktes Baby-L\u00e4tzchen aus biologischer Baumwolle<\/strong>, ultraweich und saugf\u00e4hig, mit einer verstellbaren Gr\u00f6\u00dfe f\u00fcr optimalen Komfort beim Zahnen. Es wurde sorgf\u00e4ltig aus GOTS-zertifizierter Baumwolle hergestellt und vereint Praktikabilit\u00e4t, Stil und \u00f6kologische Verantwortung.<\/li>\n<li><strong>ein Paar Socken, hergestellt aus biologischer Baumwolle.<\/strong><\/li>\n<li><strong>Eine<\/strong> handgefertigte <strong>Schnullerkette aus beigem<\/strong> Cord mit einem Clip aus Naturholz, um den Schnuller einfach an der Kleidung oder dem L\u00e4tzchen zu befestigen. Praktisch, elegant und weich, verhindert Verluste und verleiht dem Alltag Ihres Babys einen Hauch von Raffinesse.<\/li>\n<li><strong>Ein<\/strong> weiches und tr\u00f6stliches <strong>Rasselspielzeug aus biologischer Baumwolle<\/strong>, das entwickelt wurde, um die sensorische Entwicklung des Babys von Geburt an mit seinem leisen Rasselger\u00e4usch zu stimulieren. Mit einer H\u00f6he von 22 cm begleitet es die ersten Spiel- und Kuschelmomente auf sanfte Weise.<\/li>\n<li><strong>Eine Schachtel aus blauem Wellkarton<\/strong> mit den Ma\u00dfen 30 x 21.5 x 5 cm<\/li>\n<li><strong>Eine YllBox-Gru\u00dfkarte<\/strong>, die automatisch in der Sprache der Website, die Sie bei der Bestellung verwendet haben, verfasst wird.<\/li>\n<\/ul>\n<p>Ein schlichtes und warmes Geschenkset, das perfekt ist, um eine Geburt mit Aufmerksamkeit und Authentizit\u00e4t zu feiern.<\/p>\n","protected":false},"excerpt":{"rendered":"<p>Dieses 8-teilige Geburtsset wurde entworfen, um Neugeborenen im Alter von 0 bis 3 Monaten einen Moment der absoluten Z\u00e4rtlichkeit zu schenken. Jedes Teil wurde sorgf\u00e4ltig nach Qualit\u00e4t und zartem Design ausgew\u00e4hlt und von Hand in einer wundersch\u00f6nen Geschenkbox verpackt, die dieses Geschenk zu einem unvergesslichen Erlebnis macht.<\/p>\n","protected":false},"featured_media":1592,"comment_status":"closed","ping_status":"closed","template":"","meta":[],"product_brand":[],"product_cat":[64,69],"product_tag":[],"class_list":{"0":"post-1590","1":"product","2":"type-product","3":"status-publish","4":"has-post-thumbnail","6":"product_cat-baby-geburtsset","7":"product_cat-junge","8":"product_shipping_class-standardpaket","10":"first","11":"instock","12":"shipping-taxable","13":"purchasable","14":"product-type-simple"},"jetpack_sharing_enabled":true,"_links":{"self":[{"href":"https:\/\/yllbox.ch\/de\/wp-json\/wp\/v2\/product\/1590","targetHints":{"allow":["GET"]}}],"collection":[{"href":"https:\/\/yllbox.ch\/de\/wp-json\/wp\/v2\/product"}],"about":[{"href":"https:\/\/yllbox.ch\/de\/wp-json\/wp\/v2\/types\/product"}],"replies":[{"embeddable":true,"href":"https:\/\/yllbox.ch\/de\/wp-json\/wp\/v2\/comments?post=1590"}],"wp:featuredmedia":[{"embeddable":true,"href":"https:\/\/yllbox.ch\/de\/wp-json\/wp\/v2\/media\/1592"}],"wp:attachment":[{"href":"https:\/\/yllbox.ch\/de\/wp-json\/wp\/v2\/media?parent=1590"}],"wp:term":[{"taxonomy":"product_brand","embeddable":true,"href":"https:\/\/yllbox.ch\/de\/wp-json\/wp\/v2\/product_brand?post=1590"},{"taxonomy":"product_cat","embeddable":true,"href":"https:\/\/yllbox.ch\/de\/wp-json\/wp\/v2\/product_cat?post=1590"},{"taxonomy":"product_tag","embeddable":true,"href":"https:\/\/yllbox.ch\/de\/wp-json\/wp\/v2\/product_tag?post=1590"}],"curies":[{"name":"wp","href":"https:\/\/api.w.org\/{rel}","templated":true}]}}