{"id":1620,"date":"2026-02-13T21:54:14","date_gmt":"2026-02-13T21:54:14","guid":{"rendered":"https:\/\/yllbox.ch\/produit\/elegance-box-elena-collection\/"},"modified":"2026-04-18T19:35:09","modified_gmt":"2026-04-18T19:35:09","slug":"elegance-box-elena-collection","status":"publish","type":"product","link":"https:\/\/yllbox.ch\/de\/produit\/elegance-box-elena-collection\/","title":{"rendered":"Eleganz-Set, Kollektion Elena"},"content":{"rendered":"<p>Dieses <strong>10-teilige<\/strong> Babyset wurde entworfen, um Neugeborene von 0 bis 3 Monaten mit Sanftheit, Sorgfalt und Raffinesse zu begleiten. Es enth\u00e4lt eine Auswahl an Kleidungsst\u00fccken und Accessoires, die haupts\u00e4chlich aus biologischer Baumwolle hergestellt werden, erg\u00e4nzt durch Elemente zur F\u00f6rderung und zum Wohlbefinden, die sorgf\u00e4ltig aufgrund ihrer Qualit\u00e4t und Feinheit ausgew\u00e4hlt wurden. Es wird in einer eleganten blauen Wellpappeschachtel pr\u00e4sentiert und ist ein wertvolles, harmonisches und unvergessliches Geschenk.<\/p>\n<div>Die Box enth\u00e4lt :<\/div>\n<div>\n<ul>\n<li><strong>Eine Hose aus biologischer Baumwolle.<\/strong><\/li>\n<li><strong>Ein kurz\u00e4rmeliger Body aus biologischer Baumwolle.<\/strong><\/li>\n<li><strong>Ein Hut aus biologischer Baumwolle.<\/strong><\/li>\n<li><strong>Zwei Paar Socken aus biologischer Baumwolle.<\/strong><\/li>\n<li><strong>Ein<\/strong> weicher, strukturierter <strong>Silikon-Bei\u00dfring<\/strong> in Hasenform, der entwickelt wurde, um das Zahnfleisch zu massieren und die mit dem Zahnen verbundenen Schmerzen zu lindern. Er ist einfach zu halten, zu reinigen und zu sterilisieren und bietet Ihrem Baby t\u00e4glich Komfort und Beruhigung.<\/li>\n<li><strong>Ein Bade- und Massage\u00f6l<\/strong> f\u00fcr Babys, ideal f\u00fcr Momente der Entspannung. Es wurde entwickelt, um die zarte Haut von Geburt an zu beruhigen und zu n\u00e4hren. Seine Mischung aus Lavendel, Kamille und Avocado bietet ein entspannendes Erlebnis, das sich perfekt f\u00fcr ein Bad oder eine Massage eignet. <strong>Inhaltsstoffe<\/strong>: Prunus Amygdalus Dulcis (S\u00fc\u00dfmandel) \u00d6l, Simmondsia Chinensis (Jojoba) Samen\u00f6l, Lavandula Angustifolia (Lavendel) \u00d6l, Linalool, Limonene.<\/li>\n<\/ul>\n<\/div>\n<ul>\n<li><strong>Eine Schachtel aus rosa Wellpappe <\/strong>mit den Ma\u00dfen 30 x 21.5 x 5 cm<\/li>\n<li><strong>Eine YllBox-Gru\u00dfkarte<\/strong>, die automatisch in der Sprache der Website, die Sie bei der Bestellung verwendet haben, verfasst wird.<\/li>\n<\/ul>\n<p>Ein au\u00dfergew\u00f6hnliches Geschenkset, das entworfen wurde, um eine Geburt mit Eleganz, Z\u00e4rtlichkeit und Vornehmheit zu ehren.<\/p>\n","protected":false},"excerpt":{"rendered":"<p>Dieses <strong>10-teilige<\/strong> Babyset wurde entworfen, um Neugeborene von 0 bis 3 Monaten mit Sanftheit, Sorgfalt und Raffinesse zu begleiten. Es enth\u00e4lt eine Auswahl an Kleidungsst\u00fccken und Accessoires, die haupts\u00e4chlich aus biologischer Baumwolle hergestellt werden, erg\u00e4nzt durch Elemente zur F\u00f6rderung und zum Wohlbefinden, die sorgf\u00e4ltig aufgrund ihrer Qualit\u00e4t und Feinheit ausgew\u00e4hlt wurden. Es wird in einer eleganten blauen Wellpappeschachtel pr\u00e4sentiert und ist ein wertvolles, harmonisches und unvergessliches Geschenk.<\/p>\n","protected":false},"featured_media":1624,"comment_status":"closed","ping_status":"closed","template":"","meta":[],"product_brand":[],"product_cat":[64,70],"product_tag":[],"class_list":{"0":"post-1620","1":"product","2":"type-product","3":"status-publish","4":"has-post-thumbnail","6":"product_cat-baby-geburtsset","7":"product_cat-madchen","8":"product_shipping_class-standardpaket","10":"first","11":"instock","12":"shipping-taxable","13":"purchasable","14":"product-type-simple"},"jetpack_sharing_enabled":true,"_links":{"self":[{"href":"https:\/\/yllbox.ch\/de\/wp-json\/wp\/v2\/product\/1620","targetHints":{"allow":["GET"]}}],"collection":[{"href":"https:\/\/yllbox.ch\/de\/wp-json\/wp\/v2\/product"}],"about":[{"href":"https:\/\/yllbox.ch\/de\/wp-json\/wp\/v2\/types\/product"}],"replies":[{"embeddable":true,"href":"https:\/\/yllbox.ch\/de\/wp-json\/wp\/v2\/comments?post=1620"}],"wp:featuredmedia":[{"embeddable":true,"href":"https:\/\/yllbox.ch\/de\/wp-json\/wp\/v2\/media\/1624"}],"wp:attachment":[{"href":"https:\/\/yllbox.ch\/de\/wp-json\/wp\/v2\/media?parent=1620"}],"wp:term":[{"taxonomy":"product_brand","embeddable":true,"href":"https:\/\/yllbox.ch\/de\/wp-json\/wp\/v2\/product_brand?post=1620"},{"taxonomy":"product_cat","embeddable":true,"href":"https:\/\/yllbox.ch\/de\/wp-json\/wp\/v2\/product_cat?post=1620"},{"taxonomy":"product_tag","embeddable":true,"href":"https:\/\/yllbox.ch\/de\/wp-json\/wp\/v2\/product_tag?post=1620"}],"curies":[{"name":"wp","href":"https:\/\/api.w.org\/{rel}","templated":true}]}}