{"id":1635,"date":"2026-02-14T12:18:22","date_gmt":"2026-02-14T12:18:22","guid":{"rendered":"https:\/\/yllbox.ch\/produit\/essential-box-alina-kollektion\/"},"modified":"2026-04-18T19:35:08","modified_gmt":"2026-04-18T19:35:08","slug":"essential-box-alina-kollektion","status":"publish","type":"product","link":"https:\/\/yllbox.ch\/de\/produit\/essential-box-alina-kollektion\/","title":{"rendered":"Essentials-Set, Kollektion Alina"},"content":{"rendered":"<p>Dieses <strong data-start=\"154\" data-end=\"166\">7-teilige<\/strong> Geburtsset wurde entworfen, um Neugeborenen im Alter von 0 bis 3 Monaten einen Moment der absoluten Z\u00e4rtlichkeit zu schenken. Es besteht aus einer Auswahl von Artikeln, die aus <strong data-start=\"318\" data-end=\"347\">100% nat\u00fcrlichen Materialien<\/strong> hergestellt und sorgf\u00e4ltig aufgrund ihrer Qualit\u00e4t und ihres zarten Designs ausgew\u00e4hlt und von Hand in einer wundersch\u00f6nen Geschenkbox verpackt wurden, um dieses Geschenk zu einer unvergesslichen Erinnerung zu machen.<\/p>\n<div>Die Box enth\u00e4lt :<\/div>\n<ul>\n<li><strong>Set aus 100% Baumwolle &#8211; Elegante Jacke und raffiniertes H\u00f6schen<\/strong>, entworfen f\u00fcr optimalen Komfort, nat\u00fcrliche Bewegungsfreiheit und zeitlosen Stil, ideal f\u00fcr den t\u00e4glichen Gebrauch mit Ihrem Baby.<\/li>\n<li><strong>Ein Musselin-Quadrat aus 100 % Baumwolle<\/strong>, weich, funktionell und in eleganten Farben, perfekt f\u00fcr den t\u00e4glichen Gebrauch mit Ihrem Baby. Sie haben eine Universalgr\u00f6\u00dfe (65 \u00d7 65 cm) und werden in Polen hergestellt, um Qualit\u00e4t und Zweckm\u00e4\u00dfigkeit zu kombinieren.<\/li>\n<li>Handgefertigte <strong>Schnullerkette aus beigem<\/strong> Cord mit einem Clip aus Naturholz, mit dem der Schnuller leicht an der Kleidung oder dem L\u00e4tzchen befestigt werden kann. Praktisch, elegant und weich, verhindert Verluste und verleiht dem Alltag Ihres Babys eine raffinierte Note.<\/li>\n<li>Hellvioletter sensorischer <strong>Bei\u00dfring<\/strong> aus biologischer Baumwolle mit einem Ring aus Buchenholz, um das Zahnfleisch des Babys zu beruhigen. Er ist leicht und verspielt, stimuliert die Sinne und ist eine sch\u00f6ne Geschenkidee ab der Geburt.<\/li>\n<li><strong>Ein Karton aus Wellpappe<\/strong> mit den Ma\u00dfen 30 x 21,5 x 5 cm<\/li>\n<li><strong>Eine YllBox-Gru\u00dfkarte<\/strong>, die automatisch in der Sprache der Website, die Sie bei der Bestellung verwendet haben, verfasst wird.<\/li>\n<\/ul>\n<p>Ein au\u00dfergew\u00f6hnliches Geschenkset, das entworfen wurde, um eine Geburt mit Eleganz, Z\u00e4rtlichkeit und Vornehmheit zu ehren.<\/p>\n","protected":false},"excerpt":{"rendered":"<p>Dieses <strong data-start=\"154\" data-end=\"166\">7-teilige<\/strong> Geburtsset wurde entworfen, um <strong data-start=\"226\" data-end=\"255\">Neugeborenen von 0 bis 3 Monaten<\/strong> einen Moment der absoluten Z\u00e4rtlichkeit zu schenken. Es besteht aus einer Auswahl von Artikeln, die aus <strong data-start=\"318\" data-end=\"347\">100% nat\u00fcrlichen Materialien<\/strong> hergestellt und sorgf\u00e4ltig aufgrund ihrer Qualit\u00e4t und ihres zarten Designs ausgew\u00e4hlt und von Hand in einer wundersch\u00f6nen Geschenkbox verpackt wurden, um dieses Geschenk zu einer unvergesslichen Erinnerung zu machen.<\/p>\n","protected":false},"featured_media":1639,"comment_status":"closed","ping_status":"closed","template":"","meta":[],"product_brand":[],"product_cat":[64,70],"product_tag":[],"class_list":{"0":"post-1635","1":"product","2":"type-product","3":"status-publish","4":"has-post-thumbnail","6":"product_cat-baby-geburtsset","7":"product_cat-madchen","8":"product_shipping_class-standardpaket","10":"first","11":"instock","12":"shipping-taxable","13":"purchasable","14":"product-type-simple"},"jetpack_sharing_enabled":true,"_links":{"self":[{"href":"https:\/\/yllbox.ch\/de\/wp-json\/wp\/v2\/product\/1635","targetHints":{"allow":["GET"]}}],"collection":[{"href":"https:\/\/yllbox.ch\/de\/wp-json\/wp\/v2\/product"}],"about":[{"href":"https:\/\/yllbox.ch\/de\/wp-json\/wp\/v2\/types\/product"}],"replies":[{"embeddable":true,"href":"https:\/\/yllbox.ch\/de\/wp-json\/wp\/v2\/comments?post=1635"}],"wp:featuredmedia":[{"embeddable":true,"href":"https:\/\/yllbox.ch\/de\/wp-json\/wp\/v2\/media\/1639"}],"wp:attachment":[{"href":"https:\/\/yllbox.ch\/de\/wp-json\/wp\/v2\/media?parent=1635"}],"wp:term":[{"taxonomy":"product_brand","embeddable":true,"href":"https:\/\/yllbox.ch\/de\/wp-json\/wp\/v2\/product_brand?post=1635"},{"taxonomy":"product_cat","embeddable":true,"href":"https:\/\/yllbox.ch\/de\/wp-json\/wp\/v2\/product_cat?post=1635"},{"taxonomy":"product_tag","embeddable":true,"href":"https:\/\/yllbox.ch\/de\/wp-json\/wp\/v2\/product_tag?post=1635"}],"curies":[{"name":"wp","href":"https:\/\/api.w.org\/{rel}","templated":true}]}}