{"id":1642,"date":"2026-02-14T14:12:33","date_gmt":"2026-02-14T14:12:33","guid":{"rendered":"https:\/\/yllbox.ch\/produit\/signature-box-oscar-kollektion\/"},"modified":"2026-04-19T19:35:20","modified_gmt":"2026-04-19T19:35:20","slug":"signature-box-oscar-kollektion","status":"publish","type":"product","link":"https:\/\/yllbox.ch\/de\/produit\/signature-box-oscar-kollektion\/","title":{"rendered":"Signature-Set, Kollektion Oscar"},"content":{"rendered":"<p>Dieses <strong data-start=\"136\" data-end=\"148\">8-teilige<\/strong> Geschenkset zur Geburt enth\u00e4lt eine erlesene Auswahl an Kleidung, Accessoires, Spielzeugen und einem ikonischen Spielzeug, die sorgf\u00e4ltig ausgew\u00e4hlt wurden, um Ihr Baby von Geburt an mit Sanftheit und Eleganz zu begleiten. In einer hochwertigen Geschenkbox verpackt, ist es ein wertvolles und unvergessliches Geschenk.<\/p>\n<div>Die Box enth\u00e4lt :<\/div>\n<ul>\n<li><strong>ein Babyspielzeug aus 100% Naturkautschuk &#8211; Sophie die Giraffe<\/strong>, das entwickelt wurde, um die Sinne zu stimulieren und das Zahnfleisch zu beruhigen, wenn die ersten Z\u00e4hne kommen. Mit ihren langen Beinen und dem Hals ist sie leicht und einfach zu greifen und eignet sich perfekt f\u00fcr kleine H\u00e4nde ab der Geburt. Er wurde mit Lebensmittelfarbe bemalt und ist f\u00fcr das Baby absolut sicher. Gr\u00f6\u00dfe: 18cm<\/li>\n<li><strong>Ein weicher Strickanzug <\/strong>aus 50% Baumwolle und 50% Modal, der W\u00e4rme, Komfort und Bewegungsfreiheit bietet. Mit Kn\u00f6pfen auf der Vorderseite und im Schritt f\u00fcr ein einfaches Anziehen, umh\u00fcllt er Ihr Baby von Anfang an mit Eleganz und Z\u00e4rtlichkeit.<\/li>\n<li><strong>Eine fein gestrickte M\u00fctze<\/strong>aus 50% Baumwolle und 50% Modal, dehnbar und bequem. Sie h\u00e4lt den Kopf des Babys warm, ist weich und atmungsaktiv und bietet eine perfekte Passform f\u00fcr den Alltag.<\/li>\n<li><strong>Eine Strickdecke<\/strong> aus 50% Baumwolle und 50% Modal, die sich weich und angenehm anf\u00fchlt. Sie ist ideal f\u00fcr Ruhepausen oder Ausfl\u00fcge, spendet W\u00e4rme und Trost und schont die empfindliche Haut des Babys.<\/li>\n<li><strong>Ein Paar<\/strong> weicher <strong>Hausschuhe<\/strong> aus 50% Baumwolle und 50% Modal, die dazu gedacht sind, kleine F\u00fc\u00dfe warm zu halten. Sie sind leicht und einfach anzuziehen und vervollst\u00e4ndigen das Gesamtbild mit einer sorgf\u00e4ltigen und harmonischen Verarbeitung.<\/li>\n<li><strong>Ein Schnullerhalter aus Musselin<\/strong> mit Holzclip, weich, atmungsaktiv und sicher f\u00fcr die empfindliche Haut Ihres Babys. Praktisch und raffiniert, h\u00e4lt er den Schnuller oder Bei\u00dfring den ganzen Tag lang in Reichweite.<\/li>\n<li><strong>Ein hochwertiger Geschenkkarton <\/strong>mit Magnetverschluss und elegantem Satinband in den Ma\u00dfen 31,5 \u00d7 26,5 \u00d7 9 cm<\/li>\n<li><strong>Eine YllBox-Gru\u00dfkarte<\/strong>, die automatisch in der Sprache der Website, die Sie bei der Bestellung verwendet haben, verfasst wird.<\/li>\n<\/ul>\n<p>Ein au\u00dfergew\u00f6hnliches Geschenkset, das entworfen wurde, um eine Geburt mit Eleganz, Z\u00e4rtlichkeit und Vornehmheit zu ehren.<\/p>\n","protected":false},"excerpt":{"rendered":"<p>Dieses <strong data-start=\"136\" data-end=\"148\">8-teilige<\/strong> Geschenkset zur Geburt enth\u00e4lt eine erlesene Auswahl an Kleidung, Accessoires, Spielzeugen und einem ikonischen Spielzeug, die sorgf\u00e4ltig ausgew\u00e4hlt wurden, um Ihr Baby von Geburt an mit Sanftheit und Eleganz zu begleiten. In einer hochwertigen Geschenkbox verpackt, ist es ein wertvolles und unvergessliches Geschenk.<\/p>\n","protected":false},"featured_media":1650,"comment_status":"closed","ping_status":"closed","template":"","meta":[],"product_brand":[],"product_cat":[64,69],"product_tag":[],"class_list":{"0":"post-1642","1":"product","2":"type-product","3":"status-publish","4":"has-post-thumbnail","6":"product_cat-baby-geburtsset","7":"product_cat-junge","8":"product_shipping_class-standardpaket","10":"first","11":"instock","12":"shipping-taxable","13":"purchasable","14":"product-type-simple"},"jetpack_sharing_enabled":true,"_links":{"self":[{"href":"https:\/\/yllbox.ch\/de\/wp-json\/wp\/v2\/product\/1642","targetHints":{"allow":["GET"]}}],"collection":[{"href":"https:\/\/yllbox.ch\/de\/wp-json\/wp\/v2\/product"}],"about":[{"href":"https:\/\/yllbox.ch\/de\/wp-json\/wp\/v2\/types\/product"}],"replies":[{"embeddable":true,"href":"https:\/\/yllbox.ch\/de\/wp-json\/wp\/v2\/comments?post=1642"}],"wp:featuredmedia":[{"embeddable":true,"href":"https:\/\/yllbox.ch\/de\/wp-json\/wp\/v2\/media\/1650"}],"wp:attachment":[{"href":"https:\/\/yllbox.ch\/de\/wp-json\/wp\/v2\/media?parent=1642"}],"wp:term":[{"taxonomy":"product_brand","embeddable":true,"href":"https:\/\/yllbox.ch\/de\/wp-json\/wp\/v2\/product_brand?post=1642"},{"taxonomy":"product_cat","embeddable":true,"href":"https:\/\/yllbox.ch\/de\/wp-json\/wp\/v2\/product_cat?post=1642"},{"taxonomy":"product_tag","embeddable":true,"href":"https:\/\/yllbox.ch\/de\/wp-json\/wp\/v2\/product_tag?post=1642"}],"curies":[{"name":"wp","href":"https:\/\/api.w.org\/{rel}","templated":true}]}}