{"id":1654,"date":"2026-02-14T10:23:02","date_gmt":"2026-02-14T10:23:02","guid":{"rendered":"https:\/\/yllbox.ch\/produit\/elegance-box-lina-kollektion\/"},"modified":"2026-04-18T19:35:09","modified_gmt":"2026-04-18T19:35:09","slug":"elegance-box-lina-kollektion","status":"publish","type":"product","link":"https:\/\/yllbox.ch\/de\/produit\/elegance-box-lina-kollektion\/","title":{"rendered":"Eleganz-Set, Kollektion Lina"},"content":{"rendered":"<p>Dieses Geburtsset besteht aus <strong>6 Teilen<\/strong> und wurde entworfen, um Neugeborenen im Alter von 0 bis 3 Monaten einen Moment der absoluten Z\u00e4rtlichkeit zu schenken. Jedes Teil wurde sorgf\u00e4ltig nach Qualit\u00e4t und zartem Design ausgew\u00e4hlt und von Hand in einer wundersch\u00f6nen Geschenkbox verpackt, die dieses Geschenk zu einem unvergesslichen Erlebnis macht.<\/p>\n<div>Die Box enth\u00e4lt :<\/div>\n<div>\n<ul>\n<li><strong>Ein lilafarbener Baby-Mantel<\/strong>, der so entworfen wurde, dass er eine bequeme und sichere Passform bietet und gleichzeitig die Bewegungsfreiheit des Babys unterst\u00fctzt. Er ist praktisch, pflegeleicht und angenehm zu tragen und besteht aus Acryl.<\/li>\n<li><strong>Ein Schnullerhalter aus Musselin<\/strong> mit Holzclip, weich, atmungsaktiv und sicher f\u00fcr die empfindliche Haut Ihres Babys. Praktisch und raffiniert, h\u00e4lt er den Schnuller oder Bei\u00dfring den ganzen Tag lang in Reichweite.<\/li>\n<li><strong>Ein<\/strong> superweiches und tr\u00f6stliches <strong>Kaninchen-Pl\u00fcschtier aus biologischer Baumwolle<\/strong>, das entwickelt wurde, um die Sinne des Babys von Geburt an zu stimulieren. Es wird verantwortungsvoll aus nachhaltigen Materialien hergestellt und f\u00f6rdert die Sinneswahrnehmung und die emotionale Bindung im Alltag.<\/li>\n<li><strong>Ein<\/strong> handgefertigter <strong>Bei\u00dfring<\/strong> aus babyfreundlichen Silikonperlen und einem Stern aus Buchenholz, der entwickelt wurde, um die Schmerzen beim Zahnen zu lindern. Er ist sicher, nat\u00fcrlich und angenehm zu kauen und begleitet Ihr Baby auf sanfte Weise.<\/li>\n<li><strong>Eine Schachtel aus rosa Wellpappe<\/strong> mit den Ma\u00dfen 30 x 21.5 x 5 cm<\/li>\n<li><strong>Eine YllBox-Gru\u00dfkarte<\/strong>, die automatisch in der Sprache der Website, die Sie bei der Bestellung verwendet haben, verfasst wird.<\/li>\n<\/ul>\n<\/div>\n<p>Ein au\u00dfergew\u00f6hnliches Geschenkset, das entworfen wurde, um eine Geburt mit Eleganz, Z\u00e4rtlichkeit und Vornehmheit zu ehren.<\/p>\n","protected":false},"excerpt":{"rendered":"<p>Dieses Geburtsset besteht aus <strong>6 Teilen<\/strong> und wurde entworfen, um Neugeborenen im Alter von 0 bis 3 Monaten einen Moment der absoluten Z\u00e4rtlichkeit zu schenken. Jedes Teil wurde sorgf\u00e4ltig nach Qualit\u00e4t und zartem Design ausgew\u00e4hlt und von Hand in einer wundersch\u00f6nen Geschenkbox verpackt, die dieses Geschenk zu einem unvergesslichen Erlebnis macht.<\/p>\n","protected":false},"featured_media":1660,"comment_status":"closed","ping_status":"closed","template":"","meta":[],"product_brand":[],"product_cat":[64,70],"product_tag":[],"class_list":{"0":"post-1654","1":"product","2":"type-product","3":"status-publish","4":"has-post-thumbnail","6":"product_cat-baby-geburtsset","7":"product_cat-madchen","8":"product_shipping_class-standardpaket","10":"first","11":"instock","12":"shipping-taxable","13":"purchasable","14":"product-type-simple"},"jetpack_sharing_enabled":true,"_links":{"self":[{"href":"https:\/\/yllbox.ch\/de\/wp-json\/wp\/v2\/product\/1654","targetHints":{"allow":["GET"]}}],"collection":[{"href":"https:\/\/yllbox.ch\/de\/wp-json\/wp\/v2\/product"}],"about":[{"href":"https:\/\/yllbox.ch\/de\/wp-json\/wp\/v2\/types\/product"}],"replies":[{"embeddable":true,"href":"https:\/\/yllbox.ch\/de\/wp-json\/wp\/v2\/comments?post=1654"}],"wp:featuredmedia":[{"embeddable":true,"href":"https:\/\/yllbox.ch\/de\/wp-json\/wp\/v2\/media\/1660"}],"wp:attachment":[{"href":"https:\/\/yllbox.ch\/de\/wp-json\/wp\/v2\/media?parent=1654"}],"wp:term":[{"taxonomy":"product_brand","embeddable":true,"href":"https:\/\/yllbox.ch\/de\/wp-json\/wp\/v2\/product_brand?post=1654"},{"taxonomy":"product_cat","embeddable":true,"href":"https:\/\/yllbox.ch\/de\/wp-json\/wp\/v2\/product_cat?post=1654"},{"taxonomy":"product_tag","embeddable":true,"href":"https:\/\/yllbox.ch\/de\/wp-json\/wp\/v2\/product_tag?post=1654"}],"curies":[{"name":"wp","href":"https:\/\/api.w.org\/{rel}","templated":true}]}}