{"id":1668,"date":"2026-02-15T20:17:48","date_gmt":"2026-02-15T20:17:48","guid":{"rendered":"https:\/\/yllbox.ch\/produit\/geschenkbox-prestige-eden-collection\/"},"modified":"2026-04-18T19:35:06","modified_gmt":"2026-04-18T19:35:06","slug":"geschenkbox-prestige-eden-collection","status":"publish","type":"product","link":"https:\/\/yllbox.ch\/de\/produit\/geschenkbox-prestige-eden-collection\/","title":{"rendered":"Prestige-Set, Kollektion Eden"},"content":{"rendered":"<p data-start=\"78\" data-end=\"391\">Dieses <strong>9-teilige<\/strong> Babyset wurde entworfen, um dem Baby von Geburt an einen sanften Kokon zu bieten. Es enth\u00e4lt sorgf\u00e4ltig ausgew\u00e4hlte Accessoires zur Beruhigung, nat\u00fcrlichen Pflege und F\u00f6rderung der Sinne, die in einer eleganten Naturholzschachtel verpackt sind.<\/p>\n<div>Die Box enth\u00e4lt :<\/div>\n<ul>\n<li><strong>Eine silberfarbene, gestrickte Babydecke<\/strong> aus Bambusviskose und Baumwolle, die unglaublich weich und bequem ist und ein elegantes Strickmuster hat. Sie ist ideal, um Ihr Baby jeden Tag einzuwickeln und vereint W\u00e4rme, Atmungsaktivit\u00e4t und zeitlosen Stil.<\/li>\n<li><strong>Ein<\/strong> handgefertigter <strong>Bei\u00dfring<\/strong> aus babyfreundlichen Silikonperlen und einem Stern aus Buchenholz, der entwickelt wurde, um die Schmerzen beim Zahnen zu lindern. Er ist sicher, nat\u00fcrlich und angenehm zu kauen und begleitet Ihr Baby auf sanfte Weise.<\/li>\n<li><strong>Eine<\/strong> handgefertigte <strong>Schnullerkette<\/strong> aus beigem Cord mit einem Clip aus Naturholz, um den Schnuller einfach an der Kleidung oder dem L\u00e4tzchen zu befestigen. Praktisch, elegant und weich, verhindert Verluste und verleiht dem Alltag Ihres Babys einen Hauch von Raffinesse.<\/li>\n<li><strong>Ein Bade- und Massage\u00f6l f\u00fcr Babys<\/strong>, das ideal f\u00fcr entspannende Momente ist und die zarte Haut von Geburt an beruhigt und n\u00e4hrt. Seine Mischung aus Lavendel, Kamille und Avocado bietet ein entspannendes Erlebnis, perfekt f\u00fcr ein Bad oder eine Massage.Inhaltsstoffe: Prunus Amygdalus Dulcis \u00d6l (S\u00fc\u00dfmandel), Simmondsia Chinensis Samen\u00f6l (Jojoba), Lavandula Angustifolia \u00d6l (Lavendel), Linalool, Limonene.<\/li>\n<li><strong>Ein 100% nat\u00fcrlicher Babybalsam<\/strong> auf der Basis von Sheabutter und Kokosnuss\u00f6l, der empfindliche Haut von Geburt an mit Feuchtigkeit versorgt, n\u00e4hrt und beruhigt. Er ist frei von Chemikalien, Duft- und Farbstoffen und ideal f\u00fcr trockene Stellen, kleine Reizungen und allt\u00e4gliche Beschwerden.<br \/>\nInhaltsstoffe: Butyrospermum Parkii Butter (Shea Butter), Prunus Amygdalus Dulcis \u00d6l (S\u00fc\u00dfmandel), Simmondsia Chinensis Samen\u00f6l (Jojoba)<\/li>\n<li>Dieses weiche und tr\u00f6stliche <strong>Rasselspielzeug<\/strong> aus biologischer Baumwolle wurde entwickelt, um die sensorischen F\u00e4higkeiten des Babys von Geburt an mit seinem leichten Rasselger\u00e4usch zu stimulieren. Mit einer H\u00f6he von 22 cm begleitet es die ersten Spiel- und Kuschelmomente auf sanfte Weise.<\/li>\n<li><strong>Ein personalisiertes h\u00f6lzernes Medaillon. <\/strong>Dieses kreisf\u00f6rmige Medaillon ist auf Naturholz graviert und zeigt den Namen des Kindes mit einer s\u00fc\u00dfen und inspirierenden Botschaft.<\/li>\n<li><strong>Eine Geschenkschachtel aus Naturholz<\/strong> mit den Ma\u00dfen 27 x 18,5 x 13 cm<\/li>\n<li><strong>Eine YllBox-Gru\u00dfkarte<\/strong>, die automatisch in der Sprache der Website, die Sie bei der Bestellung verwendet haben, verfasst wird.<\/li>\n<\/ul>\n<p>Ein sch\u00f6nes, n\u00fctzliches und liebevolles Geschenk, mit dem Sie Ihr Baby sanft und liebevoll durch die Monate begleiten k\u00f6nnen.<\/p>\n","protected":false},"excerpt":{"rendered":"<p data-start=\"78\" data-end=\"391\">Dieses <strong>9-teilige<\/strong> Babyset wurde entworfen, um dem Baby von Geburt an einen sanften Kokon zu bieten. Es enth\u00e4lt sorgf\u00e4ltig ausgew\u00e4hlte Accessoires zur Beruhigung, nat\u00fcrlichen Pflege und F\u00f6rderung der Sinne, die in einer eleganten Schachtel aus nat\u00fcrlichem Holz verpackt sind.<\/p>\n","protected":false},"featured_media":1670,"comment_status":"closed","ping_status":"closed","template":"","meta":[],"product_brand":[],"product_cat":[64,69,70],"product_tag":[],"class_list":{"0":"post-1668","1":"product","2":"type-product","3":"status-publish","4":"has-post-thumbnail","6":"product_cat-baby-geburtsset","7":"product_cat-junge","8":"product_cat-madchen","9":"product_shipping_class-standardpaket","11":"first","12":"instock","13":"shipping-taxable","14":"purchasable","15":"product-type-simple"},"jetpack_sharing_enabled":true,"_links":{"self":[{"href":"https:\/\/yllbox.ch\/de\/wp-json\/wp\/v2\/product\/1668","targetHints":{"allow":["GET"]}}],"collection":[{"href":"https:\/\/yllbox.ch\/de\/wp-json\/wp\/v2\/product"}],"about":[{"href":"https:\/\/yllbox.ch\/de\/wp-json\/wp\/v2\/types\/product"}],"replies":[{"embeddable":true,"href":"https:\/\/yllbox.ch\/de\/wp-json\/wp\/v2\/comments?post=1668"}],"wp:featuredmedia":[{"embeddable":true,"href":"https:\/\/yllbox.ch\/de\/wp-json\/wp\/v2\/media\/1670"}],"wp:attachment":[{"href":"https:\/\/yllbox.ch\/de\/wp-json\/wp\/v2\/media?parent=1668"}],"wp:term":[{"taxonomy":"product_brand","embeddable":true,"href":"https:\/\/yllbox.ch\/de\/wp-json\/wp\/v2\/product_brand?post=1668"},{"taxonomy":"product_cat","embeddable":true,"href":"https:\/\/yllbox.ch\/de\/wp-json\/wp\/v2\/product_cat?post=1668"},{"taxonomy":"product_tag","embeddable":true,"href":"https:\/\/yllbox.ch\/de\/wp-json\/wp\/v2\/product_tag?post=1668"}],"curies":[{"name":"wp","href":"https:\/\/api.w.org\/{rel}","templated":true}]}}