{"id":1695,"date":"2026-02-01T17:03:56","date_gmt":"2026-02-01T17:03:56","guid":{"rendered":"https:\/\/yllbox.ch\/produit\/prestige-box-luis-kollektion\/"},"modified":"2026-02-01T17:03:56","modified_gmt":"2026-02-01T17:03:56","slug":"prestige-box-luis-kollektion","status":"publish","type":"product","link":"https:\/\/yllbox.ch\/de\/produit\/prestige-box-luis-kollektion\/","title":{"rendered":"Prestige Box &#8211; Luis-Kollektion"},"content":{"rendered":"<p data-start=\"120\" data-end=\"443\">Ein Geschenkset f\u00fcr Babys, sorgf\u00e4ltig ausgew\u00e4hlt und von Hand in einem eleganten Geschenkkarton verpackt. Entworfen f\u00fcr Neugeborene von 0 bis 3 Monaten, zelebriert es die Sanftheit der ersten Momente durch sorgf\u00e4ltig ausgew\u00e4hlte Materialien und eine zarte Welt, die f\u00fcr den Komfort und die Entwicklung des Babys gedacht ist. <\/p>\n<p data-start=\"597\" data-end=\"890\">Die Box enth\u00e4lt :<\/p>\n<ul>\n<li><strong>Ein Set<\/strong> aus <strong>B\u00fcrste und Kamm<\/strong> f\u00fcr Neugeborene aus Buchenholz und Naturwolle, ideal f\u00fcr die schonende Pflege von Babyhaar<\/li>\n<li><strong>Ein Set zum Erwachen und Zahnen<\/strong>, bestehend aus einer Schnullerkette aus weichem Silikon, einer geh\u00e4kelten Baumwollrassel mit sanftem Klingeln und einem Bei\u00dfring mit Elementen aus Naturholz. Es wurde entwickelt, um die Sinne zu stimulieren und das Zahnen zu lindern, und verbindet Weichheit, Sicherheit und nat\u00fcrliches Design. <\/li>\n<li><strong>Ein<\/strong> leichter und flexibler <strong>Motorikball<\/strong> aus Silikon in B\u00e4renform, der entwickelt wurde, um das Greifen und die sensorische Entwicklung des Babys zu stimulieren. Sicher, BPA-frei und leicht zu greifen, begleitet er Ihr Baby von den ersten Monaten an, auch w\u00e4hrend des Zahnens. <\/li>\n<li><strong>ein Teddyb\u00e4r-Spielzeug<\/strong> aus weichem Strickmaterial, das aus ethischen Gr\u00fcnden beschafft wurde. Er f\u00f6rdert die sensorische Entwicklung und begleitet das Baby bei seinen ruhigen und kuscheligen Momenten. <\/li>\n<li><strong>Eine<\/strong> eisblaue <strong>Wickeldecke<\/strong> aus biologischer Baumwolle, die entwickelt wurde, um dem Baby ein Gef\u00fchl der Sicherheit und des Komforts zu geben, das an den Bauch der Mutter erinnert und einen ruhigen Schlaf f\u00f6rdert. Die Decke ist weich, atmungsaktiv und GOTS-zertifiziert und ist ideal f\u00fcr Babys ab der Geburt. <\/li>\n<li><strong>Ein Body aus biologischer Baumwolle<\/strong> mit \u00fcberlappenden Schultern und festen Druckkn\u00f6pfen im Schritt f\u00fcr ein einfaches Anziehen und Wickeln. Weich, praktisch und maschinenwaschbar, ideal f\u00fcr den Alltag mit Ihrem Baby. <\/li>\n<li><strong>Ein <\/strong>blaues gestricktes <strong>Baby-L\u00e4tzchen <\/strong>aus biologischer Baumwolle, ultraweich und saugf\u00e4hig, mit verstellbarer Gr\u00f6\u00dfe f\u00fcr optimalen Komfort beim Zahnen. Es wurde sorgf\u00e4ltig aus GOTS-zertifizierter Baumwolle hergestellt und vereint Praktikabilit\u00e4t, Stil und \u00f6kologische Verantwortung. <\/li>\n<li><strong>Eine Holzkiste<\/strong> 27&#215;18.5&#215;13 cm<\/li>\n<\/ul>\n<p>Ein raffiniertes und poetisches Geschenkset, das entworfen wurde, um eine Geburt mit Sanftheit, Emotion und Eleganz zu feiern.<\/p>\n","protected":false},"excerpt":{"rendered":"<p>Ein Geschenkset f\u00fcr Babys, sorgf\u00e4ltig ausgew\u00e4hlt und von Hand in einem eleganten Geschenkkarton verpackt. F\u00fcr Neugeborene von 0 bis 3 Monaten entworfen, zelebriert es die Sanftheit der ersten Momente durch sorgf\u00e4ltig ausgew\u00e4hlte Materialien und eine zarte Welt, die f\u00fcr den Komfort und die Entwicklung des Babys gedacht ist. <\/p>\n","protected":false},"featured_media":1123,"comment_status":"closed","ping_status":"closed","template":"","meta":[],"product_brand":[],"product_cat":[64],"product_tag":[],"class_list":{"0":"post-1695","1":"product","2":"type-product","3":"status-publish","4":"has-post-thumbnail","6":"product_cat-baby-geburtsset","7":"product_shipping_class-standardpaket","9":"first","10":"instock","11":"shipping-taxable","12":"purchasable","13":"product-type-simple"},"jetpack_sharing_enabled":true,"_links":{"self":[{"href":"https:\/\/yllbox.ch\/de\/wp-json\/wp\/v2\/product\/1695","targetHints":{"allow":["GET"]}}],"collection":[{"href":"https:\/\/yllbox.ch\/de\/wp-json\/wp\/v2\/product"}],"about":[{"href":"https:\/\/yllbox.ch\/de\/wp-json\/wp\/v2\/types\/product"}],"replies":[{"embeddable":true,"href":"https:\/\/yllbox.ch\/de\/wp-json\/wp\/v2\/comments?post=1695"}],"wp:featuredmedia":[{"embeddable":true,"href":"https:\/\/yllbox.ch\/de\/wp-json\/wp\/v2\/media\/1123"}],"wp:attachment":[{"href":"https:\/\/yllbox.ch\/de\/wp-json\/wp\/v2\/media?parent=1695"}],"wp:term":[{"taxonomy":"product_brand","embeddable":true,"href":"https:\/\/yllbox.ch\/de\/wp-json\/wp\/v2\/product_brand?post=1695"},{"taxonomy":"product_cat","embeddable":true,"href":"https:\/\/yllbox.ch\/de\/wp-json\/wp\/v2\/product_cat?post=1695"},{"taxonomy":"product_tag","embeddable":true,"href":"https:\/\/yllbox.ch\/de\/wp-json\/wp\/v2\/product_tag?post=1695"}],"curies":[{"name":"wp","href":"https:\/\/api.w.org\/{rel}","templated":true}]}}